{"id":16076,"date":"2025-07-03T13:00:49","date_gmt":"2025-07-03T13:00:49","guid":{"rendered":"https:\/\/il-tec.com\/?post_type=product&#038;p=16076"},"modified":"2026-03-13T15:09:49","modified_gmt":"2026-03-13T15:09:49","slug":"cartuchos-de-filtro","status":"publish","type":"product","link":"https:\/\/il-tec.com\/pt-br\/sistemas-de-filtragem\/cartuchos-de-filtro\/","title":{"rendered":"Cartuchos de filtro"},"content":{"rendered":"<p>Est\u00e3o dispon\u00edveis em v\u00e1rios modelos e n\u00edveis de filtragem para atender a todas as suas necessidades.<\/p>\n<p><strong>Cartuchos Descart\u00e1veis \u200b\u200bde Polipropileno Lite<\/strong><br \/>\nNossos cartuchos descart\u00e1veis \u200b\u200bde polipropileno oferecem filtragem confi\u00e1vel, com veda\u00e7\u00f5es superior e inferior para uma veda\u00e7\u00e3o segura.<\/p>\n<p>Dispon\u00edveis em 1, 5 e 10 m\u00edcrons para diferentes necessidades, garantindo resultados precisos e consistentes.<\/p>\n<p><strong>Cartuchos Descart\u00e1veis \u200b\u200bde Polipropileno Pro<\/strong><br \/>\nNossos cartuchos descart\u00e1veis \u200b\u200bde polipropileno Pro oferecem filtragem confi\u00e1vel, com an\u00e9is de veda\u00e7\u00e3o duplos para uma veda\u00e7\u00e3o segura.<\/p>\n<p>Dispon\u00edveis em 0,45, 1, 5 e 10 m\u00edcrons para diferentes necessidades, garantem resultados precisos e consistentes.<\/p>\n<p><strong>Cartuchos Reutiliz\u00e1veis \u200b\u200bde A\u00e7o Inoxid\u00e1vel Pro<\/strong><br \/>\nNossos cartuchos reutiliz\u00e1veis \u200b\u200bde a\u00e7o inoxid\u00e1vel garantem filtragem confi\u00e1vel,<br \/>\ncom an\u00e9is de veda\u00e7\u00e3o duplos para uma veda\u00e7\u00e3o segura.<\/p>\n<p>Dispon\u00edveis em 5, 10 e 50 m\u00edcrons, oferecem resultados precisos e consistentes.<\/p>\n","protected":false},"excerpt":{"rendered":"<p>Disponibili in vari modelli e gradi di filtrazione per ogni esigenza.<\/p>\n","protected":false},"featured_media":15417,"template":"","meta":{"_acf_changed":false,"site-sidebar-layout":"default","site-content-layout":"","ast-site-content-layout":"default","site-content-style":"default","site-sidebar-style":"default","ast-global-header-display":"","ast-banner-title-visibility":"","ast-main-header-display":"","ast-hfb-above-header-display":"","ast-hfb-below-header-display":"","ast-hfb-mobile-header-display":"","site-post-title":"","ast-breadcrumbs-content":"","ast-featured-img":"","footer-sml-layout":"","ast-disable-related-posts":"","theme-transparent-header-meta":"default","adv-header-id-meta":"","stick-header-meta":"","header-above-stick-meta":"","header-main-stick-meta":"","header-below-stick-meta":"","astra-migrate-meta-layouts":"set","ast-page-background-enabled":"default","ast-page-background-meta":{"desktop":{"background-color":"var(--ast-global-color-5)","background-image":"","background-repeat":"repeat","background-position":"center center","background-size":"auto","background-attachment":"scroll","background-type":"","background-media":"","overlay-type":"","overlay-color":"","overlay-opacity":"","overlay-gradient":""},"tablet":{"background-color":"","background-image":"","background-repeat":"repeat","background-position":"center center","background-size":"auto","background-attachment":"scroll","background-type":"","background-media":"","overlay-type":"","overlay-color":"","overlay-opacity":"","overlay-gradient":""},"mobile":{"background-color":"","background-image":"","background-repeat":"repeat","background-position":"center center","background-size":"auto","background-attachment":"scroll","background-type":"","background-media":"","overlay-type":"","overlay-color":"","overlay-opacity":"","overlay-gradient":""}},"ast-content-background-meta":{"desktop":{"background-color":"var(--ast-global-color-4)","background-image":"","background-repeat":"repeat","background-position":"center center","background-size":"auto","background-attachment":"scroll","background-type":"","background-media":"","overlay-type":"","overlay-color":"","overlay-opacity":"","overlay-gradient":""},"tablet":{"background-color":"var(--ast-global-color-4)","background-image":"","background-repeat":"repeat","background-position":"center center","background-size":"auto","background-attachment":"scroll","background-type":"","background-media":"","overlay-type":"","overlay-color":"","overlay-opacity":"","overlay-gradient":""},"mobile":{"background-color":"var(--ast-global-color-4)","background-image":"","background-repeat":"repeat","background-position":"center center","background-size":"auto","background-attachment":"scroll","background-type":"","background-media":"","overlay-type":"","overlay-color":"","overlay-opacity":"","overlay-gradient":""}}},"product_brand":[],"product_cat":[509],"product_tag":[],"class_list":{"0":"post-16076","1":"product","2":"type-product","3":"status-publish","4":"has-post-thumbnail","6":"product_cat-sistemas-de-filtragem","7":"desktop-align-center","8":"tablet-align-left","9":"mobile-align-left","11":"first","12":"instock","13":"shipping-taxable","14":"product-type-simple"},"acf":[],"_links":{"self":[{"href":"https:\/\/il-tec.com\/pt-br\/wp-json\/wp\/v2\/product\/16076","targetHints":{"allow":["GET"]}}],"collection":[{"href":"https:\/\/il-tec.com\/pt-br\/wp-json\/wp\/v2\/product"}],"about":[{"href":"https:\/\/il-tec.com\/pt-br\/wp-json\/wp\/v2\/types\/product"}],"wp:featuredmedia":[{"embeddable":true,"href":"https:\/\/il-tec.com\/pt-br\/wp-json\/wp\/v2\/media\/15417"}],"wp:attachment":[{"href":"https:\/\/il-tec.com\/pt-br\/wp-json\/wp\/v2\/media?parent=16076"}],"wp:term":[{"taxonomy":"product_brand","embeddable":true,"href":"https:\/\/il-tec.com\/pt-br\/wp-json\/wp\/v2\/product_brand?post=16076"},{"taxonomy":"product_cat","embeddable":true,"href":"https:\/\/il-tec.com\/pt-br\/wp-json\/wp\/v2\/product_cat?post=16076"},{"taxonomy":"product_tag","embeddable":true,"href":"https:\/\/il-tec.com\/pt-br\/wp-json\/wp\/v2\/product_tag?post=16076"}],"curies":[{"name":"wp","href":"https:\/\/api.w.org\/{rel}","templated":true}]}}