{"id":16075,"date":"2025-06-19T10:13:11","date_gmt":"2025-06-19T10:13:11","guid":{"rendered":"https:\/\/il-tec.com\/?post_type=product&#038;p=16075"},"modified":"2026-03-17T16:59:23","modified_gmt":"2026-03-17T16:59:23","slug":"maquina-tampadora-pneumatica-e-eletrica","status":"publish","type":"product","link":"https:\/\/il-tec.com\/pt-br\/maquinas-tampadoras\/maquina-tampadora-pneumatica-e-eletrica\/","title":{"rendered":"M\u00e1quina tampadora pneum\u00e1tica e el\u00e9trica"},"content":{"rendered":"<p>Nossas m\u00e1quinas de rolhar est\u00e3o dispon\u00edveis nas vers\u00f5es el\u00e9trica e pneum\u00e1tica, ambas confi\u00e1veis \u200b\u200be f\u00e1ceis de usar. O modelo el\u00e9trico \u00e9 adequado para pequenas opera\u00e7\u00f5es, enquanto o modelo pneum\u00e1tico oferece maior velocidade e durabilidade.<\/p>\n<p>Fabricadas em a\u00e7o inoxid\u00e1vel e alum\u00ednio anodizado, garantem opera\u00e7\u00e3o duradoura e sem necessidade de manuten\u00e7\u00e3o.<\/p>\n<p>Acompanham tr\u00eas cabe\u00e7otes intercambi\u00e1veis: 26 mm e 29 mm para rolhas com ranhuras e um cabe\u00e7ote de ajuste para rolhas em formato de cogumelo e tampas anti-recarga. Podem rolhar mais de 300 garrafas por hora sem esfor\u00e7o. O controle bimanual garante m\u00e1xima seguran\u00e7a, enquanto o sistema de colarinho do eixo permite ajustes r\u00e1pidos e precisos.<\/p>\n<p>Baixo consumo, estrutura est\u00e1vel e dimens\u00f5es compactas tornam esta m\u00e1quina ideal para uso em bancada, sem a necessidade de fixa\u00e7\u00f5es. Mais de 100.000 ciclos de teste de vida \u00fatil garantem sua longevidade.<\/p>\n","protected":false},"excerpt":{"rendered":"<p>A ULTRACAPPER \u00e9 uma m\u00e1quina de rolhar compacta e profissional, dispon\u00edvel em vers\u00f5es pneum\u00e1tica ou el\u00e9trica.<\/p>\n","protected":false},"featured_media":15678,"template":"","meta":{"_acf_changed":false,"site-sidebar-layout":"default","site-content-layout":"","ast-site-content-layout":"default","site-content-style":"default","site-sidebar-style":"default","ast-global-header-display":"","ast-banner-title-visibility":"","ast-main-header-display":"","ast-hfb-above-header-display":"","ast-hfb-below-header-display":"","ast-hfb-mobile-header-display":"","site-post-title":"","ast-breadcrumbs-content":"","ast-featured-img":"","footer-sml-layout":"","ast-disable-related-posts":"","theme-transparent-header-meta":"default","adv-header-id-meta":"","stick-header-meta":"","header-above-stick-meta":"","header-main-stick-meta":"","header-below-stick-meta":"","astra-migrate-meta-layouts":"set","ast-page-background-enabled":"default","ast-page-background-meta":{"desktop":{"background-color":"var(--ast-global-color-5)","background-image":"","background-repeat":"repeat","background-position":"center center","background-size":"auto","background-attachment":"scroll","background-type":"","background-media":"","overlay-type":"","overlay-color":"","overlay-opacity":"","overlay-gradient":""},"tablet":{"background-color":"","background-image":"","background-repeat":"repeat","background-position":"center center","background-size":"auto","background-attachment":"scroll","background-type":"","background-media":"","overlay-type":"","overlay-color":"","overlay-opacity":"","overlay-gradient":""},"mobile":{"background-color":"","background-image":"","background-repeat":"repeat","background-position":"center center","background-size":"auto","background-attachment":"scroll","background-type":"","background-media":"","overlay-type":"","overlay-color":"","overlay-opacity":"","overlay-gradient":""}},"ast-content-background-meta":{"desktop":{"background-color":"var(--ast-global-color-4)","background-image":"","background-repeat":"repeat","background-position":"center center","background-size":"auto","background-attachment":"scroll","background-type":"","background-media":"","overlay-type":"","overlay-color":"","overlay-opacity":"","overlay-gradient":""},"tablet":{"background-color":"var(--ast-global-color-4)","background-image":"","background-repeat":"repeat","background-position":"center center","background-size":"auto","background-attachment":"scroll","background-type":"","background-media":"","overlay-type":"","overlay-color":"","overlay-opacity":"","overlay-gradient":""},"mobile":{"background-color":"var(--ast-global-color-4)","background-image":"","background-repeat":"repeat","background-position":"center center","background-size":"auto","background-attachment":"scroll","background-type":"","background-media":"","overlay-type":"","overlay-color":"","overlay-opacity":"","overlay-gradient":""}}},"product_brand":[],"product_cat":[506],"product_tag":[],"class_list":{"0":"post-16075","1":"product","2":"type-product","3":"status-publish","4":"has-post-thumbnail","6":"product_cat-maquinas-tampadoras","7":"desktop-align-center","8":"tablet-align-left","9":"mobile-align-left","11":"first","12":"instock","13":"shipping-taxable","14":"product-type-simple"},"acf":[],"_links":{"self":[{"href":"https:\/\/il-tec.com\/pt-br\/wp-json\/wp\/v2\/product\/16075","targetHints":{"allow":["GET"]}}],"collection":[{"href":"https:\/\/il-tec.com\/pt-br\/wp-json\/wp\/v2\/product"}],"about":[{"href":"https:\/\/il-tec.com\/pt-br\/wp-json\/wp\/v2\/types\/product"}],"wp:featuredmedia":[{"embeddable":true,"href":"https:\/\/il-tec.com\/pt-br\/wp-json\/wp\/v2\/media\/15678"}],"wp:attachment":[{"href":"https:\/\/il-tec.com\/pt-br\/wp-json\/wp\/v2\/media?parent=16075"}],"wp:term":[{"taxonomy":"product_brand","embeddable":true,"href":"https:\/\/il-tec.com\/pt-br\/wp-json\/wp\/v2\/product_brand?post=16075"},{"taxonomy":"product_cat","embeddable":true,"href":"https:\/\/il-tec.com\/pt-br\/wp-json\/wp\/v2\/product_cat?post=16075"},{"taxonomy":"product_tag","embeddable":true,"href":"https:\/\/il-tec.com\/pt-br\/wp-json\/wp\/v2\/product_tag?post=16075"}],"curies":[{"name":"wp","href":"https:\/\/api.w.org\/{rel}","templated":true}]}}