{"id":16072,"date":"2025-07-01T12:42:45","date_gmt":"2025-07-01T12:42:45","guid":{"rendered":"https:\/\/il-tec.com\/?post_type=product&#038;p=16072"},"modified":"2026-04-01T13:30:36","modified_gmt":"2026-04-01T13:30:36","slug":"suporte-de-filtro-unico","status":"publish","type":"product","link":"https:\/\/il-tec.com\/pt-br\/sistemas-de-filtragem\/suporte-de-filtro-unico\/","title":{"rendered":"Suporte de filtro \u00fanico (Pro)"},"content":{"rendered":"<p>Esta esta\u00e7\u00e3o de filtragem, equipada com um \u00fanico cartucho, \u00e9 perfeita para quem precisa filtrar o produto durante o envase.<\/p>\n<p>Nosso suporte para filtro \u00fanico &#8211; Pro \u00e9 feito de pl\u00e1stico de qualidade alimentar e vidro borossilicato (Pyrex).<\/p>\n<p>O corpo transparente permite visualizar o l\u00edquido passando por ele.<\/p>\n<p>Ele acomoda cartuchos de pl\u00e1stico ou a\u00e7o inoxid\u00e1vel e possui um pr\u00e1tico bypass superior,<br \/>\nque pode ser ativado pelo usu\u00e1rio para eliminar bolhas de ar e acelerar a inicializa\u00e7\u00e3o da m\u00e1quina.<\/p>\n<p>Combinado com o Ultrafiller 1 &#8211; Pro, permite filtrar e engarrafar em uma \u00fanica etapa, evitando a decanta\u00e7\u00e3o.<\/p>\n<p>Os cartuchos podem ser selecionados com diferentes tamanhos de poros para obter uma filtragem leve, \u00fatil para remover<br \/>\nres\u00edduos de tubula\u00e7\u00f5es e tanques, at\u00e9 uma filtragem mais fina de menos de 1 m\u00edcron.<\/p>\n<p>A ampla gama de cartuchos de filtro dispon\u00edveis abrange todos os tipos de l\u00edquidos; desde bebidas destiladas refinadas at\u00e9 azeite extra virgem, cerveja, vinho e muito mais.<\/p>\n<p>Os cartuchos de filtro est\u00e3o dispon\u00edveis de 0,45 \u00b5m a 50 \u00b5m.<br \/>\nO tubo de suc\u00e7\u00e3o de 3\/8&#8243;<\/p>\n","protected":false},"excerpt":{"rendered":"<p>O suporte para filtro \u00fanico Pro \u00e9 feito de pl\u00e1stico de qualidade alimentar e vidro borossilicato (Pyrex). O corpo transparente permite visualizar o l\u00edquido passando atrav\u00e9s dele.<\/p>\n","protected":false},"featured_media":15415,"template":"","meta":{"_acf_changed":false,"site-sidebar-layout":"default","site-content-layout":"","ast-site-content-layout":"default","site-content-style":"default","site-sidebar-style":"default","ast-global-header-display":"","ast-banner-title-visibility":"","ast-main-header-display":"","ast-hfb-above-header-display":"","ast-hfb-below-header-display":"","ast-hfb-mobile-header-display":"","site-post-title":"","ast-breadcrumbs-content":"","ast-featured-img":"","footer-sml-layout":"","ast-disable-related-posts":"","theme-transparent-header-meta":"default","adv-header-id-meta":"","stick-header-meta":"","header-above-stick-meta":"","header-main-stick-meta":"","header-below-stick-meta":"","astra-migrate-meta-layouts":"set","ast-page-background-enabled":"default","ast-page-background-meta":{"desktop":{"background-color":"var(--ast-global-color-5)","background-image":"","background-repeat":"repeat","background-position":"center center","background-size":"auto","background-attachment":"scroll","background-type":"","background-media":"","overlay-type":"","overlay-color":"","overlay-opacity":"","overlay-gradient":""},"tablet":{"background-color":"","background-image":"","background-repeat":"repeat","background-position":"center center","background-size":"auto","background-attachment":"scroll","background-type":"","background-media":"","overlay-type":"","overlay-color":"","overlay-opacity":"","overlay-gradient":""},"mobile":{"background-color":"","background-image":"","background-repeat":"repeat","background-position":"center center","background-size":"auto","background-attachment":"scroll","background-type":"","background-media":"","overlay-type":"","overlay-color":"","overlay-opacity":"","overlay-gradient":""}},"ast-content-background-meta":{"desktop":{"background-color":"var(--ast-global-color-4)","background-image":"","background-repeat":"repeat","background-position":"center center","background-size":"auto","background-attachment":"scroll","background-type":"","background-media":"","overlay-type":"","overlay-color":"","overlay-opacity":"","overlay-gradient":""},"tablet":{"background-color":"var(--ast-global-color-4)","background-image":"","background-repeat":"repeat","background-position":"center center","background-size":"auto","background-attachment":"scroll","background-type":"","background-media":"","overlay-type":"","overlay-color":"","overlay-opacity":"","overlay-gradient":""},"mobile":{"background-color":"var(--ast-global-color-4)","background-image":"","background-repeat":"repeat","background-position":"center center","background-size":"auto","background-attachment":"scroll","background-type":"","background-media":"","overlay-type":"","overlay-color":"","overlay-opacity":"","overlay-gradient":""}}},"product_brand":[],"product_cat":[509],"product_tag":[],"class_list":{"0":"post-16072","1":"product","2":"type-product","3":"status-publish","4":"has-post-thumbnail","6":"product_cat-sistemas-de-filtragem","7":"desktop-align-center","8":"tablet-align-left","9":"mobile-align-left","11":"first","12":"instock","13":"shipping-taxable","14":"product-type-simple"},"acf":[],"_links":{"self":[{"href":"https:\/\/il-tec.com\/pt-br\/wp-json\/wp\/v2\/product\/16072","targetHints":{"allow":["GET"]}}],"collection":[{"href":"https:\/\/il-tec.com\/pt-br\/wp-json\/wp\/v2\/product"}],"about":[{"href":"https:\/\/il-tec.com\/pt-br\/wp-json\/wp\/v2\/types\/product"}],"wp:featuredmedia":[{"embeddable":true,"href":"https:\/\/il-tec.com\/pt-br\/wp-json\/wp\/v2\/media\/15415"}],"wp:attachment":[{"href":"https:\/\/il-tec.com\/pt-br\/wp-json\/wp\/v2\/media?parent=16072"}],"wp:term":[{"taxonomy":"product_brand","embeddable":true,"href":"https:\/\/il-tec.com\/pt-br\/wp-json\/wp\/v2\/product_brand?post=16072"},{"taxonomy":"product_cat","embeddable":true,"href":"https:\/\/il-tec.com\/pt-br\/wp-json\/wp\/v2\/product_cat?post=16072"},{"taxonomy":"product_tag","embeddable":true,"href":"https:\/\/il-tec.com\/pt-br\/wp-json\/wp\/v2\/product_tag?post=16072"}],"curies":[{"name":"wp","href":"https:\/\/api.w.org\/{rel}","templated":true}]}}