{"id":16068,"date":"2025-06-10T14:14:14","date_gmt":"2025-06-10T14:14:14","guid":{"rendered":"https:\/\/il-tec.com\/?post_type=product&#038;p=16068"},"modified":"2026-03-13T14:53:48","modified_gmt":"2026-03-13T14:53:48","slug":"gommini","status":"publish","type":"product","link":"https:\/\/il-tec.com\/pt-br\/acessorios\/gommini\/","title":{"rendered":"Borracha"},"content":{"rendered":"<ul>\n<li><strong>Borracha Padr\u00e3o<\/strong><br \/>\nCompat\u00edvel com nossos bicos padr\u00e3o.<br \/>\nDi\u00e2metro interno m\u00ednimo do gargalo da garrafa: 16 mm<br \/>\nDi\u00e2metro interno m\u00e1ximo do gargalo da garrafa: 35 mm&nbsp;<\/li>\n<li><strong>Borracha Mignon<\/strong><br \/>\nCompat\u00edvel com nossos bicos mignon.<br \/>\nDi\u00e2metro interno m\u00ednimo do gargalo da garrafa: 8 mm<br \/>\nDi\u00e2metro interno m\u00e1ximo do gargalo da garrafa: 35 mm&nbsp;<\/li>\n<li><strong>Borracha Pomodoro<\/strong><br \/>\nCompat\u00edvel com nossos bicos padr\u00e3o.<br \/>\nDi\u00e2metro interno m\u00ednimo do gargalo da garrafa: 16 mm<br \/>\nDi\u00e2metro interno m\u00e1ximo do gargalo da garrafa: 65 mm&nbsp;<\/li>\n<li><strong>Borracha XL<\/strong><br \/>\nPerfeita para o enchimento e a colmata\u00e7\u00e3o com salmoura, \u00f3leo ou bebidas alco\u00f3licas em frascos.<br \/>\nCompat\u00edvel com nossos bicos padr\u00e3o.<br \/>\nDi\u00e2metro interno m\u00ednimo do gargalo do recipiente: 16 mm<br \/>\nDi\u00e2metro interno m\u00e1ximo do gargalo do recipiente: 98 mm<\/li>\n<\/ul>\n","protected":false},"excerpt":{"rendered":"<p>As m\u00e1quinas podem ser fornecidas com uma ampla variedade de borrachas, dependendo do uso que se pretende fazer delas.<\/p>\n","protected":false},"featured_media":15434,"template":"","meta":{"_acf_changed":false,"site-sidebar-layout":"default","site-content-layout":"","ast-site-content-layout":"default","site-content-style":"default","site-sidebar-style":"default","ast-global-header-display":"","ast-banner-title-visibility":"","ast-main-header-display":"","ast-hfb-above-header-display":"","ast-hfb-below-header-display":"","ast-hfb-mobile-header-display":"","site-post-title":"","ast-breadcrumbs-content":"","ast-featured-img":"","footer-sml-layout":"","ast-disable-related-posts":"","theme-transparent-header-meta":"default","adv-header-id-meta":"","stick-header-meta":"","header-above-stick-meta":"","header-main-stick-meta":"","header-below-stick-meta":"","astra-migrate-meta-layouts":"set","ast-page-background-enabled":"default","ast-page-background-meta":{"desktop":{"background-color":"var(--ast-global-color-5)","background-image":"","background-repeat":"repeat","background-position":"center center","background-size":"auto","background-attachment":"scroll","background-type":"","background-media":"","overlay-type":"","overlay-color":"","overlay-opacity":"","overlay-gradient":""},"tablet":{"background-color":"","background-image":"","background-repeat":"repeat","background-position":"center center","background-size":"auto","background-attachment":"scroll","background-type":"","background-media":"","overlay-type":"","overlay-color":"","overlay-opacity":"","overlay-gradient":""},"mobile":{"background-color":"","background-image":"","background-repeat":"repeat","background-position":"center center","background-size":"auto","background-attachment":"scroll","background-type":"","background-media":"","overlay-type":"","overlay-color":"","overlay-opacity":"","overlay-gradient":""}},"ast-content-background-meta":{"desktop":{"background-color":"var(--ast-global-color-4)","background-image":"","background-repeat":"repeat","background-position":"center center","background-size":"auto","background-attachment":"scroll","background-type":"","background-media":"","overlay-type":"","overlay-color":"","overlay-opacity":"","overlay-gradient":""},"tablet":{"background-color":"var(--ast-global-color-4)","background-image":"","background-repeat":"repeat","background-position":"center center","background-size":"auto","background-attachment":"scroll","background-type":"","background-media":"","overlay-type":"","overlay-color":"","overlay-opacity":"","overlay-gradient":""},"mobile":{"background-color":"var(--ast-global-color-4)","background-image":"","background-repeat":"repeat","background-position":"center center","background-size":"auto","background-attachment":"scroll","background-type":"","background-media":"","overlay-type":"","overlay-color":"","overlay-opacity":"","overlay-gradient":""}}},"product_brand":[],"product_cat":[507],"product_tag":[],"class_list":{"0":"post-16068","1":"product","2":"type-product","3":"status-publish","4":"has-post-thumbnail","6":"product_cat-acessorios","7":"desktop-align-center","8":"tablet-align-left","9":"mobile-align-left","11":"first","12":"instock","13":"shipping-taxable","14":"product-type-simple"},"acf":[],"_links":{"self":[{"href":"https:\/\/il-tec.com\/pt-br\/wp-json\/wp\/v2\/product\/16068","targetHints":{"allow":["GET"]}}],"collection":[{"href":"https:\/\/il-tec.com\/pt-br\/wp-json\/wp\/v2\/product"}],"about":[{"href":"https:\/\/il-tec.com\/pt-br\/wp-json\/wp\/v2\/types\/product"}],"wp:featuredmedia":[{"embeddable":true,"href":"https:\/\/il-tec.com\/pt-br\/wp-json\/wp\/v2\/media\/15434"}],"wp:attachment":[{"href":"https:\/\/il-tec.com\/pt-br\/wp-json\/wp\/v2\/media?parent=16068"}],"wp:term":[{"taxonomy":"product_brand","embeddable":true,"href":"https:\/\/il-tec.com\/pt-br\/wp-json\/wp\/v2\/product_brand?post=16068"},{"taxonomy":"product_cat","embeddable":true,"href":"https:\/\/il-tec.com\/pt-br\/wp-json\/wp\/v2\/product_cat?post=16068"},{"taxonomy":"product_tag","embeddable":true,"href":"https:\/\/il-tec.com\/pt-br\/wp-json\/wp\/v2\/product_tag?post=16068"}],"curies":[{"name":"wp","href":"https:\/\/api.w.org\/{rel}","templated":true}]}}