{"id":16066,"date":"2025-06-10T13:23:49","date_gmt":"2025-06-10T13:23:49","guid":{"rendered":"https:\/\/il-tec.com\/?post_type=product&#038;p=16066"},"modified":"2026-03-13T14:51:08","modified_gmt":"2026-03-13T14:51:08","slug":"bicos-de-reposicao","status":"publish","type":"product","link":"https:\/\/il-tec.com\/pt-br\/acessorios\/bicos-de-reposicao\/","title":{"rendered":"Bicos de reposi\u00e7\u00e3o"},"content":{"rendered":"<p>Como nossas m\u00e1quinas s\u00e3o inteiramente projetadas e montadas na It\u00e1lia, temos todas as pe\u00e7as de reposi\u00e7\u00e3o necess\u00e1rias. Os bicos Standard e Mignon s\u00e3o facilmente intercambi\u00e1veis.<br \/>\nAs m\u00e1quinas, uma vez recebidas, podem ser transformadas para atender \u00e0s necessidades do cliente.<\/p>\n","protected":false},"excerpt":{"rendered":"<p>Os bicos Standard e Mignon s\u00e3o facilmente intercambi\u00e1veis.<\/p>\n","protected":false},"featured_media":15420,"template":"","meta":{"_acf_changed":false,"site-sidebar-layout":"default","site-content-layout":"","ast-site-content-layout":"default","site-content-style":"default","site-sidebar-style":"default","ast-global-header-display":"","ast-banner-title-visibility":"","ast-main-header-display":"","ast-hfb-above-header-display":"","ast-hfb-below-header-display":"","ast-hfb-mobile-header-display":"","site-post-title":"","ast-breadcrumbs-content":"","ast-featured-img":"","footer-sml-layout":"","ast-disable-related-posts":"","theme-transparent-header-meta":"default","adv-header-id-meta":"","stick-header-meta":"","header-above-stick-meta":"","header-main-stick-meta":"","header-below-stick-meta":"","astra-migrate-meta-layouts":"set","ast-page-background-enabled":"default","ast-page-background-meta":{"desktop":{"background-color":"var(--ast-global-color-5)","background-image":"","background-repeat":"repeat","background-position":"center center","background-size":"auto","background-attachment":"scroll","background-type":"","background-media":"","overlay-type":"","overlay-color":"","overlay-opacity":"","overlay-gradient":""},"tablet":{"background-color":"","background-image":"","background-repeat":"repeat","background-position":"center center","background-size":"auto","background-attachment":"scroll","background-type":"","background-media":"","overlay-type":"","overlay-color":"","overlay-opacity":"","overlay-gradient":""},"mobile":{"background-color":"","background-image":"","background-repeat":"repeat","background-position":"center center","background-size":"auto","background-attachment":"scroll","background-type":"","background-media":"","overlay-type":"","overlay-color":"","overlay-opacity":"","overlay-gradient":""}},"ast-content-background-meta":{"desktop":{"background-color":"var(--ast-global-color-4)","background-image":"","background-repeat":"repeat","background-position":"center center","background-size":"auto","background-attachment":"scroll","background-type":"","background-media":"","overlay-type":"","overlay-color":"","overlay-opacity":"","overlay-gradient":""},"tablet":{"background-color":"var(--ast-global-color-4)","background-image":"","background-repeat":"repeat","background-position":"center center","background-size":"auto","background-attachment":"scroll","background-type":"","background-media":"","overlay-type":"","overlay-color":"","overlay-opacity":"","overlay-gradient":""},"mobile":{"background-color":"var(--ast-global-color-4)","background-image":"","background-repeat":"repeat","background-position":"center center","background-size":"auto","background-attachment":"scroll","background-type":"","background-media":"","overlay-type":"","overlay-color":"","overlay-opacity":"","overlay-gradient":""}}},"product_brand":[],"product_cat":[507],"product_tag":[],"class_list":{"0":"post-16066","1":"product","2":"type-product","3":"status-publish","4":"has-post-thumbnail","6":"product_cat-acessorios","7":"desktop-align-center","8":"tablet-align-left","9":"mobile-align-left","11":"first","12":"instock","13":"shipping-taxable","14":"product-type-simple"},"acf":[],"_links":{"self":[{"href":"https:\/\/il-tec.com\/pt-br\/wp-json\/wp\/v2\/product\/16066","targetHints":{"allow":["GET"]}}],"collection":[{"href":"https:\/\/il-tec.com\/pt-br\/wp-json\/wp\/v2\/product"}],"about":[{"href":"https:\/\/il-tec.com\/pt-br\/wp-json\/wp\/v2\/types\/product"}],"wp:featuredmedia":[{"embeddable":true,"href":"https:\/\/il-tec.com\/pt-br\/wp-json\/wp\/v2\/media\/15420"}],"wp:attachment":[{"href":"https:\/\/il-tec.com\/pt-br\/wp-json\/wp\/v2\/media?parent=16066"}],"wp:term":[{"taxonomy":"product_brand","embeddable":true,"href":"https:\/\/il-tec.com\/pt-br\/wp-json\/wp\/v2\/product_brand?post=16066"},{"taxonomy":"product_cat","embeddable":true,"href":"https:\/\/il-tec.com\/pt-br\/wp-json\/wp\/v2\/product_cat?post=16066"},{"taxonomy":"product_tag","embeddable":true,"href":"https:\/\/il-tec.com\/pt-br\/wp-json\/wp\/v2\/product_tag?post=16066"}],"curies":[{"name":"wp","href":"https:\/\/api.w.org\/{rel}","templated":true}]}}