{"id":16063,"date":"2025-06-10T12:52:40","date_gmt":"2025-06-10T12:52:40","guid":{"rendered":"https:\/\/il-tec.com\/?post_type=product&#038;p=16063"},"modified":"2026-03-13T14:36:13","modified_gmt":"2026-03-13T14:36:13","slug":"suporte-para-tres-filtros-de-cartucho-pro","status":"publish","type":"product","link":"https:\/\/il-tec.com\/pt-br\/sistemas-de-filtragem\/suporte-para-tres-filtros-de-cartucho-pro\/","title":{"rendered":"Suporte para tr\u00eas filtros de cartucho (Pro)"},"content":{"rendered":"<p>Este filtro, equipado com tr\u00eas cartuchos, \u00e9 perfeito para filtrar com precis\u00e3o o produto antes do envase.<\/p>\n<p>O suporte triplo para filtros \u00e9 feito de pl\u00e1stico de qualidade alimentar e vidro borossilicato (Pyrex).<\/p>\n<p>Inclui tr\u00eas cartuchos de pl\u00e1stico ou a\u00e7o inoxid\u00e1vel e um pr\u00e1tico bypass superior, que pode ser ativado pelo usu\u00e1rio para eliminar bolhas de \u00f3leo e acelerar a inicializa\u00e7\u00e3o da m\u00e1quina.<\/p>\n<p>Quando combinado com a Ultrafiller 2-4, permite a filtragem e o envase em uma \u00fanica etapa, evitando a decanta\u00e7\u00e3o.<\/p>\n<p>Os cartuchos podem ser selecionados com diferentes tamanhos de poros, desde as alavancas de filtragem, \u00fateis para remover res\u00edduos e impurezas do tubo, at\u00e9 a filtragem fina com poros menores que 1 m\u00edcron.<\/p>\n<p>Uma ampla gama de cartuchos de filtro compat\u00edveis abrange todos os tipos de l\u00edquidos, desde bebidas refinadas a azeite extra virgem, cerveja, vinho e muito mais.<\/p>\n<p>Os cartuchos de filtro est\u00e3o dispon\u00edveis com poros de 0,45 \u00b5m a 50 \u00b5m.<\/p>\n<p>A mangueira de entrada possui 1 polo.<\/p>\n<p>Como todos os cartuchos funcionam em paralelo, \u00e9 importante que mantenham a mesma porosidade.<br \/>\nPara lotes pequenos, uma ou duas almofadas podem ser inseridas para garantir que os slots n\u00e3o sejam usados, evitando o uso<br \/>\nou compre tr\u00eas cart\u00f5es completos.<\/p>\n","protected":false},"excerpt":{"rendered":"<p>O suporte para filtro triplo \u00e9 feito de pl\u00e1stico de qualidade alimentar e vidro borossilicato (Pyrex).<\/p>\n","protected":false},"featured_media":15543,"template":"","meta":{"_acf_changed":false,"site-sidebar-layout":"default","site-content-layout":"","ast-site-content-layout":"default","site-content-style":"default","site-sidebar-style":"default","ast-global-header-display":"","ast-banner-title-visibility":"","ast-main-header-display":"","ast-hfb-above-header-display":"","ast-hfb-below-header-display":"","ast-hfb-mobile-header-display":"","site-post-title":"","ast-breadcrumbs-content":"","ast-featured-img":"","footer-sml-layout":"","ast-disable-related-posts":"","theme-transparent-header-meta":"default","adv-header-id-meta":"","stick-header-meta":"","header-above-stick-meta":"","header-main-stick-meta":"","header-below-stick-meta":"","astra-migrate-meta-layouts":"set","ast-page-background-enabled":"default","ast-page-background-meta":{"desktop":{"background-color":"var(--ast-global-color-5)","background-image":"","background-repeat":"repeat","background-position":"center center","background-size":"auto","background-attachment":"scroll","background-type":"","background-media":"","overlay-type":"","overlay-color":"","overlay-opacity":"","overlay-gradient":""},"tablet":{"background-color":"","background-image":"","background-repeat":"repeat","background-position":"center center","background-size":"auto","background-attachment":"scroll","background-type":"","background-media":"","overlay-type":"","overlay-color":"","overlay-opacity":"","overlay-gradient":""},"mobile":{"background-color":"","background-image":"","background-repeat":"repeat","background-position":"center center","background-size":"auto","background-attachment":"scroll","background-type":"","background-media":"","overlay-type":"","overlay-color":"","overlay-opacity":"","overlay-gradient":""}},"ast-content-background-meta":{"desktop":{"background-color":"var(--ast-global-color-4)","background-image":"","background-repeat":"repeat","background-position":"center center","background-size":"auto","background-attachment":"scroll","background-type":"","background-media":"","overlay-type":"","overlay-color":"","overlay-opacity":"","overlay-gradient":""},"tablet":{"background-color":"var(--ast-global-color-4)","background-image":"","background-repeat":"repeat","background-position":"center center","background-size":"auto","background-attachment":"scroll","background-type":"","background-media":"","overlay-type":"","overlay-color":"","overlay-opacity":"","overlay-gradient":""},"mobile":{"background-color":"var(--ast-global-color-4)","background-image":"","background-repeat":"repeat","background-position":"center center","background-size":"auto","background-attachment":"scroll","background-type":"","background-media":"","overlay-type":"","overlay-color":"","overlay-opacity":"","overlay-gradient":""}}},"product_brand":[],"product_cat":[509],"product_tag":[],"class_list":{"0":"post-16063","1":"product","2":"type-product","3":"status-publish","4":"has-post-thumbnail","6":"product_cat-sistemas-de-filtragem","7":"desktop-align-center","8":"tablet-align-left","9":"mobile-align-left","11":"first","12":"instock","13":"shipping-taxable","14":"product-type-simple"},"acf":[],"_links":{"self":[{"href":"https:\/\/il-tec.com\/pt-br\/wp-json\/wp\/v2\/product\/16063","targetHints":{"allow":["GET"]}}],"collection":[{"href":"https:\/\/il-tec.com\/pt-br\/wp-json\/wp\/v2\/product"}],"about":[{"href":"https:\/\/il-tec.com\/pt-br\/wp-json\/wp\/v2\/types\/product"}],"wp:featuredmedia":[{"embeddable":true,"href":"https:\/\/il-tec.com\/pt-br\/wp-json\/wp\/v2\/media\/15543"}],"wp:attachment":[{"href":"https:\/\/il-tec.com\/pt-br\/wp-json\/wp\/v2\/media?parent=16063"}],"wp:term":[{"taxonomy":"product_brand","embeddable":true,"href":"https:\/\/il-tec.com\/pt-br\/wp-json\/wp\/v2\/product_brand?post=16063"},{"taxonomy":"product_cat","embeddable":true,"href":"https:\/\/il-tec.com\/pt-br\/wp-json\/wp\/v2\/product_cat?post=16063"},{"taxonomy":"product_tag","embeddable":true,"href":"https:\/\/il-tec.com\/pt-br\/wp-json\/wp\/v2\/product_tag?post=16063"}],"curies":[{"name":"wp","href":"https:\/\/api.w.org\/{rel}","templated":true}]}}