{"id":16059,"date":"2025-06-10T09:55:50","date_gmt":"2025-06-10T09:55:50","guid":{"rendered":"https:\/\/il-tec.com\/?post_type=product&#038;p=16059"},"modified":"2026-03-13T14:26:24","modified_gmt":"2026-03-13T14:26:24","slug":"ultragravity","status":"publish","type":"product","link":"https:\/\/il-tec.com\/pt-br\/engarrafadoras-e-enchedoras\/ultragravity\/","title":{"rendered":"UltraGravity"},"content":{"rendered":"<p>A ULTRAGRAVITY \u00e9 uma engarrafadora projetada para proporcionar um enchimento preciso e confi\u00e1vel. A melhor escolha para opera\u00e7\u00f5es higi\u00eanicas e eficientes.<\/p>\n<p>A engarrafadora \u00e9 constru\u00edda inteiramente em a\u00e7o inoxid\u00e1vel, garantindo durabilidade e atendendo aos mais altos padr\u00f5es para aplica\u00e7\u00f5es aliment\u00edcias.<\/p>\n<p>O bico \u00e9 feito de a\u00e7o AISI 316 para alta resist\u00eancia \u00e0 corros\u00e3o, enquanto outros componentes utilizam a\u00e7o AISI 304 para maior resist\u00eancia e um acabamento polido. O tanque de a\u00e7o inoxid\u00e1vel e a tubula\u00e7\u00e3o de grau farmac\u00eautico garantem total compatibilidade com diversos produtos aliment\u00edcios, mantendo a integridade dos l\u00edquidos durante o processo de enchimento. Uma tampa de plexiglass veda o tanque de a\u00e7o inoxid\u00e1vel, permitindo que os usu\u00e1rios monitorem a opera\u00e7\u00e3o de enchimento em tempo real, garantindo conveni\u00eancia e controle.<\/p>\n<p>A engarrafadora est\u00e1 dispon\u00edvel em dois modelos, adequados a diferentes necessidades operacionais:<\/p>\n<h2>ULTRAGRAVITY el\u00e9trica<\/h2>\n<p>Possui um sistema de flutuador el\u00e9trico para controle preciso do n\u00edvel do l\u00edquido.<\/p>\n<p>Requer uma bomba externa para fornecer l\u00edquido \u00e0 m\u00e1quina.<\/p>\n<p>Ideal para configura\u00e7\u00f5es onde a m\u00e1quina precisa aspirar l\u00edquidos que n\u00e3o podem fluir por gravidade de um tanque em um n\u00edvel superior.<\/p>\n<h2>ULTRAGRAVITY mec\u00e2nico<\/h2>\n<p>Equipado com um sistema de flutuador mec\u00e2nico, oferece simplicidade e confiabilidade.<\/p>\n<p>Requer conex\u00e3o a um tanque posicionado acima da m\u00e1quina, utilizando a gravidade para alimentar o l\u00edquido no sistema.<\/p>\n<p>Perfeito para instala\u00e7\u00f5es com tanques elevados e solu\u00e7\u00f5es de enchimento sem consumo de energia.<\/p>\n","protected":false},"excerpt":{"rendered":"<p>A ULTRAGRAVITY \u00e9 uma m\u00e1quina de envase projetada para proporcionar um enchimento preciso e confi\u00e1vel. A melhor escolha para opera\u00e7\u00f5es higi\u00eanicas e eficientes.<\/p>\n","protected":false},"featured_media":15406,"template":"","meta":{"_acf_changed":false,"site-sidebar-layout":"default","site-content-layout":"","ast-site-content-layout":"default","site-content-style":"default","site-sidebar-style":"default","ast-global-header-display":"","ast-banner-title-visibility":"","ast-main-header-display":"","ast-hfb-above-header-display":"","ast-hfb-below-header-display":"","ast-hfb-mobile-header-display":"","site-post-title":"","ast-breadcrumbs-content":"","ast-featured-img":"","footer-sml-layout":"","ast-disable-related-posts":"","theme-transparent-header-meta":"default","adv-header-id-meta":"","stick-header-meta":"","header-above-stick-meta":"","header-main-stick-meta":"","header-below-stick-meta":"","astra-migrate-meta-layouts":"set","ast-page-background-enabled":"default","ast-page-background-meta":{"desktop":{"background-color":"var(--ast-global-color-5)","background-image":"","background-repeat":"repeat","background-position":"center center","background-size":"auto","background-attachment":"scroll","background-type":"","background-media":"","overlay-type":"","overlay-color":"","overlay-opacity":"","overlay-gradient":""},"tablet":{"background-color":"","background-image":"","background-repeat":"repeat","background-position":"center center","background-size":"auto","background-attachment":"scroll","background-type":"","background-media":"","overlay-type":"","overlay-color":"","overlay-opacity":"","overlay-gradient":""},"mobile":{"background-color":"","background-image":"","background-repeat":"repeat","background-position":"center center","background-size":"auto","background-attachment":"scroll","background-type":"","background-media":"","overlay-type":"","overlay-color":"","overlay-opacity":"","overlay-gradient":""}},"ast-content-background-meta":{"desktop":{"background-color":"var(--ast-global-color-4)","background-image":"","background-repeat":"repeat","background-position":"center center","background-size":"auto","background-attachment":"scroll","background-type":"","background-media":"","overlay-type":"","overlay-color":"","overlay-opacity":"","overlay-gradient":""},"tablet":{"background-color":"var(--ast-global-color-4)","background-image":"","background-repeat":"repeat","background-position":"center center","background-size":"auto","background-attachment":"scroll","background-type":"","background-media":"","overlay-type":"","overlay-color":"","overlay-opacity":"","overlay-gradient":""},"mobile":{"background-color":"var(--ast-global-color-4)","background-image":"","background-repeat":"repeat","background-position":"center center","background-size":"auto","background-attachment":"scroll","background-type":"","background-media":"","overlay-type":"","overlay-color":"","overlay-opacity":"","overlay-gradient":""}}},"product_brand":[],"product_cat":[508],"product_tag":[],"class_list":{"0":"post-16059","1":"product","2":"type-product","3":"status-publish","4":"has-post-thumbnail","6":"product_cat-engarrafadoras-e-enchedoras","7":"desktop-align-center","8":"tablet-align-left","9":"mobile-align-left","11":"first","12":"instock","13":"shipping-taxable","14":"product-type-simple"},"acf":[],"_links":{"self":[{"href":"https:\/\/il-tec.com\/pt-br\/wp-json\/wp\/v2\/product\/16059","targetHints":{"allow":["GET"]}}],"collection":[{"href":"https:\/\/il-tec.com\/pt-br\/wp-json\/wp\/v2\/product"}],"about":[{"href":"https:\/\/il-tec.com\/pt-br\/wp-json\/wp\/v2\/types\/product"}],"wp:featuredmedia":[{"embeddable":true,"href":"https:\/\/il-tec.com\/pt-br\/wp-json\/wp\/v2\/media\/15406"}],"wp:attachment":[{"href":"https:\/\/il-tec.com\/pt-br\/wp-json\/wp\/v2\/media?parent=16059"}],"wp:term":[{"taxonomy":"product_brand","embeddable":true,"href":"https:\/\/il-tec.com\/pt-br\/wp-json\/wp\/v2\/product_brand?post=16059"},{"taxonomy":"product_cat","embeddable":true,"href":"https:\/\/il-tec.com\/pt-br\/wp-json\/wp\/v2\/product_cat?post=16059"},{"taxonomy":"product_tag","embeddable":true,"href":"https:\/\/il-tec.com\/pt-br\/wp-json\/wp\/v2\/product_tag?post=16059"}],"curies":[{"name":"wp","href":"https:\/\/api.w.org\/{rel}","templated":true}]}}