{"id":16056,"date":"2025-06-10T09:19:53","date_gmt":"2025-06-10T09:19:53","guid":{"rendered":"https:\/\/il-tec.com\/?post_type=product&#038;p=16056"},"modified":"2026-03-13T14:17:19","modified_gmt":"2026-03-13T14:17:19","slug":"ultrafiller-dual-fluid","status":"publish","type":"product","link":"https:\/\/il-tec.com\/pt-br\/engarrafadoras-e-enchedoras\/ultrafiller-dual-fluid\/","title":{"rendered":"Ultrafiller Dual Fluid"},"content":{"rendered":"<p>A <strong>m\u00e1quina de envase de fluido duplo Ultrafiller<\/strong> \u00e9 constru\u00edda inteiramente em a\u00e7o inoxid\u00e1vel e equipada com dois ou quatro bicos de enchimento de alta efici\u00eancia e precis\u00e3o, tamb\u00e9m em a\u00e7o inoxid\u00e1vel. \u00c9 adequada para diversos tipos de l\u00edquidos, como bebidas alco\u00f3licas, \u00f3leos, vinhos, solventes, detergentes e sabonetes.<\/p>\n<p><strong>Esta m\u00e1quina de envase de l\u00edquidos \u00e9 a vers\u00e3o de fluido dupl<\/strong>o da nossa linha de produtos e pode processar dois l\u00edquidos diferentes simultaneamente, aspirando-os sem qualquer contato entre os l\u00edquidos e as bombas ou componentes mec\u00e2nicos. \u00c9 ideal para quem n\u00e3o deseja que dois produtos diferentes entrem em contato, como azeite extra virgem com um produto de menor valor.<\/p>\n","protected":false},"excerpt":{"rendered":"<p>A m\u00e1quina de envase de fluidos duplos Ultrafiller \u00e9 uma m\u00e1quina constru\u00edda inteiramente em a\u00e7o inoxid\u00e1vel, adequada para diversos tipos de l\u00edquidos, como bebidas alco\u00f3licas, \u00f3leo, vinho, solventes, detergentes e sab\u00f5es.<\/p>\n","protected":false},"featured_media":15400,"template":"","meta":{"_acf_changed":false,"site-sidebar-layout":"default","site-content-layout":"","ast-site-content-layout":"default","site-content-style":"default","site-sidebar-style":"default","ast-global-header-display":"","ast-banner-title-visibility":"","ast-main-header-display":"","ast-hfb-above-header-display":"","ast-hfb-below-header-display":"","ast-hfb-mobile-header-display":"","site-post-title":"","ast-breadcrumbs-content":"","ast-featured-img":"","footer-sml-layout":"","ast-disable-related-posts":"","theme-transparent-header-meta":"default","adv-header-id-meta":"","stick-header-meta":"","header-above-stick-meta":"","header-main-stick-meta":"","header-below-stick-meta":"","astra-migrate-meta-layouts":"set","ast-page-background-enabled":"default","ast-page-background-meta":{"desktop":{"background-color":"var(--ast-global-color-5)","background-image":"","background-repeat":"repeat","background-position":"center center","background-size":"auto","background-attachment":"scroll","background-type":"","background-media":"","overlay-type":"","overlay-color":"","overlay-opacity":"","overlay-gradient":""},"tablet":{"background-color":"","background-image":"","background-repeat":"repeat","background-position":"center center","background-size":"auto","background-attachment":"scroll","background-type":"","background-media":"","overlay-type":"","overlay-color":"","overlay-opacity":"","overlay-gradient":""},"mobile":{"background-color":"","background-image":"","background-repeat":"repeat","background-position":"center center","background-size":"auto","background-attachment":"scroll","background-type":"","background-media":"","overlay-type":"","overlay-color":"","overlay-opacity":"","overlay-gradient":""}},"ast-content-background-meta":{"desktop":{"background-color":"var(--ast-global-color-4)","background-image":"","background-repeat":"repeat","background-position":"center center","background-size":"auto","background-attachment":"scroll","background-type":"","background-media":"","overlay-type":"","overlay-color":"","overlay-opacity":"","overlay-gradient":""},"tablet":{"background-color":"var(--ast-global-color-4)","background-image":"","background-repeat":"repeat","background-position":"center center","background-size":"auto","background-attachment":"scroll","background-type":"","background-media":"","overlay-type":"","overlay-color":"","overlay-opacity":"","overlay-gradient":""},"mobile":{"background-color":"var(--ast-global-color-4)","background-image":"","background-repeat":"repeat","background-position":"center center","background-size":"auto","background-attachment":"scroll","background-type":"","background-media":"","overlay-type":"","overlay-color":"","overlay-opacity":"","overlay-gradient":""}}},"product_brand":[],"product_cat":[508],"product_tag":[],"class_list":{"0":"post-16056","1":"product","2":"type-product","3":"status-publish","4":"has-post-thumbnail","6":"product_cat-engarrafadoras-e-enchedoras","7":"desktop-align-center","8":"tablet-align-left","9":"mobile-align-left","11":"first","12":"instock","13":"shipping-taxable","14":"product-type-simple"},"acf":[],"_links":{"self":[{"href":"https:\/\/il-tec.com\/pt-br\/wp-json\/wp\/v2\/product\/16056","targetHints":{"allow":["GET"]}}],"collection":[{"href":"https:\/\/il-tec.com\/pt-br\/wp-json\/wp\/v2\/product"}],"about":[{"href":"https:\/\/il-tec.com\/pt-br\/wp-json\/wp\/v2\/types\/product"}],"wp:featuredmedia":[{"embeddable":true,"href":"https:\/\/il-tec.com\/pt-br\/wp-json\/wp\/v2\/media\/15400"}],"wp:attachment":[{"href":"https:\/\/il-tec.com\/pt-br\/wp-json\/wp\/v2\/media?parent=16056"}],"wp:term":[{"taxonomy":"product_brand","embeddable":true,"href":"https:\/\/il-tec.com\/pt-br\/wp-json\/wp\/v2\/product_brand?post=16056"},{"taxonomy":"product_cat","embeddable":true,"href":"https:\/\/il-tec.com\/pt-br\/wp-json\/wp\/v2\/product_cat?post=16056"},{"taxonomy":"product_tag","embeddable":true,"href":"https:\/\/il-tec.com\/pt-br\/wp-json\/wp\/v2\/product_tag?post=16056"}],"curies":[{"name":"wp","href":"https:\/\/api.w.org\/{rel}","templated":true}]}}