{"id":16054,"date":"2025-06-10T09:00:23","date_gmt":"2025-06-10T09:00:23","guid":{"rendered":"https:\/\/il-tec.com\/?post_type=product&#038;p=16054"},"modified":"2026-03-13T11:41:04","modified_gmt":"2026-03-13T11:41:04","slug":"ultrabeer","status":"publish","type":"product","link":"https:\/\/il-tec.com\/pt-br\/engarrafadoras-e-enchedoras\/ultrabeer\/","title":{"rendered":"UltraBeer"},"content":{"rendered":"<p><strong>UltraBeer &#8220;tudo-em-um&#8221;<\/strong><\/p>\n<p>A<strong> engarrafadora de cerveja ULTRABEER<\/strong> \u00e9 constru\u00edda inteiramente em a\u00e7o inoxid\u00e1vel. Este sistema profissional para cerveja est\u00e1 equipado com um bico de enchimento em a\u00e7o inoxid\u00e1vel de alta efici\u00eancia e precis\u00e3o.<\/p>\n<p>Quando a garrafa \u00e9 colocada sob o bico, o v\u00e1cuo criado internamente aspira o l\u00edquido diretamente do tanque de fermenta\u00e7\u00e3o para a garrafa, sem contato entre o l\u00edquido e quaisquer componentes mec\u00e2nicos, como bombas.<\/p>\n<p>A <strong>ULTRABEER vem completa com uma seringa profissional de recarga autom\u00e1tica<\/strong> para o enchimento da garrafa e um reservat\u00f3rio de vidro dedicado para a solu\u00e7\u00e3o de priming, permitindo uma dosagem pr\u00e1tica e confi\u00e1vel.<\/p>\n<p>A <strong>ULTRABEER &#8220;tudo-em-um&#8221; n\u00e3o \u00e9 apenas uma engarrafadora,<\/strong> mas tamb\u00e9m uma arrolhadora de garrafas, apresentando um m\u00f3dulo para arrolhar garrafas de cerveja de forma r\u00e1pida e f\u00e1cil. Um sistema de alavanca garante uma veda\u00e7\u00e3o perfeita com o m\u00ednimo esfor\u00e7o.<\/p>\n","protected":false},"excerpt":{"rendered":"<p>A m\u00e1quina de engarrafamento de cerveja ULTRABEER \u00e9 constru\u00edda inteiramente em a\u00e7o inoxid\u00e1vel. Este sistema profissional para cerveja possui um bico de enchimento em a\u00e7o inoxid\u00e1vel altamente eficiente e preciso.<\/p>\n","protected":false},"featured_media":15550,"template":"","meta":{"_acf_changed":false,"site-sidebar-layout":"default","site-content-layout":"","ast-site-content-layout":"default","site-content-style":"default","site-sidebar-style":"default","ast-global-header-display":"","ast-banner-title-visibility":"","ast-main-header-display":"","ast-hfb-above-header-display":"","ast-hfb-below-header-display":"","ast-hfb-mobile-header-display":"","site-post-title":"","ast-breadcrumbs-content":"","ast-featured-img":"","footer-sml-layout":"","ast-disable-related-posts":"","theme-transparent-header-meta":"default","adv-header-id-meta":"","stick-header-meta":"","header-above-stick-meta":"","header-main-stick-meta":"","header-below-stick-meta":"","astra-migrate-meta-layouts":"set","ast-page-background-enabled":"default","ast-page-background-meta":{"desktop":{"background-color":"var(--ast-global-color-5)","background-image":"","background-repeat":"repeat","background-position":"center center","background-size":"auto","background-attachment":"scroll","background-type":"","background-media":"","overlay-type":"","overlay-color":"","overlay-opacity":"","overlay-gradient":""},"tablet":{"background-color":"","background-image":"","background-repeat":"repeat","background-position":"center center","background-size":"auto","background-attachment":"scroll","background-type":"","background-media":"","overlay-type":"","overlay-color":"","overlay-opacity":"","overlay-gradient":""},"mobile":{"background-color":"","background-image":"","background-repeat":"repeat","background-position":"center center","background-size":"auto","background-attachment":"scroll","background-type":"","background-media":"","overlay-type":"","overlay-color":"","overlay-opacity":"","overlay-gradient":""}},"ast-content-background-meta":{"desktop":{"background-color":"var(--ast-global-color-4)","background-image":"","background-repeat":"repeat","background-position":"center center","background-size":"auto","background-attachment":"scroll","background-type":"","background-media":"","overlay-type":"","overlay-color":"","overlay-opacity":"","overlay-gradient":""},"tablet":{"background-color":"var(--ast-global-color-4)","background-image":"","background-repeat":"repeat","background-position":"center center","background-size":"auto","background-attachment":"scroll","background-type":"","background-media":"","overlay-type":"","overlay-color":"","overlay-opacity":"","overlay-gradient":""},"mobile":{"background-color":"var(--ast-global-color-4)","background-image":"","background-repeat":"repeat","background-position":"center center","background-size":"auto","background-attachment":"scroll","background-type":"","background-media":"","overlay-type":"","overlay-color":"","overlay-opacity":"","overlay-gradient":""}}},"product_brand":[],"product_cat":[508],"product_tag":[],"class_list":{"0":"post-16054","1":"product","2":"type-product","3":"status-publish","4":"has-post-thumbnail","6":"product_cat-engarrafadoras-e-enchedoras","7":"desktop-align-center","8":"tablet-align-left","9":"mobile-align-left","11":"first","12":"instock","13":"shipping-taxable","14":"product-type-simple"},"acf":[],"_links":{"self":[{"href":"https:\/\/il-tec.com\/pt-br\/wp-json\/wp\/v2\/product\/16054","targetHints":{"allow":["GET"]}}],"collection":[{"href":"https:\/\/il-tec.com\/pt-br\/wp-json\/wp\/v2\/product"}],"about":[{"href":"https:\/\/il-tec.com\/pt-br\/wp-json\/wp\/v2\/types\/product"}],"wp:featuredmedia":[{"embeddable":true,"href":"https:\/\/il-tec.com\/pt-br\/wp-json\/wp\/v2\/media\/15550"}],"wp:attachment":[{"href":"https:\/\/il-tec.com\/pt-br\/wp-json\/wp\/v2\/media?parent=16054"}],"wp:term":[{"taxonomy":"product_brand","embeddable":true,"href":"https:\/\/il-tec.com\/pt-br\/wp-json\/wp\/v2\/product_brand?post=16054"},{"taxonomy":"product_cat","embeddable":true,"href":"https:\/\/il-tec.com\/pt-br\/wp-json\/wp\/v2\/product_cat?post=16054"},{"taxonomy":"product_tag","embeddable":true,"href":"https:\/\/il-tec.com\/pt-br\/wp-json\/wp\/v2\/product_tag?post=16054"}],"curies":[{"name":"wp","href":"https:\/\/api.w.org\/{rel}","templated":true}]}}