{"id":16052,"date":"2025-06-09T16:12:27","date_gmt":"2025-06-09T16:12:27","guid":{"rendered":"https:\/\/il-tec.com\/?post_type=product&#038;p=16052"},"modified":"2026-03-13T11:35:48","modified_gmt":"2026-03-13T11:35:48","slug":"ultrafiller-4","status":"publish","type":"product","link":"https:\/\/il-tec.com\/pt-br\/engarrafadoras-e-enchedoras\/ultrafiller-4\/","title":{"rendered":"Ultrafiller 4"},"content":{"rendered":"<p>A <strong>engarrafadora Ultrafiller<\/strong> \u00e9 constru\u00edda inteiramente em a\u00e7o inoxid\u00e1vel, equipada com um tanque PYREX e quatro bicos de enchimento de alta precis\u00e3o e efici\u00eancia, tamb\u00e9m em a\u00e7o inoxid\u00e1vel.<\/p>\n<p><strong>A Ultrafiller \u00e9 uma engarrafadora profissional para vinhos, perfeita tamb\u00e9m para outros l\u00edquidos, como \u00f3leos e bebidas espirituosas.<\/strong><\/p>\n<p>Quando a garrafa \u00e9 colocada sob a enchedora <strong>ULTRAFILLER 4<\/strong>, o l\u00edquido \u00e9 aspirado pelo v\u00e1cuo criado internamente, sem qualquer contato entre o l\u00edquido e as bombas ou componentes mec\u00e2nicos.<\/p>\n<p>A Ultrafiller mista \u00e9 uma engarrafadora semiautom\u00e1tica ideal para \u00f3leos e bebidas espirituosas, constru\u00edda inteiramente em a\u00e7o inoxid\u00e1vel e equipada com um tanque PYREX.<\/p>\n<p>A combina\u00e7\u00e3o de dois bicos padr\u00e3o e dois bicos miniatura \u00e9 a melhor solu\u00e7\u00e3o para quem engarrafa pequenos lotes com uma grande variedade de formatos e tamanhos de garrafas.<\/p>\n<p>Assim como outras m\u00e1quinas ILTEC, est\u00e1 dispon\u00edvel em duas vers\u00f5es: el\u00e9trica ou pneum\u00e1tica.<\/p>\n<p>A vers\u00e3o el\u00e9trica destaca-se pela facilidade de opera\u00e7\u00e3o. A segunda, no entanto, \u00e9 a mais potente. \u00c9, portanto, perfeito para l\u00edquidos mais viscosos, como cremes \u00e0 base de \u00f3leo e licor.<\/p>\n","protected":false},"excerpt":{"rendered":"<p>A Ultrafiller \u00e9 uma m\u00e1quina profissional de engarrafamento de vinho que tamb\u00e9m \u00e9 perfeita para outros tipos de l\u00edquidos, como \u00f3leo e bebidas espirituosas.<\/p>\n","protected":false},"featured_media":15539,"template":"","meta":{"_acf_changed":false,"site-sidebar-layout":"default","site-content-layout":"","ast-site-content-layout":"default","site-content-style":"default","site-sidebar-style":"default","ast-global-header-display":"","ast-banner-title-visibility":"","ast-main-header-display":"","ast-hfb-above-header-display":"","ast-hfb-below-header-display":"","ast-hfb-mobile-header-display":"","site-post-title":"","ast-breadcrumbs-content":"","ast-featured-img":"","footer-sml-layout":"","ast-disable-related-posts":"","theme-transparent-header-meta":"default","adv-header-id-meta":"","stick-header-meta":"","header-above-stick-meta":"","header-main-stick-meta":"","header-below-stick-meta":"","astra-migrate-meta-layouts":"set","ast-page-background-enabled":"default","ast-page-background-meta":{"desktop":{"background-color":"var(--ast-global-color-5)","background-image":"","background-repeat":"repeat","background-position":"center center","background-size":"auto","background-attachment":"scroll","background-type":"","background-media":"","overlay-type":"","overlay-color":"","overlay-opacity":"","overlay-gradient":""},"tablet":{"background-color":"","background-image":"","background-repeat":"repeat","background-position":"center center","background-size":"auto","background-attachment":"scroll","background-type":"","background-media":"","overlay-type":"","overlay-color":"","overlay-opacity":"","overlay-gradient":""},"mobile":{"background-color":"","background-image":"","background-repeat":"repeat","background-position":"center center","background-size":"auto","background-attachment":"scroll","background-type":"","background-media":"","overlay-type":"","overlay-color":"","overlay-opacity":"","overlay-gradient":""}},"ast-content-background-meta":{"desktop":{"background-color":"var(--ast-global-color-4)","background-image":"","background-repeat":"repeat","background-position":"center center","background-size":"auto","background-attachment":"scroll","background-type":"","background-media":"","overlay-type":"","overlay-color":"","overlay-opacity":"","overlay-gradient":""},"tablet":{"background-color":"var(--ast-global-color-4)","background-image":"","background-repeat":"repeat","background-position":"center center","background-size":"auto","background-attachment":"scroll","background-type":"","background-media":"","overlay-type":"","overlay-color":"","overlay-opacity":"","overlay-gradient":""},"mobile":{"background-color":"var(--ast-global-color-4)","background-image":"","background-repeat":"repeat","background-position":"center center","background-size":"auto","background-attachment":"scroll","background-type":"","background-media":"","overlay-type":"","overlay-color":"","overlay-opacity":"","overlay-gradient":""}}},"product_brand":[],"product_cat":[508],"product_tag":[],"class_list":{"0":"post-16052","1":"product","2":"type-product","3":"status-publish","4":"has-post-thumbnail","6":"product_cat-engarrafadoras-e-enchedoras","7":"desktop-align-center","8":"tablet-align-left","9":"mobile-align-left","11":"first","12":"instock","13":"shipping-taxable","14":"product-type-simple"},"acf":[],"_links":{"self":[{"href":"https:\/\/il-tec.com\/pt-br\/wp-json\/wp\/v2\/product\/16052","targetHints":{"allow":["GET"]}}],"collection":[{"href":"https:\/\/il-tec.com\/pt-br\/wp-json\/wp\/v2\/product"}],"about":[{"href":"https:\/\/il-tec.com\/pt-br\/wp-json\/wp\/v2\/types\/product"}],"wp:featuredmedia":[{"embeddable":true,"href":"https:\/\/il-tec.com\/pt-br\/wp-json\/wp\/v2\/media\/15539"}],"wp:attachment":[{"href":"https:\/\/il-tec.com\/pt-br\/wp-json\/wp\/v2\/media?parent=16052"}],"wp:term":[{"taxonomy":"product_brand","embeddable":true,"href":"https:\/\/il-tec.com\/pt-br\/wp-json\/wp\/v2\/product_brand?post=16052"},{"taxonomy":"product_cat","embeddable":true,"href":"https:\/\/il-tec.com\/pt-br\/wp-json\/wp\/v2\/product_cat?post=16052"},{"taxonomy":"product_tag","embeddable":true,"href":"https:\/\/il-tec.com\/pt-br\/wp-json\/wp\/v2\/product_tag?post=16052"}],"curies":[{"name":"wp","href":"https:\/\/api.w.org\/{rel}","templated":true}]}}