{"id":16051,"date":"2025-06-09T15:47:16","date_gmt":"2025-06-09T15:47:16","guid":{"rendered":"https:\/\/il-tec.com\/?post_type=product&#038;p=16051"},"modified":"2026-03-13T11:30:06","modified_gmt":"2026-03-13T11:30:06","slug":"ultrafiller-2","status":"publish","type":"product","link":"https:\/\/il-tec.com\/pt-br\/engarrafadoras-e-enchedoras\/ultrafiller-2\/","title":{"rendered":"Ultrafiller 2"},"content":{"rendered":"<p>A <strong>engarrafadora Ultrafiller 2<\/strong> \u00e9 constru\u00edda inteiramente em a\u00e7o inoxid\u00e1vel, equipada com um tanque PYREX e dois bicos de enchimento de a\u00e7o inoxid\u00e1vel de alta efici\u00eancia e precis\u00e3o.<\/p>\n<p>A <strong>Ultrafiller \u00e9 uma engarrafadora profissional de vinhos, perfeita tamb\u00e9m para outros l\u00edquidos, como azeite e bebidas espirituosas.<\/strong><\/p>\n<p>Quando a garrafa \u00e9 colocada sob a <strong>engarrafadora ULTRAFILLER<\/strong>, o l\u00edquido \u00e9 aspirado pelo v\u00e1cuo criado internamente, sem qualquer contato entre o l\u00edquido e as bombas ou componentes mec\u00e2nicos.<\/p>\n<p>A <strong>ULTRAFILLER mignon<\/strong> \u00e9 uma engarrafadora particularmente adequada para azeite ou bebidas espirituosas. Constru\u00edda inteiramente em a\u00e7o inoxid\u00e1vel, est\u00e1 equipada com um tanque PYREX e dois bicos de enchimento de a\u00e7o inoxid\u00e1vel intercambi\u00e1veis, de alta efici\u00eancia e precis\u00e3o. Esta engarrafadora de azeite e bebidas espirituosas, com seu bico em miniatura de apenas 8 mm de di\u00e2metro, \u00e9 perfeita para garrafas menores!<\/p>\n<p>A altura do bico pode ser ajustada para se adaptar a garrafas e frascos de diferentes tamanhos.<\/p>\n","protected":false},"excerpt":{"rendered":"<p>A m\u00e1quina de envase Ultrafiller 2 \u00e9 constru\u00edda inteiramente em a\u00e7o inoxid\u00e1vel, equipada com um tanque PYREX e dois bicos de enchimento de a\u00e7o inoxid\u00e1vel de alta efici\u00eancia e precis\u00e3o.<\/p>\n","protected":false},"featured_media":14488,"template":"","meta":{"_acf_changed":false,"site-sidebar-layout":"default","site-content-layout":"","ast-site-content-layout":"default","site-content-style":"default","site-sidebar-style":"default","ast-global-header-display":"","ast-banner-title-visibility":"","ast-main-header-display":"","ast-hfb-above-header-display":"","ast-hfb-below-header-display":"","ast-hfb-mobile-header-display":"","site-post-title":"","ast-breadcrumbs-content":"","ast-featured-img":"","footer-sml-layout":"","ast-disable-related-posts":"","theme-transparent-header-meta":"default","adv-header-id-meta":"","stick-header-meta":"","header-above-stick-meta":"","header-main-stick-meta":"","header-below-stick-meta":"","astra-migrate-meta-layouts":"set","ast-page-background-enabled":"default","ast-page-background-meta":{"desktop":{"background-color":"var(--ast-global-color-5)","background-image":"","background-repeat":"repeat","background-position":"center center","background-size":"auto","background-attachment":"scroll","background-type":"","background-media":"","overlay-type":"","overlay-color":"","overlay-opacity":"","overlay-gradient":""},"tablet":{"background-color":"","background-image":"","background-repeat":"repeat","background-position":"center center","background-size":"auto","background-attachment":"scroll","background-type":"","background-media":"","overlay-type":"","overlay-color":"","overlay-opacity":"","overlay-gradient":""},"mobile":{"background-color":"","background-image":"","background-repeat":"repeat","background-position":"center center","background-size":"auto","background-attachment":"scroll","background-type":"","background-media":"","overlay-type":"","overlay-color":"","overlay-opacity":"","overlay-gradient":""}},"ast-content-background-meta":{"desktop":{"background-color":"var(--ast-global-color-4)","background-image":"","background-repeat":"repeat","background-position":"center center","background-size":"auto","background-attachment":"scroll","background-type":"","background-media":"","overlay-type":"","overlay-color":"","overlay-opacity":"","overlay-gradient":""},"tablet":{"background-color":"var(--ast-global-color-4)","background-image":"","background-repeat":"repeat","background-position":"center center","background-size":"auto","background-attachment":"scroll","background-type":"","background-media":"","overlay-type":"","overlay-color":"","overlay-opacity":"","overlay-gradient":""},"mobile":{"background-color":"var(--ast-global-color-4)","background-image":"","background-repeat":"repeat","background-position":"center center","background-size":"auto","background-attachment":"scroll","background-type":"","background-media":"","overlay-type":"","overlay-color":"","overlay-opacity":"","overlay-gradient":""}}},"product_brand":[],"product_cat":[508],"product_tag":[],"class_list":{"0":"post-16051","1":"product","2":"type-product","3":"status-publish","4":"has-post-thumbnail","6":"product_cat-engarrafadoras-e-enchedoras","7":"desktop-align-center","8":"tablet-align-left","9":"mobile-align-left","11":"first","12":"instock","13":"shipping-taxable","14":"product-type-simple"},"acf":[],"_links":{"self":[{"href":"https:\/\/il-tec.com\/pt-br\/wp-json\/wp\/v2\/product\/16051","targetHints":{"allow":["GET"]}}],"collection":[{"href":"https:\/\/il-tec.com\/pt-br\/wp-json\/wp\/v2\/product"}],"about":[{"href":"https:\/\/il-tec.com\/pt-br\/wp-json\/wp\/v2\/types\/product"}],"wp:featuredmedia":[{"embeddable":true,"href":"https:\/\/il-tec.com\/pt-br\/wp-json\/wp\/v2\/media\/14488"}],"wp:attachment":[{"href":"https:\/\/il-tec.com\/pt-br\/wp-json\/wp\/v2\/media?parent=16051"}],"wp:term":[{"taxonomy":"product_brand","embeddable":true,"href":"https:\/\/il-tec.com\/pt-br\/wp-json\/wp\/v2\/product_brand?post=16051"},{"taxonomy":"product_cat","embeddable":true,"href":"https:\/\/il-tec.com\/pt-br\/wp-json\/wp\/v2\/product_cat?post=16051"},{"taxonomy":"product_tag","embeddable":true,"href":"https:\/\/il-tec.com\/pt-br\/wp-json\/wp\/v2\/product_tag?post=16051"}],"curies":[{"name":"wp","href":"https:\/\/api.w.org\/{rel}","templated":true}]}}