{"id":16048,"date":"2025-05-29T08:29:44","date_gmt":"2025-05-29T08:29:44","guid":{"rendered":"https:\/\/il-tec.com\/?post_type=product&#038;p=16048"},"modified":"2026-03-13T11:25:33","modified_gmt":"2026-03-13T11:25:33","slug":"ultrafiller-1-lite","status":"publish","type":"product","link":"https:\/\/il-tec.com\/pt-br\/engarrafadoras-e-enchedoras\/ultrafiller-1-lite\/","title":{"rendered":"Ultrafiller 1 Lite"},"content":{"rendered":"<p>A <strong>Ultrafiller 1 Lite<\/strong> \u00e9 a nova vers\u00e3o compacta de cabe\u00e7ote \u00fanico da engarrafadora Ultrafiller 1. O corpo da m\u00e1quina \u00e9 feito de pl\u00e1stico resistente, o bico de enchimento \u00e9 de a\u00e7o inoxid\u00e1vel e o reservat\u00f3rio \u00e9 de pl\u00e1stico pr\u00f3prio para contato com alimentos.<\/p>\n<p>A <strong>Ultrafiller 1 Lite<\/strong> \u00e9 uma engarrafadora de vinhos que tamb\u00e9m \u00e9 perfeita para outros l\u00edquidos, como \u00f3leos, bebidas destiladas e perfumes.<\/p>\n<p>Quando a garrafa \u00e9 colocada sob a <strong>Ultrafiller 1 Lite<\/strong>, o l\u00edquido \u00e9 aspirado pelo v\u00e1cuo criado internamente, sem qualquer contato entre o l\u00edquido e as bombas ou componentes mec\u00e2nicos.<\/p>\n<p>Tamb\u00e9m dispon\u00edvel na vers\u00e3o com bico remov\u00edvel, que pode ser facilmente retirado para um enchimento mais pr\u00e1tico.<\/p>\n","protected":false},"excerpt":{"rendered":"<p>A Ultrafiller 1 Lite \u00e9 a nova vers\u00e3o compacta de cabe\u00e7ote \u00fanico da envaseadora Ultrafiller 1. O corpo da m\u00e1quina \u00e9 feito de pl\u00e1stico resistente, enquanto o bico de enchimento \u00e9 de a\u00e7o inoxid\u00e1vel. O tanque \u00e9 feito de pl\u00e1stico pr\u00f3prio para contato com alimentos.<\/p>\n","protected":false},"featured_media":15535,"template":"","meta":{"_acf_changed":false,"site-sidebar-layout":"default","site-content-layout":"","ast-site-content-layout":"default","site-content-style":"default","site-sidebar-style":"default","ast-global-header-display":"","ast-banner-title-visibility":"","ast-main-header-display":"","ast-hfb-above-header-display":"","ast-hfb-below-header-display":"","ast-hfb-mobile-header-display":"","site-post-title":"","ast-breadcrumbs-content":"","ast-featured-img":"","footer-sml-layout":"","ast-disable-related-posts":"","theme-transparent-header-meta":"default","adv-header-id-meta":"","stick-header-meta":"","header-above-stick-meta":"","header-main-stick-meta":"","header-below-stick-meta":"","astra-migrate-meta-layouts":"set","ast-page-background-enabled":"default","ast-page-background-meta":{"desktop":{"background-color":"var(--ast-global-color-5)","background-image":"","background-repeat":"repeat","background-position":"center center","background-size":"auto","background-attachment":"scroll","background-type":"","background-media":"","overlay-type":"","overlay-color":"","overlay-opacity":"","overlay-gradient":""},"tablet":{"background-color":"","background-image":"","background-repeat":"repeat","background-position":"center center","background-size":"auto","background-attachment":"scroll","background-type":"","background-media":"","overlay-type":"","overlay-color":"","overlay-opacity":"","overlay-gradient":""},"mobile":{"background-color":"","background-image":"","background-repeat":"repeat","background-position":"center center","background-size":"auto","background-attachment":"scroll","background-type":"","background-media":"","overlay-type":"","overlay-color":"","overlay-opacity":"","overlay-gradient":""}},"ast-content-background-meta":{"desktop":{"background-color":"var(--ast-global-color-4)","background-image":"","background-repeat":"repeat","background-position":"center center","background-size":"auto","background-attachment":"scroll","background-type":"","background-media":"","overlay-type":"","overlay-color":"","overlay-opacity":"","overlay-gradient":""},"tablet":{"background-color":"var(--ast-global-color-4)","background-image":"","background-repeat":"repeat","background-position":"center center","background-size":"auto","background-attachment":"scroll","background-type":"","background-media":"","overlay-type":"","overlay-color":"","overlay-opacity":"","overlay-gradient":""},"mobile":{"background-color":"var(--ast-global-color-4)","background-image":"","background-repeat":"repeat","background-position":"center center","background-size":"auto","background-attachment":"scroll","background-type":"","background-media":"","overlay-type":"","overlay-color":"","overlay-opacity":"","overlay-gradient":""}}},"product_brand":[],"product_cat":[508],"product_tag":[],"class_list":{"0":"post-16048","1":"product","2":"type-product","3":"status-publish","4":"has-post-thumbnail","6":"product_cat-engarrafadoras-e-enchedoras","7":"desktop-align-center","8":"tablet-align-left","9":"mobile-align-left","11":"first","12":"instock","13":"shipping-taxable","14":"product-type-simple"},"acf":[],"_links":{"self":[{"href":"https:\/\/il-tec.com\/pt-br\/wp-json\/wp\/v2\/product\/16048","targetHints":{"allow":["GET"]}}],"collection":[{"href":"https:\/\/il-tec.com\/pt-br\/wp-json\/wp\/v2\/product"}],"about":[{"href":"https:\/\/il-tec.com\/pt-br\/wp-json\/wp\/v2\/types\/product"}],"wp:featuredmedia":[{"embeddable":true,"href":"https:\/\/il-tec.com\/pt-br\/wp-json\/wp\/v2\/media\/15535"}],"wp:attachment":[{"href":"https:\/\/il-tec.com\/pt-br\/wp-json\/wp\/v2\/media?parent=16048"}],"wp:term":[{"taxonomy":"product_brand","embeddable":true,"href":"https:\/\/il-tec.com\/pt-br\/wp-json\/wp\/v2\/product_brand?post=16048"},{"taxonomy":"product_cat","embeddable":true,"href":"https:\/\/il-tec.com\/pt-br\/wp-json\/wp\/v2\/product_cat?post=16048"},{"taxonomy":"product_tag","embeddable":true,"href":"https:\/\/il-tec.com\/pt-br\/wp-json\/wp\/v2\/product_tag?post=16048"}],"curies":[{"name":"wp","href":"https:\/\/api.w.org\/{rel}","templated":true}]}}