{"id":15839,"date":"2026-03-12T17:48:49","date_gmt":"2026-03-12T17:48:49","guid":{"rendered":"https:\/\/il-tec.com\/?page_id=15839"},"modified":"2026-03-12T17:54:52","modified_gmt":"2026-03-12T17:54:52","slug":"engarrafamento-de-molho-de-tomate","status":"publish","type":"page","link":"https:\/\/il-tec.com\/pt-br\/engarrafamento-de-molho-de-tomate\/","title":{"rendered":"ENGARRAFAMENTO DE MOLHO DE TOMATE"},"content":{"rendered":"\t\t<div data-elementor-type=\"wp-page\" data-elementor-id=\"15839\" class=\"elementor elementor-15839 elementor-10722\" data-elementor-post-type=\"page\">\n\t\t\t\t<div data-dce-background-overlay-color=\"#13379E\" class=\"elementor-element elementor-element-776b392c e-flex e-con-boxed e-con e-parent\" data-id=\"776b392c\" data-element_type=\"container\" data-e-type=\"container\" data-settings=\"{&quot;background_background&quot;:&quot;video&quot;,&quot;shape_divider_bottom&quot;:&quot;opacity-tilt&quot;,&quot;background_play_on_mobile&quot;:&quot;yes&quot;,&quot;background_video_start&quot;:0}\">\n\t\t\t\t\t<div class=\"e-con-inner\">\n\t\t\t\t<div class=\"elementor-shape elementor-shape-bottom\" aria-hidden=\"true\" data-negative=\"false\">\n\t\t\t<svg xmlns=\"http:\/\/www.w3.org\/2000\/svg\" viewBox=\"0 0 2600 131.1\" preserveAspectRatio=\"none\">\n\t<path class=\"elementor-shape-fill\" d=\"M0 0L2600 0 2600 69.1 0 0z\"\/>\n\t<path class=\"elementor-shape-fill\" style=\"opacity:0.5\" d=\"M0 0L2600 0 2600 69.1 0 69.1z\"\/>\n\t<path class=\"elementor-shape-fill\" style=\"opacity:0.25\" d=\"M2600 0L0 0 0 130.1 2600 69.1z\"\/>\n<\/svg>\t\t<\/div>\n\t\t\t\t<div data-dce-title-color=\"#F8F8F8\" class=\"elementor-element elementor-element-26eb5bde elementor-widget elementor-widget-heading\" data-id=\"26eb5bde\" data-element_type=\"widget\" data-e-type=\"widget\" data-widget_type=\"heading.default\">\n\t\t\t\t\t<h1 class=\"elementor-heading-title elementor-size-default\">ENGARRAFAMENTO<br>DE MOLHO DE TOMATE<\/h1>\t\t\t\t<\/div>\n\t\t\t\t\t<\/div>\n\t\t\t\t<\/div>\n\t\t<div data-dce-background-color=\"#000000\" class=\"elementor-element elementor-element-50139496 e-flex e-con-boxed e-con e-parent\" data-id=\"50139496\" data-element_type=\"container\" data-e-type=\"container\" data-settings=\"{&quot;background_background&quot;:&quot;classic&quot;}\">\n\t\t\t\t\t<div class=\"e-con-inner\">\n\t\t\t\t<div class=\"elementor-element elementor-element-2d4fa705 elementor-widget elementor-widget-heading\" data-id=\"2d4fa705\" data-element_type=\"widget\" data-e-type=\"widget\" data-widget_type=\"heading.default\">\n\t\t\t\t\t<h2 class=\"elementor-heading-title elementor-size-default\">ENGARRAFAMENTO DE MOLHO DE TOMATE\n<br>Processo e m\u00e1quinas\n<\/h2>\t\t\t\t<\/div>\n\t\t\t\t<div data-dce-text-color=\"#D1D5DB\" class=\"elementor-element elementor-element-43084952 elementor-widget elementor-widget-text-editor\" data-id=\"43084952\" data-element_type=\"widget\" data-e-type=\"widget\" data-widget_type=\"text-editor.default\">\n\t\t\t\t\t\t\t\t\t<strong>O engarrafamento de molho de tomate<\/strong> \u00e9 uma etapa essencial na ind\u00fastria aliment\u00edcia, desempenhando um papel fundamental na preserva\u00e7\u00e3o do frescor,<br>do sabor e da qualidade do produto.\n<br>Esse processo permite a produ\u00e7\u00e3o de alimentos com maior vida \u00fatil, facilitando a distribui\u00e7\u00e3o e o consumo seguro pelo mercado.\n<br>A correta conserva\u00e7\u00e3o e o uso de m\u00e1quinas especializadas s\u00e3o indispens\u00e1veis para manter<br>a integridade do produto e prolongar sua validade.\t\t\t\t\t\t\t\t<\/div>\n\t\t\t\t\t<\/div>\n\t\t\t\t<\/div>\n\t\t<div data-dce-background-color=\"#000000\" class=\"elementor-element elementor-element-73a796e e-flex e-con-boxed e-con e-parent\" data-id=\"73a796e\" data-element_type=\"container\" data-e-type=\"container\" data-settings=\"{&quot;background_background&quot;:&quot;classic&quot;}\">\n\t\t\t\t\t<div class=\"e-con-inner\">\n\t\t<div class=\"elementor-element elementor-element-2428dba e-con-full e-flex e-con e-child\" data-id=\"2428dba\" data-element_type=\"container\" data-e-type=\"container\">\n\t\t\t\t<div class=\"elementor-element elementor-element-e97caa1 elementor-widget elementor-widget-heading\" data-id=\"e97caa1\" data-element_type=\"widget\" data-e-type=\"widget\" data-widget_type=\"heading.default\">\n\t\t\t\t\t<h2 class=\"elementor-heading-title elementor-size-default\">ETAPAS DO ENGARRAFAMENTO DE MOLHO DE TOMATE<\/h2>\t\t\t\t<\/div>\n\t\t\t\t<\/div>\n\t\t<div class=\"elementor-element elementor-element-168dc23 e-con-full e-flex e-con e-child\" data-id=\"168dc23\" data-element_type=\"container\" data-e-type=\"container\">\n\t\t\t\t<div class=\"elementor-element elementor-element-60e027d dce_masking-none elementor-widget elementor-widget-image\" data-id=\"60e027d\" data-element_type=\"widget\" data-e-type=\"widget\" data-widget_type=\"image.default\">\n\t\t\t\t\t\t\t\t\t\t\t\t\t\t\t<img fetchpriority=\"high\" decoding=\"async\" width=\"973\" height=\"1024\" src=\"https:\/\/il-tec.com\/wp-content\/uploads\/2025\/06\/succo-di-pomodoro-fresco-pronto-da-servire-scaled-1-973x1024.jpg\" class=\"attachment-large size-large wp-image-15467\" alt=\"Imbottigliamento Pomodoro\" srcset=\"https:\/\/il-tec.com\/wp-content\/uploads\/2025\/06\/succo-di-pomodoro-fresco-pronto-da-servire-scaled-1-973x1024.jpg 973w, https:\/\/il-tec.com\/wp-content\/uploads\/2025\/06\/succo-di-pomodoro-fresco-pronto-da-servire-scaled-1-285x300.jpg 285w, https:\/\/il-tec.com\/wp-content\/uploads\/2025\/06\/succo-di-pomodoro-fresco-pronto-da-servire-scaled-1-768x808.jpg 768w, https:\/\/il-tec.com\/wp-content\/uploads\/2025\/06\/succo-di-pomodoro-fresco-pronto-da-servire-scaled-1-1459x1536.jpg 1459w, https:\/\/il-tec.com\/wp-content\/uploads\/2025\/06\/succo-di-pomodoro-fresco-pronto-da-servire-scaled-1-1946x2048.jpg 1946w, https:\/\/il-tec.com\/wp-content\/uploads\/2025\/06\/succo-di-pomodoro-fresco-pronto-da-servire-scaled-1-1800x1895.jpg 1800w, https:\/\/il-tec.com\/wp-content\/uploads\/2025\/06\/succo-di-pomodoro-fresco-pronto-da-servire-scaled-1-600x632.jpg 600w, https:\/\/il-tec.com\/wp-content\/uploads\/2025\/06\/succo-di-pomodoro-fresco-pronto-da-servire-scaled-1-64x67.jpg 64w\" sizes=\"(max-width: 973px) 100vw, 973px\" \/>\t\t\t\t\t\t\t\t\t\t\t\t\t\t\t<\/div>\n\t\t\t\t<\/div>\n\t\t<div class=\"elementor-element elementor-element-e199370 e-con-full e-flex e-con e-child\" data-id=\"e199370\" data-element_type=\"container\" data-e-type=\"container\">\n\t\t\t\t<div data-dce-text-color=\"#D1D5DB\" class=\"elementor-element elementor-element-bee027a elementor-widget elementor-widget-text-editor\" data-id=\"bee027a\" data-element_type=\"widget\" data-e-type=\"widget\" data-widget_type=\"text-editor.default\">\n\t\t\t\t\t\t\t\t\t<p>O processo normalmente envolve as seguintes fases:<\/p><ul><li><b>Prepara\u00e7\u00e3o: <\/b>os tomates s\u00e3o lavados, descascados e triturados at\u00e9 atingir a consist\u00eancia desejada.<\/li><li><b>Esteriliza\u00e7\u00e3o: <\/b>o molho passa por tratamento t\u00e9rmico para eliminar bact\u00e9rias e outros microrganismos indesejados.<\/li><li><b>Enchimento: <\/b>o molho esterilizado \u00e9 transferido para as garrafas por meio de m\u00e1quinas de enchimento, manuais ou autom\u00e1ticas. Esses equipamentos garantem dosagem precisa e uniforme em cada embalagem.<\/li><li><b>Selagem ou tampagem: <\/b>ap\u00f3s o enchimento, as garrafas s\u00e3o fechadas com tampas herm\u00e9ticas para evitar contamina\u00e7\u00e3o e preservar a qualidade do produto.<\/li><li><span style=\"font-style: inherit;\"><b>Rotulagem e embalagem:<\/b><\/span><span style=\"font-style: inherit; font-weight: inherit;\"> as garrafas recebem r\u00f3tulos com informa\u00e7\u00f5es essenciais, como marca, ingredientes e data de validade, sendo ent\u00e3o preparadas para comercializa\u00e7\u00e3o.<\/span><\/li><\/ul>\t\t\t\t\t\t\t\t<\/div>\n\t\t\t\t<\/div>\n\t\t\t\t\t<\/div>\n\t\t\t\t<\/div>\n\t\t<div data-dce-background-color=\"#000000\" class=\"elementor-element elementor-element-502e16c e-flex e-con-boxed e-con e-parent\" data-id=\"502e16c\" data-element_type=\"container\" data-e-type=\"container\" data-settings=\"{&quot;background_background&quot;:&quot;classic&quot;}\">\n\t\t\t\t\t<div class=\"e-con-inner\">\n\t\t\t\t<div class=\"elementor-element elementor-element-458722c elementor-widget elementor-widget-heading\" data-id=\"458722c\" data-element_type=\"widget\" data-e-type=\"widget\" data-widget_type=\"heading.default\">\n\t\t\t\t\t<h2 class=\"elementor-heading-title elementor-size-default\">M\u00c1QUINAS PARA ENGARRAFAMENTO DE MOLHO DE TOMATE<\/h2>\t\t\t\t<\/div>\n\t\t\t\t<div data-dce-text-color=\"#D1D5DB\" class=\"elementor-element elementor-element-9bca8d1 elementor-widget elementor-widget-text-editor\" data-id=\"9bca8d1\" data-element_type=\"widget\" data-e-type=\"widget\" data-widget_type=\"text-editor.default\">\n\t\t\t\t\t\t\t\t\t<div class=\"et_pb_row et_pb_row_3\"><div class=\"et_pb_column et_pb_column_1_2 et_pb_column_5 et_pb_css_mix_blend_mode_passthrough et-last-child\"><div class=\"et_pb_module et_pb_text et_pb_text_3 et_pb_text_align_left et_pb_bg_layout_light\"><div class=\"et_pb_text_inner\"><p>O uso de equipamentos especializados \u00e9 fundamental para garantir um processo eficiente, seguro e padronizado. Entre as principais m\u00e1quinas utilizadas est\u00e3o:<\/p><ol><li><b>M\u00e1quinas de tritura\u00e7\u00e3o e press\u00e3o:<\/b> respons\u00e1veis por processar os tomates at\u00e9 alcan\u00e7ar a textura ideal do molho.<\/li><li><b>Equipamentos de esteriliza\u00e7\u00e3o: <\/b>aplicam tratamento t\u00e9rmico para eliminar microrganismos e ampliar a vida \u00fatil do produto.<\/li><li><b>M\u00e1quinas de enchimento ou engarrafamento:<\/b> realizam o envase de forma r\u00e1pida e precisa, utilizando sistemas de dosagem mec\u00e2nicos ou eletr\u00f4nicos que asseguram distribui\u00e7\u00e3o uniforme e reduzem falhas.<\/li><li><b>Seladoras autom\u00e1ticas:<\/b> aplicam tampas herm\u00e9ticas, garantindo fechamento seguro das embalagens.<\/li><li><b>Rotuladoras e embaladoras: <\/b>aplicam os r\u00f3tulos e preparam o produto final para distribui\u00e7\u00e3o.<\/li><\/ol><p>O <b>engarrafamento de molho de tomate<\/b> exige um processo confi\u00e1vel e controlado para assegurar a qualidade do produto final.<br \/>Investir em um sistema de engarrafamento moderno e tecnologicamente avan\u00e7ado contribui para aumentar a produtividade, reduzir perdas e garantir maior satisfa\u00e7\u00e3o dos consumidores.<\/p><\/div><\/div><\/div><\/div>\t\t\t\t\t\t\t\t<\/div>\n\t\t\t\t\t<\/div>\n\t\t\t\t<\/div>\n\t\t<div data-dce-background-color=\"#000000\" class=\"elementor-element elementor-element-76fe6da e-flex e-con-boxed e-con e-parent\" data-id=\"76fe6da\" data-element_type=\"container\" data-e-type=\"container\" data-settings=\"{&quot;background_background&quot;:&quot;classic&quot;}\">\n\t\t\t\t\t<div class=\"e-con-inner\">\n\t\t\t\t<div class=\"elementor-element elementor-element-e526d9f elementor-grid-4 elementor-grid-tablet-2 elementor-grid-mobile-1 elementor-widget elementor-widget-portfolio\" data-id=\"e526d9f\" data-element_type=\"widget\" data-e-type=\"widget\" data-settings=\"{&quot;columns&quot;:&quot;4&quot;,&quot;item_ratio&quot;:{&quot;unit&quot;:&quot;px&quot;,&quot;size&quot;:0.75,&quot;sizes&quot;:[]},&quot;row_gap&quot;:{&quot;unit&quot;:&quot;px&quot;,&quot;size&quot;:25,&quot;sizes&quot;:[]},&quot;columns_tablet&quot;:&quot;2&quot;,&quot;columns_mobile&quot;:&quot;1&quot;,&quot;item_gap&quot;:{&quot;unit&quot;:&quot;px&quot;,&quot;size&quot;:&quot;&quot;,&quot;sizes&quot;:[]}}\" data-widget_type=\"portfolio.default\">\n\t\t\t\t<div class=\"elementor-widget-container\">\n\t\t\t\t\t\t\t<ul class=\"elementor-portfolio__filters\">\n\t\t\t<li class=\"elementor-portfolio__filter elementor-active\" tabindex=\"0\" data-filter=\"__all\">Todos<\/li>\n\t\t\t\t\t\t\t<li class=\"elementor-portfolio__filter\" tabindex=\"0\" data-filter=\"507\">Acess\u00f3rios<\/li>\n\t\t\t\t\t\t\t<li class=\"elementor-portfolio__filter\" tabindex=\"0\" data-filter=\"508\">Engarrafadoras e enchedoras<\/li>\n\t\t\t\t\t\t\t<li class=\"elementor-portfolio__filter\" tabindex=\"0\" data-filter=\"506\">M\u00e1quinas tampadoras<\/li>\n\t\t\t\t\t<\/ul>\n\t\t\t\t<div class=\"elementor-portfolio elementor-grid elementor-posts-container\" role=\"list\">\n\t\t\t\t<article class=\"elementor-portfolio-item elementor-post elementor-filter-508 post-16058 product type-product status-publish has-post-thumbnail product_cat-engarrafadoras-e-enchedoras desktop-align-center tablet-align-left mobile-align-left first instock shipping-taxable product-type-simple\" role=\"listitem\">\n\t\t\t<a class=\"elementor-post__thumbnail__link\" href=\"https:\/\/il-tec.com\/pt-br\/engarrafadoras-e-enchedoras\/ultrafiller-para-liquidos-densos\/\">\n\t\t\t\t<div class=\"elementor-portfolio-item__img elementor-post__thumbnail\">\n\t\t\t<img decoding=\"async\" width=\"300\" height=\"197\" src=\"https:\/\/il-tec.com\/wp-content\/uploads\/2025\/06\/UF-POMODORO-300x197.png\" class=\"attachment-medium size-medium wp-image-15549\" alt=\"Imbottigliatrice Ultrafiller Pomodoro\" srcset=\"https:\/\/il-tec.com\/wp-content\/uploads\/2025\/06\/UF-POMODORO-300x197.png 300w, https:\/\/il-tec.com\/wp-content\/uploads\/2025\/06\/UF-POMODORO-768x505.png 768w, https:\/\/il-tec.com\/wp-content\/uploads\/2025\/06\/UF-POMODORO-600x394.png 600w, https:\/\/il-tec.com\/wp-content\/uploads\/2025\/06\/UF-POMODORO-64x42.png 64w, https:\/\/il-tec.com\/wp-content\/uploads\/2025\/06\/UF-POMODORO.png 960w\" sizes=\"(max-width: 300px) 100vw, 300px\" \/>\t\t<\/div>\n\t\t\t\t<div class=\"elementor-portfolio-item__overlay\">\n\t\t\t\t<h3 class=\"elementor-portfolio-item__title\">\n\t\tUltrafiller para l\u00edquidos densos\t\t<\/h3>\n\t\t\t\t<\/div>\n\t\t\t\t<\/a>\n\t\t<\/article>\n\t\t\t\t<article class=\"elementor-portfolio-item elementor-post elementor-filter-507 post-16064 product type-product status-publish has-post-thumbnail product_cat-acessorios desktop-align-center tablet-align-left mobile-align-left  instock shipping-taxable product-type-simple\" role=\"listitem\">\n\t\t\t<a class=\"elementor-post__thumbnail__link\" href=\"https:\/\/il-tec.com\/pt-br\/acessorios\/filtro-de-banho-de-oleo\/\">\n\t\t\t\t<div class=\"elementor-portfolio-item__img elementor-post__thumbnail\">\n\t\t\t<img decoding=\"async\" width=\"300\" height=\"197\" src=\"https:\/\/il-tec.com\/wp-content\/uploads\/2025\/06\/Accessori-3-Filtro-zuccheri-683x1024-1-300x197.jpg\" class=\"attachment-medium size-medium wp-image-15419\" alt=\"Filtro a Bagno d&#039;olio\" srcset=\"https:\/\/il-tec.com\/wp-content\/uploads\/2025\/06\/Accessori-3-Filtro-zuccheri-683x1024-1-300x197.jpg 300w, https:\/\/il-tec.com\/wp-content\/uploads\/2025\/06\/Accessori-3-Filtro-zuccheri-683x1024-1-768x505.jpg 768w, https:\/\/il-tec.com\/wp-content\/uploads\/2025\/06\/Accessori-3-Filtro-zuccheri-683x1024-1-600x394.jpg 600w, https:\/\/il-tec.com\/wp-content\/uploads\/2025\/06\/Accessori-3-Filtro-zuccheri-683x1024-1-64x42.jpg 64w, https:\/\/il-tec.com\/wp-content\/uploads\/2025\/06\/Accessori-3-Filtro-zuccheri-683x1024-1.jpg 960w\" sizes=\"(max-width: 300px) 100vw, 300px\" \/>\t\t<\/div>\n\t\t\t\t<div class=\"elementor-portfolio-item__overlay\">\n\t\t\t\t<h3 class=\"elementor-portfolio-item__title\">\n\t\tFiltro de banho de \u00f3leo\t\t<\/h3>\n\t\t\t\t<\/div>\n\t\t\t\t<\/a>\n\t\t<\/article>\n\t\t\t\t<article class=\"elementor-portfolio-item elementor-post elementor-filter-507 post-16066 product type-product status-publish has-post-thumbnail product_cat-acessorios desktop-align-center tablet-align-left mobile-align-left  instock shipping-taxable product-type-simple\" role=\"listitem\">\n\t\t\t<a class=\"elementor-post__thumbnail__link\" href=\"https:\/\/il-tec.com\/pt-br\/acessorios\/bicos-de-reposicao\/\">\n\t\t\t\t<div class=\"elementor-portfolio-item__img elementor-post__thumbnail\">\n\t\t\t<img loading=\"lazy\" decoding=\"async\" width=\"300\" height=\"197\" src=\"https:\/\/il-tec.com\/wp-content\/uploads\/2025\/06\/NOZZLE-LONGSTD-7640-300x197.jpg\" class=\"attachment-medium size-medium wp-image-15420\" alt=\"Beccucci di ricambio per imbottigliatrici Ultrafiller\" srcset=\"https:\/\/il-tec.com\/wp-content\/uploads\/2025\/06\/NOZZLE-LONGSTD-7640-300x197.jpg 300w, https:\/\/il-tec.com\/wp-content\/uploads\/2025\/06\/NOZZLE-LONGSTD-7640-768x505.jpg 768w, https:\/\/il-tec.com\/wp-content\/uploads\/2025\/06\/NOZZLE-LONGSTD-7640-600x394.jpg 600w, https:\/\/il-tec.com\/wp-content\/uploads\/2025\/06\/NOZZLE-LONGSTD-7640-64x42.jpg 64w, https:\/\/il-tec.com\/wp-content\/uploads\/2025\/06\/NOZZLE-LONGSTD-7640.jpg 960w\" sizes=\"(max-width: 300px) 100vw, 300px\" \/>\t\t<\/div>\n\t\t\t\t<div class=\"elementor-portfolio-item__overlay\">\n\t\t\t\t<h3 class=\"elementor-portfolio-item__title\">\n\t\tBicos de reposi\u00e7\u00e3o\t\t<\/h3>\n\t\t\t\t<\/div>\n\t\t\t\t<\/a>\n\t\t<\/article>\n\t\t\t\t<article class=\"elementor-portfolio-item elementor-post elementor-filter-507 post-16068 product type-product status-publish has-post-thumbnail product_cat-acessorios desktop-align-center tablet-align-left mobile-align-left last instock shipping-taxable product-type-simple\" role=\"listitem\">\n\t\t\t<a class=\"elementor-post__thumbnail__link\" href=\"https:\/\/il-tec.com\/pt-br\/acessorios\/gommini\/\">\n\t\t\t\t<div class=\"elementor-portfolio-item__img elementor-post__thumbnail\">\n\t\t\t<img loading=\"lazy\" decoding=\"async\" width=\"300\" height=\"197\" src=\"https:\/\/il-tec.com\/wp-content\/uploads\/2025\/06\/IMG_0028def-gommini-A-300x197.jpg\" class=\"attachment-medium size-medium wp-image-15434\" alt=\"Gommini Standard\" srcset=\"https:\/\/il-tec.com\/wp-content\/uploads\/2025\/06\/IMG_0028def-gommini-A-300x197.jpg 300w, https:\/\/il-tec.com\/wp-content\/uploads\/2025\/06\/IMG_0028def-gommini-A-768x505.jpg 768w, https:\/\/il-tec.com\/wp-content\/uploads\/2025\/06\/IMG_0028def-gommini-A-600x394.jpg 600w, https:\/\/il-tec.com\/wp-content\/uploads\/2025\/06\/IMG_0028def-gommini-A-64x42.jpg 64w, https:\/\/il-tec.com\/wp-content\/uploads\/2025\/06\/IMG_0028def-gommini-A.jpg 960w\" sizes=\"(max-width: 300px) 100vw, 300px\" \/>\t\t<\/div>\n\t\t\t\t<div class=\"elementor-portfolio-item__overlay\">\n\t\t\t\t<h3 class=\"elementor-portfolio-item__title\">\n\t\tBorracha\t\t<\/h3>\n\t\t\t\t<\/div>\n\t\t\t\t<\/a>\n\t\t<\/article>\n\t\t\t\t<article class=\"elementor-portfolio-item elementor-post elementor-filter-506 post-16070 product type-product status-publish has-post-thumbnail product_cat-maquinas-tampadoras desktop-align-center tablet-align-left mobile-align-left first instock shipping-taxable product-type-simple\" role=\"listitem\">\n\t\t\t<a class=\"elementor-post__thumbnail__link\" href=\"https:\/\/il-tec.com\/pt-br\/maquinas-tampadoras\/maquina-tampadora-manual\/\">\n\t\t\t\t<div class=\"elementor-portfolio-item__img elementor-post__thumbnail\">\n\t\t\t<img loading=\"lazy\" decoding=\"async\" width=\"300\" height=\"197\" src=\"https:\/\/il-tec.com\/wp-content\/uploads\/2025\/06\/tappatrice-300x197.jpg\" class=\"attachment-medium size-medium wp-image-15471\" alt=\"\" srcset=\"https:\/\/il-tec.com\/wp-content\/uploads\/2025\/06\/tappatrice-300x197.jpg 300w, https:\/\/il-tec.com\/wp-content\/uploads\/2025\/06\/tappatrice-768x505.jpg 768w, https:\/\/il-tec.com\/wp-content\/uploads\/2025\/06\/tappatrice-600x394.jpg 600w, https:\/\/il-tec.com\/wp-content\/uploads\/2025\/06\/tappatrice-64x42.jpg 64w, https:\/\/il-tec.com\/wp-content\/uploads\/2025\/06\/tappatrice.jpg 960w\" sizes=\"(max-width: 300px) 100vw, 300px\" \/>\t\t<\/div>\n\t\t\t\t<div class=\"elementor-portfolio-item__overlay\">\n\t\t\t\t<h3 class=\"elementor-portfolio-item__title\">\n\t\tM\u00e1quina tampadora manual\t\t<\/h3>\n\t\t\t\t<\/div>\n\t\t\t\t<\/a>\n\t\t<\/article>\n\t\t\t\t<article class=\"elementor-portfolio-item elementor-post elementor-filter-506 post-16075 product type-product status-publish has-post-thumbnail product_cat-maquinas-tampadoras desktop-align-center tablet-align-left mobile-align-left  instock shipping-taxable product-type-simple\" role=\"listitem\">\n\t\t\t<a class=\"elementor-post__thumbnail__link\" href=\"https:\/\/il-tec.com\/pt-br\/maquinas-tampadoras\/maquina-tampadora-pneumatica-e-eletrica\/\">\n\t\t\t\t<div class=\"elementor-portfolio-item__img elementor-post__thumbnail\">\n\t\t\t<img loading=\"lazy\" decoding=\"async\" width=\"300\" height=\"197\" src=\"https:\/\/il-tec.com\/wp-content\/uploads\/2026\/01\/tappatrice-elettrica-300x197.png\" class=\"attachment-medium size-medium wp-image-15678\" alt=\"tappatrice elettrica\" srcset=\"https:\/\/il-tec.com\/wp-content\/uploads\/2026\/01\/tappatrice-elettrica-300x197.png 300w, https:\/\/il-tec.com\/wp-content\/uploads\/2026\/01\/tappatrice-elettrica-768x504.png 768w, https:\/\/il-tec.com\/wp-content\/uploads\/2026\/01\/tappatrice-elettrica-600x394.png 600w, https:\/\/il-tec.com\/wp-content\/uploads\/2026\/01\/tappatrice-elettrica-64x42.png 64w, https:\/\/il-tec.com\/wp-content\/uploads\/2026\/01\/tappatrice-elettrica.png 960w\" sizes=\"(max-width: 300px) 100vw, 300px\" \/>\t\t<\/div>\n\t\t\t\t<div class=\"elementor-portfolio-item__overlay\">\n\t\t\t\t<h3 class=\"elementor-portfolio-item__title\">\n\t\tM\u00e1quina tampadora pneum\u00e1tica e el\u00e9trica\t\t<\/h3>\n\t\t\t\t<\/div>\n\t\t\t\t<\/a>\n\t\t<\/article>\n\t\t\t\t<\/div>\n\t\t\t\t\t\t<\/div>\n\t\t\t\t<\/div>\n\t\t\t\t\t<\/div>\n\t\t\t\t<\/div>\n\t\t<div data-dce-background-color=\"#000000\" class=\"elementor-element elementor-element-48cd502a e-flex e-con-boxed e-con e-parent\" data-id=\"48cd502a\" data-element_type=\"container\" data-e-type=\"container\" data-settings=\"{&quot;background_background&quot;:&quot;gradient&quot;}\">\n\t\t\t\t\t<div class=\"e-con-inner\">\n\t\t<div class=\"elementor-element elementor-element-342a9f23 e-flex e-con-boxed e-con e-child\" data-id=\"342a9f23\" data-element_type=\"container\" data-e-type=\"container\">\n\t\t\t\t\t<div class=\"e-con-inner\">\n\t\t<div class=\"elementor-element elementor-element-21f2ecd1 e-con-full e-flex e-con e-child\" data-id=\"21f2ecd1\" data-element_type=\"container\" data-e-type=\"container\">\n\t\t\t\t<div class=\"elementor-element elementor-element-479a1fab animated-slow elementor-invisible elementor-widget elementor-widget-heading\" data-id=\"479a1fab\" data-element_type=\"widget\" data-e-type=\"widget\" data-settings=\"{&quot;_animation&quot;:&quot;slideInUp&quot;}\" data-widget_type=\"heading.default\">\n\t\t\t\t\t<h2 class=\"elementor-heading-title elementor-size-default\">N\u00e3o encontrou o que procurava? <\/h2>\t\t\t\t<\/div>\n\t\t\t\t<div class=\"elementor-element elementor-element-d821c11 elementor-widget elementor-widget-button\" data-id=\"d821c11\" data-element_type=\"widget\" data-e-type=\"widget\" data-widget_type=\"button.default\">\n\t\t\t\t\t\t\t\t\t\t<a class=\"elementor-button elementor-button-link elementor-size-sm elementor-animation-push\" href=\"https:\/\/il-tec.com\/pt-br\/contatos\/\">\n\t\t\t\t\t\t<span class=\"elementor-button-content-wrapper\">\n\t\t\t\t\t\t\t\t\t<span class=\"elementor-button-text\">CONTATE-NOS<\/span>\n\t\t\t\t\t<\/span>\n\t\t\t\t\t<\/a>\n\t\t\t\t\t\t\t\t<\/div>\n\t\t\t\t<\/div>\n\t\t\t\t\t<\/div>\n\t\t\t\t<\/div>\n\t\t\t\t\t<\/div>\n\t\t\t\t<\/div>\n\t\t<div class=\"elementor-element elementor-element-77c88f9 e-flex e-con-boxed e-con e-parent\" data-id=\"77c88f9\" data-element_type=\"container\" data-e-type=\"container\">\n\t\t\t\t\t<div class=\"e-con-inner\">\n\t\t\t\t\t<\/div>\n\t\t\t\t<\/div>\n\t\t\t\t<\/div>\n\t\t","protected":false},"excerpt":{"rendered":"<p>ENGARRAFAMENTODE MOLHO DE TOMATE ENGARRAFAMENTO DE MOLHO DE TOMATE Processo e m\u00e1quinas O engarrafamento de molho de tomate \u00e9 uma [&hellip;]<\/p>\n","protected":false},"author":1,"featured_media":0,"parent":0,"menu_order":0,"comment_status":"closed","ping_status":"closed","template":"","meta":{"_acf_changed":false,"site-sidebar-layout":"no-sidebar","site-content-layout":"","ast-site-content-layout":"full-width-container","site-content-style":"default","site-sidebar-style":"default","ast-global-header-display":"","ast-banner-title-visibility":"","ast-main-header-display":"","ast-hfb-above-header-display":"","ast-hfb-below-header-display":"","ast-hfb-mobile-header-display":"","site-post-title":"disabled","ast-breadcrumbs-content":"","ast-featured-img":"disabled","footer-sml-layout":"","ast-disable-related-posts":"","theme-transparent-header-meta":"default","adv-header-id-meta":"","stick-header-meta":"","header-above-stick-meta":"","header-main-stick-meta":"","header-below-stick-meta":"","astra-migrate-meta-layouts":"set","ast-page-background-enabled":"default","ast-page-background-meta":{"desktop":{"background-color":"var(--ast-global-color-5)","background-image":"","background-repeat":"repeat","background-position":"center center","background-size":"auto","background-attachment":"scroll","background-type":"","background-media":"","overlay-type":"","overlay-color":"","overlay-opacity":"","overlay-gradient":""},"tablet":{"background-color":"","background-image":"","background-repeat":"repeat","background-position":"center center","background-size":"auto","background-attachment":"scroll","background-type":"","background-media":"","overlay-type":"","overlay-color":"","overlay-opacity":"","overlay-gradient":""},"mobile":{"background-color":"","background-image":"","background-repeat":"repeat","background-position":"center center","background-size":"auto","background-attachment":"scroll","background-type":"","background-media":"","overlay-type":"","overlay-color":"","overlay-opacity":"","overlay-gradient":""}},"ast-content-background-meta":{"desktop":{"background-color":"var(--ast-global-color-4)","background-image":"","background-repeat":"repeat","background-position":"center center","background-size":"auto","background-attachment":"scroll","background-type":"","background-media":"","overlay-type":"","overlay-color":"","overlay-opacity":"","overlay-gradient":""},"tablet":{"background-color":"var(--ast-global-color-4)","background-image":"","background-repeat":"repeat","background-position":"center center","background-size":"auto","background-attachment":"scroll","background-type":"","background-media":"","overlay-type":"","overlay-color":"","overlay-opacity":"","overlay-gradient":""},"mobile":{"background-color":"var(--ast-global-color-4)","background-image":"","background-repeat":"repeat","background-position":"center center","background-size":"auto","background-attachment":"scroll","background-type":"","background-media":"","overlay-type":"","overlay-color":"","overlay-opacity":"","overlay-gradient":""}},"footnotes":""},"class_list":["post-15839","page","type-page","status-publish","hentry","desktop-align-center","tablet-align-left","mobile-align-left"],"acf":[],"_links":{"self":[{"href":"https:\/\/il-tec.com\/pt-br\/wp-json\/wp\/v2\/pages\/15839","targetHints":{"allow":["GET"]}}],"collection":[{"href":"https:\/\/il-tec.com\/pt-br\/wp-json\/wp\/v2\/pages"}],"about":[{"href":"https:\/\/il-tec.com\/pt-br\/wp-json\/wp\/v2\/types\/page"}],"author":[{"embeddable":true,"href":"https:\/\/il-tec.com\/pt-br\/wp-json\/wp\/v2\/users\/1"}],"replies":[{"embeddable":true,"href":"https:\/\/il-tec.com\/pt-br\/wp-json\/wp\/v2\/comments?post=15839"}],"version-history":[{"count":17,"href":"https:\/\/il-tec.com\/pt-br\/wp-json\/wp\/v2\/pages\/15839\/revisions"}],"predecessor-version":[{"id":15856,"href":"https:\/\/il-tec.com\/pt-br\/wp-json\/wp\/v2\/pages\/15839\/revisions\/15856"}],"wp:attachment":[{"href":"https:\/\/il-tec.com\/pt-br\/wp-json\/wp\/v2\/media?parent=15839"}],"curies":[{"name":"wp","href":"https:\/\/api.w.org\/{rel}","templated":true}]}}