{"id":15799,"date":"2026-03-12T16:56:06","date_gmt":"2026-03-12T16:56:06","guid":{"rendered":"https:\/\/il-tec.com\/?page_id=15799"},"modified":"2026-03-12T17:23:10","modified_gmt":"2026-03-12T17:23:10","slug":"privacy-policy","status":"publish","type":"page","link":"https:\/\/il-tec.com\/pt-br\/privacy-policy\/","title":{"rendered":"Privacy Policy"},"content":{"rendered":"\t\t<div data-elementor-type=\"wp-page\" data-elementor-id=\"15799\" class=\"elementor elementor-15799 elementor-12655\" data-elementor-post-type=\"page\">\n\t\t\t\t<div data-dce-background-overlay-color=\"#13379E\" class=\"elementor-element elementor-element-776b392c e-flex e-con-boxed e-con e-parent\" data-id=\"776b392c\" data-element_type=\"container\" data-e-type=\"container\" data-settings=\"{&quot;background_background&quot;:&quot;video&quot;,&quot;shape_divider_bottom&quot;:&quot;opacity-tilt&quot;,&quot;background_play_on_mobile&quot;:&quot;yes&quot;,&quot;background_video_start&quot;:0}\">\n\t\t\t\t\t<div class=\"e-con-inner\">\n\t\t\t\t<div class=\"elementor-shape elementor-shape-bottom\" aria-hidden=\"true\" data-negative=\"false\">\n\t\t\t<svg xmlns=\"http:\/\/www.w3.org\/2000\/svg\" viewBox=\"0 0 2600 131.1\" preserveAspectRatio=\"none\">\n\t<path class=\"elementor-shape-fill\" d=\"M0 0L2600 0 2600 69.1 0 0z\"\/>\n\t<path class=\"elementor-shape-fill\" style=\"opacity:0.5\" d=\"M0 0L2600 0 2600 69.1 0 69.1z\"\/>\n\t<path class=\"elementor-shape-fill\" style=\"opacity:0.25\" d=\"M2600 0L0 0 0 130.1 2600 69.1z\"\/>\n<\/svg>\t\t<\/div>\n\t\t\t\t<div data-dce-text-color=\"#C71928\" class=\"elementor-element elementor-element-44c42f4 elementor-widget elementor-widget-woocommerce-breadcrumb\" data-id=\"44c42f4\" data-element_type=\"widget\" data-e-type=\"widget\" data-widget_type=\"woocommerce-breadcrumb.default\">\n\t\t\t\t\t<nav class=\"woocommerce-breadcrumb\" aria-label=\"Breadcrumb\">In\u00edcio<\/nav>\t\t\t\t<\/div>\n\t\t\t\t\t<\/div>\n\t\t\t\t<\/div>\n\t\t<div data-dce-background-color=\"#000000\" class=\"elementor-element elementor-element-50139496 e-flex e-con-boxed e-con e-parent\" data-id=\"50139496\" data-element_type=\"container\" data-e-type=\"container\" data-settings=\"{&quot;background_background&quot;:&quot;classic&quot;}\">\n\t\t\t\t\t<div class=\"e-con-inner\">\n\t\t\t\t<div class=\"elementor-element elementor-element-2d4fa705 elementor-widget elementor-widget-heading\" data-id=\"2d4fa705\" data-element_type=\"widget\" data-e-type=\"widget\" data-widget_type=\"heading.default\">\n\t\t\t\t\t<h1 class=\"elementor-heading-title elementor-size-default\">PriVACY POLICY<\/h1>\t\t\t\t<\/div>\n\t\t\t\t<div class=\"elementor-element elementor-element-43084952 elementor-widget elementor-widget-text-editor\" data-id=\"43084952\" data-element_type=\"widget\" data-e-type=\"widget\" data-widget_type=\"text-editor.default\">\n\t\t\t\t\t\t\t\t\t<p><b>Informa\u00e7\u00f5es sobre o Tratamento de Dados Pessoais<\/b><\/p><p>Prezado(a) usu\u00e1rio(a), em conformidade com o Artigo 13 do Regulamento (UE) 2016\/679 relativo \u00e0 prote\u00e7\u00e3o das pessoas singulares no que diz respeito ao tratamento de dados pessoais e \u00e0 livre circula\u00e7\u00e3o desses dados, a empresa Uflex S.r.l., abaixo assinada, na qualidade de respons\u00e1vel pelo tratamento dos dados resultantes da intera\u00e7\u00e3o com os servi\u00e7os web acess\u00edveis eletronicamente pelos endere\u00e7os https:\/\/ultraflexgroup.it\/ e https:\/\/industriadileivi.it\/, deseja inform\u00e1-lo(a) sobre o tratamento dos seus dados pessoais e convida-o(a) a autorizar o tratamento dos seus dados para as finalidades descritas, mediante o seu consentimento livre e volunt\u00e1rio para o tratamento de dados. Esta informa\u00e7\u00e3o aplica-se apenas ao website do respons\u00e1vel pelo tratamento de dados e n\u00e3o a outros websites que possam ser acedidos pelo usu\u00e1rio atrav\u00e9s de links.<\/p><p><strong>1 \u2013 Controlador de Dados<\/strong><\/p><p>I.L. Industria di Leivi s.r.l. (Representante Legal: Sra. Marcella Gai)<\/p><p>VIA GAZZO, 1<\/p><p>16040 LEIVI (GE) \u2013 IT\u00c1LIA<\/p><p>TEL. +39 (0)185 35291<\/p><p><span style=\"font-style: inherit; font-weight: inherit;\">E-mail: il@ultraflexgroup.it E-mail certificado: dileivi@pec.it<\/span><\/p><p><strong>2 \u2013 M\u00e9todos de Processamento<\/strong><\/p><p>Seus dados ser\u00e3o processados na sede do Controlador de Dados, verbalmente e\/ou por escrito, utilizando ferramentas eletr\u00f4nicas e\/ou em papel, da maneira e na medida necess\u00e1rias para atingir as finalidades estabelecidas, em conformidade com os princ\u00edpios estabelecidos no Artigo 5, par\u00e1grafo 1 do Regulamento (UE) 2016\/679, a saber:<\/p><ul><li><span style=\"font-size: 16px;\">Legalidade, equidade e transpar\u00eancia<br \/><\/span><\/li><li><span style=\"font-size: 16px;\">Limita\u00e7\u00e3o da finalidade<br \/><\/span><\/li><li><span style=\"font-size: 16px;\">Minimiza\u00e7\u00e3o dos dados coletados<br \/><\/span><\/li><li><span style=\"font-size: 16px;\">Precis\u00e3o dos dados<br \/><\/span><\/li><li><span style=\"font-size: 16px;\">Limita\u00e7\u00e3o do per\u00edodo de reten\u00e7\u00e3o<br \/><\/span><\/li><li><span style=\"font-size: 16px;\">Integridade e confidencialidade<br \/><\/span><\/li><li><span style=\"font-size: 16px;\">Responsabiliza\u00e7\u00e3o do controlador de dados.<\/span><\/li><\/ul><p>O processamento realizado diz respeito aos seguintes dados e finalidades:<\/p><p>Dados de navega\u00e7\u00e3o. Os sistemas inform\u00e1ticos e os procedimentos de software utilizados para operar este website adquirem, durante o seu funcionamento normal, alguns dados pessoais cuja transmiss\u00e3o est\u00e1 impl\u00edcita na utiliza\u00e7\u00e3o dos protocolos de comunica\u00e7\u00e3o da Internet.<br \/>Esta informa\u00e7\u00e3o n\u00e3o \u00e9 recolhida para ser associada a titulares de dados identificados, mas pela sua pr\u00f3pria natureza poderia, atrav\u00e9s do processamento e associa\u00e7\u00e3o com dados detidos por terceiros, permitir a identifica\u00e7\u00e3o dos utilizadores.<br \/>Esta categoria de dados inclui os endere\u00e7os IP ou nomes de dom\u00ednio dos computadores utilizados pelos utilizadores que se ligam ao site, os endere\u00e7os URI (Uniform Resource Identifier) \u200b\u200bdos recursos solicitados, a hora do pedido, o m\u00e9todo utilizado para submeter o pedido ao servidor, o tamanho do ficheiro obtido em resposta, o c\u00f3digo num\u00e9rico que indica o estado da resposta do servidor (sucesso, erro, etc.) e outros par\u00e2metros relativos ao sistema operativo e ao ambiente inform\u00e1tico do utilizador.<br \/>Estes dados s\u00e3o utilizados exclusivamente para obter informa\u00e7\u00f5es estat\u00edsticas an\u00f3nimas sobre a utiliza\u00e7\u00e3o do site, para registar o acesso ao site e para monitorizar o seu correto funcionamento. Os dados poderiam ser usados \u200b\u200bpara apurar responsabilidades em caso de hipot\u00e9ticos crimes inform\u00e1ticos contra o site. Exceto nesta eventualidade, os dados de contacto web s\u00e3o atualmente conservados por um per\u00edodo m\u00e1ximo de sete dias.<\/p><p>Os dados pessoais fornecidos voluntariamente pelo usu\u00e1rio (por exemplo, nome, sobrenome, endere\u00e7o de e-mail) s\u00e3o usados \u200b\u200bpara atender a uma solicita\u00e7\u00e3o espec\u00edfica do usu\u00e1rio por meio dos servi\u00e7os oferecidos pelo site. O fornecimento desses dados \u00e9 opcional e volunt\u00e1rio, mas necess\u00e1rio para responder \u00e0 solicita\u00e7\u00e3o e para que o usu\u00e1rio receba o servi\u00e7o.<br \/>O usu\u00e1rio \u00e9 livre para fornecer dados pessoais nos formul\u00e1rios de solicita\u00e7\u00e3o para solicitar o boletim informativo, materiais informativos ou outras comunica\u00e7\u00f5es comerciais. A falta de fornecimento desses dados ou o fornecimento incompleto dos mesmos pode impossibilitar o atendimento da solicita\u00e7\u00e3o.<\/p><p>Os dados pessoais s\u00e3o tratados pelo tempo estritamente necess\u00e1rio para atingir as finalidades para as quais foram recolhidos ou, em qualquer caso, enquanto o consentimento for obtido. O tratamento ser\u00e1 realizado exclusivamente por funcion\u00e1rios designados e autorizados no \u00e2mbito das suas respectivas fun\u00e7\u00f5es e de acordo com as instru\u00e7\u00f5es recebidas do Respons\u00e1vel pelo Tratamento, sempre e exclusivamente para as finalidades acima descritas, a fim de garantir a seguran\u00e7a dos dados, a confidencialidade e a prote\u00e7\u00e3o dos seus direitos. Estes dados n\u00e3o ser\u00e3o transferidos para pa\u00edses n\u00e3o pertencentes \u00e0 UE ou para organiza\u00e7\u00f5es internacionais, nem ser\u00e3o cedidos a terceiros. Os dados poder\u00e3o ser divulgados, no \u00e2mbito das suas compet\u00eancias para o desempenho de fun\u00e7\u00f5es em nome do Respons\u00e1vel pelo Tratamento, a processadores de dados externos, p\u00fablicos e privados, pessoas singulares e\/ou coletivas.<\/p><p>O processamento de dados n\u00e3o envolve tomada de decis\u00f5es automatizada, incluindo a defini\u00e7\u00e3o de perfis.<\/p><p>Os dados pessoais s\u00e3o utilizados para a elabora\u00e7\u00e3o e celebra\u00e7\u00e3o de contratos de venda, para a sua execu\u00e7\u00e3o, incluindo a realiza\u00e7\u00e3o de atividades t\u00e9cnico-operacionais e administrativo-cont\u00e1beis relacionadas e funcionais \u00e0s atividades comerciais, em conformidade com as obriga\u00e7\u00f5es contratuais e legais em mat\u00e9ria fiscal. O fornecimento dos dados \u00e9 obrigat\u00f3rio para a execu\u00e7\u00e3o do contrato e para o cumprimento das obriga\u00e7\u00f5es legais, sob pena de impossibilitar a presta\u00e7\u00e3o do servi\u00e7o e o cumprimento adequado das normas fiscais\/administrativas aplic\u00e1veis.<\/p><p>O processamento ser\u00e1 realizado exclusivamente por funcion\u00e1rios designados e autorizados no \u00e2mbito das suas respectivas fun\u00e7\u00f5es e de acordo com as instru\u00e7\u00f5es recebidas do Respons\u00e1vel pelo Tratamento, sempre e exclusivamente para os fins acima descritos, a fim de garantir a seguran\u00e7a dos dados, a confidencialidade e a prote\u00e7\u00e3o dos seus direitos.<\/p><p>Os dados podem ou devem ser divulgados, dentro de sua jurisdi\u00e7\u00e3o espec\u00edfica para o desempenho de tarefas em nome do Controlador de Dados, a entidades p\u00fablicas e privadas externas ao Controlador de Dados, incluindo fornecedores, colaboradores, advogados, contadores, consultores trabalhistas, consultores em geral, institui\u00e7\u00f5es de cr\u00e9dito, \u00f3rg\u00e3os p\u00fablicos e reparti\u00e7\u00f5es competentes, que tenham autoridade para solicit\u00e1-los. Os dados tamb\u00e9m podem ser transferidos para pa\u00edses n\u00e3o pertencentes \u00e0 UE ou organiza\u00e7\u00f5es internacionais, mediante decis\u00e3o de adequa\u00e7\u00e3o da Comiss\u00e3o ou, em qualquer caso, exclusivamente para os fins mencionados anteriormente.<\/p><p>Os dados ser\u00e3o conservados durante toda a dura\u00e7\u00e3o das rela\u00e7\u00f5es estabelecidas e, em qualquer caso, por um per\u00edodo n\u00e3o superior ao necess\u00e1rio para a consecu\u00e7\u00e3o dos fins para os quais s\u00e3o tratados. Os dados cont\u00e1beis\/administrativos necess\u00e1rios para fins fiscais (registros cont\u00e1beis) s\u00e3o conservados por lei (C\u00f3digo Civil) por, no m\u00ednimo, 10 anos a partir da data do \u00faltimo lan\u00e7amento ou at\u00e9 a conclus\u00e3o de eventuais avalia\u00e7\u00f5es fiscais pelas autoridades competentes relativas ao per\u00edodo fiscal auditado (artigo 22, par\u00e1grafo 2, Decreto Presidencial n\u00ba 600\/1973).<\/p><p>O processamento dos seus dados n\u00e3o envolve tomada de decis\u00e3o automatizada, incluindo a defini\u00e7\u00e3o de perfis.<\/p><p>\u00a0<\/p><p><strong>3 \u2013 Direitos do Titular dos Dados<\/strong><\/p><p>O Regulamento garante a voc\u00ea, como titular dos dados, o exerc\u00edcio de direitos espec\u00edficos, enumerados nos artigos 15 a 22. Portanto, voc\u00ea pode solicitar ao controlador de dados:<\/p><p>l\u2019accesso ai dati personali (art. 15): ottenere la conferma dell\u2019esistenza o meno di un trattamento di propri dati personali e potervi accedere;<\/p><ul><li><p>Retifica\u00e7\u00e3o de dados (Artigo 16): o direito de obter a retifica\u00e7\u00e3o de dados inexatos e a complementa\u00e7\u00e3o de dados incompletos;<\/p><\/li><li><p>Elimina\u00e7\u00e3o de dados \u2013 \u201cdireito ao esquecimento\u201d (Artigo 17);<br \/>Restri\u00e7\u00e3o do tratamento (Artigo 18);<\/p><\/li><li><p>Portabilidade dos dados (Artigo 20): o direito de receber os dados fornecidos ao respons\u00e1vel pelo tratamento e de transmitir esses dados a outro respons\u00e1vel pelo tratamento sem impedimentos;<br \/>Oposi\u00e7\u00e3o ao tratamento (Artigo 21);<\/p><\/li><li><p>N\u00e3o ser sujeito a uma decis\u00e3o baseada unicamente no tratamento automatizado que produza efeitos jur\u00eddicos que lhe digam respeito ou que o afetem significativamente (Artigo 22).<\/p><\/li><\/ul><p>Al\u00e9m disso, voc\u00ea tem o direito de:<\/p><p>Apresentar uma reclama\u00e7\u00e3o \u00e0 Autoridade Italiana de Prote\u00e7\u00e3o de Dados;<\/p><p>Revogar o seu consentimento a qualquer momento, sem afetar a legalidade do tratamento realizado at\u00e9 ent\u00e3o (Artigo 7.\u00ba, n.\u00ba 3). O direito de revoga\u00e7\u00e3o n\u00e3o se aplica aos casos em que o tratamento seja necess\u00e1rio para o cumprimento de uma obriga\u00e7\u00e3o legal a que o respons\u00e1vel pelo tratamento esteja sujeito.<\/p><p>Pode exercer os direitos acima mencionados a qualquer momento e gratuitamente, contactando o respons\u00e1vel pelo tratamento, I.L. Industria di Leivi s.r.l. (Representante Legal: Sra. Marcella Gai)<\/p><p>nos seguintes endere\u00e7os de correio eletr\u00f3nico: il@ultraflexgroup.it dileivi@pec.it<\/p><p>Em caso de viola\u00e7\u00e3o de dados pessoais considerada suscet\u00edvel de representar um elevado risco para os seus direitos e liberdades, ser\u00e1 notificado sem demora injustificada, em conformidade com o Artigo 34.\u00ba do Regulamento.<\/p>\t\t\t\t\t\t\t\t<\/div>\n\t\t\t\t\t<\/div>\n\t\t\t\t<\/div>\n\t\t<div data-dce-background-color=\"#C71928\" class=\"elementor-element elementor-element-cedf9df e-flex e-con-boxed e-con e-parent\" data-id=\"cedf9df\" data-element_type=\"container\" data-e-type=\"container\" data-settings=\"{&quot;background_background&quot;:&quot;gradient&quot;}\">\n\t\t\t\t\t<div class=\"e-con-inner\">\n\t\t<div class=\"elementor-element elementor-element-887fab3 e-flex e-con-boxed e-con e-child\" data-id=\"887fab3\" data-element_type=\"container\" data-e-type=\"container\">\n\t\t\t\t\t<div class=\"e-con-inner\">\n\t\t<div class=\"elementor-element elementor-element-3df4c02 e-con-full e-flex e-con e-child\" data-id=\"3df4c02\" data-element_type=\"container\" data-e-type=\"container\">\n\t\t\t\t<div data-dce-title-color=\"#FBFBFB\" class=\"elementor-element elementor-element-5d5b095 animated-slow elementor-invisible elementor-widget elementor-widget-heading\" data-id=\"5d5b095\" data-element_type=\"widget\" data-e-type=\"widget\" data-settings=\"{&quot;_animation&quot;:&quot;slideInUp&quot;}\" data-widget_type=\"heading.default\">\n\t\t\t\t\t<h2 class=\"elementor-heading-title elementor-size-default\">Siga a iltec<\/h2>\t\t\t\t<\/div>\n\t\t\t\t<div class=\"elementor-element elementor-element-4f531ea elementor-widget elementor-widget-text-editor\" data-id=\"4f531ea\" data-element_type=\"widget\" data-e-type=\"widget\" data-widget_type=\"text-editor.default\">\n\t\t\t\t\t\t\t\t\t<div>para ficar por dentro das nossas novidades.<\/div>\t\t\t\t\t\t\t\t<\/div>\n\t\t\t\t<div class=\"elementor-element elementor-element-aa81cf5 elementor-shape-circle elementor-grid-0 e-grid-align-center elementor-widget elementor-widget-social-icons\" data-id=\"aa81cf5\" data-element_type=\"widget\" data-e-type=\"widget\" data-widget_type=\"social-icons.default\">\n\t\t\t\t\t\t\t<div class=\"elementor-social-icons-wrapper elementor-grid\" role=\"list\">\n\t\t\t\t\t\t\t<span class=\"elementor-grid-item\" role=\"listitem\">\n\t\t\t\t\t<a class=\"elementor-icon elementor-social-icon elementor-social-icon-instagram elementor-animation-pulse elementor-repeater-item-e6ae485\" href=\"https:\/\/www.instagram.com\/iltec_bottling_technology\/\" target=\"_blank\" rel=\"noopener\">\n\t\t\t\t\t\t<span class=\"elementor-screen-only\">Instagram<\/span>\n\t\t\t\t\t\t<svg aria-hidden=\"true\" class=\"e-font-icon-svg e-fab-instagram\" viewBox=\"0 0 448 512\" xmlns=\"http:\/\/www.w3.org\/2000\/svg\"><path d=\"M224.1 141c-63.6 0-114.9 51.3-114.9 114.9s51.3 114.9 114.9 114.9S339 319.5 339 255.9 287.7 141 224.1 141zm0 189.6c-41.1 0-74.7-33.5-74.7-74.7s33.5-74.7 74.7-74.7 74.7 33.5 74.7 74.7-33.6 74.7-74.7 74.7zm146.4-194.3c0 14.9-12 26.8-26.8 26.8-14.9 0-26.8-12-26.8-26.8s12-26.8 26.8-26.8 26.8 12 26.8 26.8zm76.1 27.2c-1.7-35.9-9.9-67.7-36.2-93.9-26.2-26.2-58-34.4-93.9-36.2-37-2.1-147.9-2.1-184.9 0-35.8 1.7-67.6 9.9-93.9 36.1s-34.4 58-36.2 93.9c-2.1 37-2.1 147.9 0 184.9 1.7 35.9 9.9 67.7 36.2 93.9s58 34.4 93.9 36.2c37 2.1 147.9 2.1 184.9 0 35.9-1.7 67.7-9.9 93.9-36.2 26.2-26.2 34.4-58 36.2-93.9 2.1-37 2.1-147.8 0-184.8zM398.8 388c-7.8 19.6-22.9 34.7-42.6 42.6-29.5 11.7-99.5 9-132.1 9s-102.7 2.6-132.1-9c-19.6-7.8-34.7-22.9-42.6-42.6-11.7-29.5-9-99.5-9-132.1s-2.6-102.7 9-132.1c7.8-19.6 22.9-34.7 42.6-42.6 29.5-11.7 99.5-9 132.1-9s102.7-2.6 132.1 9c19.6 7.8 34.7 22.9 42.6 42.6 11.7 29.5 9 99.5 9 132.1s2.7 102.7-9 132.1z\"><\/path><\/svg>\t\t\t\t\t<\/a>\n\t\t\t\t<\/span>\n\t\t\t\t\t\t\t<span class=\"elementor-grid-item\" role=\"listitem\">\n\t\t\t\t\t<a class=\"elementor-icon elementor-social-icon elementor-social-icon-youtube elementor-animation-pulse elementor-repeater-item-168e052\" href=\"https:\/\/www.youtube.com\/channel\/UCXcMhTKfqvg-fNRwiyuYk2Q\" target=\"_blank\" rel=\"noopener\">\n\t\t\t\t\t\t<span class=\"elementor-screen-only\">Youtube<\/span>\n\t\t\t\t\t\t<svg aria-hidden=\"true\" class=\"e-font-icon-svg e-fab-youtube\" viewBox=\"0 0 576 512\" xmlns=\"http:\/\/www.w3.org\/2000\/svg\"><path d=\"M549.655 124.083c-6.281-23.65-24.787-42.276-48.284-48.597C458.781 64 288 64 288 64S117.22 64 74.629 75.486c-23.497 6.322-42.003 24.947-48.284 48.597-11.412 42.867-11.412 132.305-11.412 132.305s0 89.438 11.412 132.305c6.281 23.65 24.787 41.5 48.284 47.821C117.22 448 288 448 288 448s170.78 0 213.371-11.486c23.497-6.321 42.003-24.171 48.284-47.821 11.412-42.867 11.412-132.305 11.412-132.305s0-89.438-11.412-132.305zm-317.51 213.508V175.185l142.739 81.205-142.739 81.201z\"><\/path><\/svg>\t\t\t\t\t<\/a>\n\t\t\t\t<\/span>\n\t\t\t\t\t\t\t<span class=\"elementor-grid-item\" role=\"listitem\">\n\t\t\t\t\t<a class=\"elementor-icon elementor-social-icon elementor-social-icon-facebook elementor-animation-pulse elementor-repeater-item-17b287a\" href=\"https:\/\/www.facebook.com\/ILTEC.bottling.technology\" target=\"_blank\" rel=\"noopener\">\n\t\t\t\t\t\t<span class=\"elementor-screen-only\">Facebook<\/span>\n\t\t\t\t\t\t<svg aria-hidden=\"true\" class=\"e-font-icon-svg e-fab-facebook\" viewBox=\"0 0 512 512\" xmlns=\"http:\/\/www.w3.org\/2000\/svg\"><path d=\"M504 256C504 119 393 8 256 8S8 119 8 256c0 123.78 90.69 226.38 209.25 245V327.69h-63V256h63v-54.64c0-62.15 37-96.48 93.67-96.48 27.14 0 55.52 4.84 55.52 4.84v61h-31.28c-30.8 0-40.41 19.12-40.41 38.73V256h68.78l-11 71.69h-57.78V501C413.31 482.38 504 379.78 504 256z\"><\/path><\/svg>\t\t\t\t\t<\/a>\n\t\t\t\t<\/span>\n\t\t\t\t\t<\/div>\n\t\t\t\t\t\t<\/div>\n\t\t\t\t<\/div>\n\t\t\t\t\t<\/div>\n\t\t\t\t<\/div>\n\t\t\t\t\t<\/div>\n\t\t\t\t<\/div>\n\t\t\t\t<\/div>\n\t\t","protected":false},"excerpt":{"rendered":"<p>PriVACY POLICY Informa\u00e7\u00f5es sobre o Tratamento de Dados Pessoais Prezado(a) usu\u00e1rio(a), em conformidade com o Artigo 13 do Regulamento (UE) [&hellip;]<\/p>\n","protected":false},"author":1,"featured_media":0,"parent":0,"menu_order":0,"comment_status":"closed","ping_status":"closed","template":"elementor_header_footer","meta":{"_acf_changed":false,"site-sidebar-layout":"no-sidebar","site-content-layout":"","ast-site-content-layout":"full-width-container","site-content-style":"default","site-sidebar-style":"default","ast-global-header-display":"","ast-banner-title-visibility":"","ast-main-header-display":"","ast-hfb-above-header-display":"","ast-hfb-below-header-display":"","ast-hfb-mobile-header-display":"","site-post-title":"disabled","ast-breadcrumbs-content":"","ast-featured-img":"disabled","footer-sml-layout":"","ast-disable-related-posts":"","theme-transparent-header-meta":"default","adv-header-id-meta":"","stick-header-meta":"","header-above-stick-meta":"","header-main-stick-meta":"","header-below-stick-meta":"","astra-migrate-meta-layouts":"set","ast-page-background-enabled":"default","ast-page-background-meta":{"desktop":{"background-color":"var(--ast-global-color-5)","background-image":"","background-repeat":"repeat","background-position":"center center","background-size":"auto","background-attachment":"scroll","background-type":"","background-media":"","overlay-type":"","overlay-color":"","overlay-opacity":"","overlay-gradient":""},"tablet":{"background-color":"","background-image":"","background-repeat":"repeat","background-position":"center center","background-size":"auto","background-attachment":"scroll","background-type":"","background-media":"","overlay-type":"","overlay-color":"","overlay-opacity":"","overlay-gradient":""},"mobile":{"background-color":"","background-image":"","background-repeat":"repeat","background-position":"center center","background-size":"auto","background-attachment":"scroll","background-type":"","background-media":"","overlay-type":"","overlay-color":"","overlay-opacity":"","overlay-gradient":""}},"ast-content-background-meta":{"desktop":{"background-color":"var(--ast-global-color-4)","background-image":"","background-repeat":"repeat","background-position":"center center","background-size":"auto","background-attachment":"scroll","background-type":"","background-media":"","overlay-type":"","overlay-color":"","overlay-opacity":"","overlay-gradient":""},"tablet":{"background-color":"var(--ast-global-color-4)","background-image":"","background-repeat":"repeat","background-position":"center center","background-size":"auto","background-attachment":"scroll","background-type":"","background-media":"","overlay-type":"","overlay-color":"","overlay-opacity":"","overlay-gradient":""},"mobile":{"background-color":"var(--ast-global-color-4)","background-image":"","background-repeat":"repeat","background-position":"center center","background-size":"auto","background-attachment":"scroll","background-type":"","background-media":"","overlay-type":"","overlay-color":"","overlay-opacity":"","overlay-gradient":""}},"footnotes":""},"class_list":["post-15799","page","type-page","status-publish","hentry"],"acf":[],"_links":{"self":[{"href":"https:\/\/il-tec.com\/pt-br\/wp-json\/wp\/v2\/pages\/15799","targetHints":{"allow":["GET"]}}],"collection":[{"href":"https:\/\/il-tec.com\/pt-br\/wp-json\/wp\/v2\/pages"}],"about":[{"href":"https:\/\/il-tec.com\/pt-br\/wp-json\/wp\/v2\/types\/page"}],"author":[{"embeddable":true,"href":"https:\/\/il-tec.com\/pt-br\/wp-json\/wp\/v2\/users\/1"}],"replies":[{"embeddable":true,"href":"https:\/\/il-tec.com\/pt-br\/wp-json\/wp\/v2\/comments?post=15799"}],"version-history":[{"count":16,"href":"https:\/\/il-tec.com\/pt-br\/wp-json\/wp\/v2\/pages\/15799\/revisions"}],"predecessor-version":[{"id":15816,"href":"https:\/\/il-tec.com\/pt-br\/wp-json\/wp\/v2\/pages\/15799\/revisions\/15816"}],"wp:attachment":[{"href":"https:\/\/il-tec.com\/pt-br\/wp-json\/wp\/v2\/media?parent=15799"}],"curies":[{"name":"wp","href":"https:\/\/api.w.org\/{rel}","templated":true}]}}