{"id":14484,"date":"2025-07-03T13:00:49","date_gmt":"2025-07-03T13:00:49","guid":{"rendered":"https:\/\/il-tec.com\/?post_type=product&#038;p=14484"},"modified":"2026-03-06T20:15:40","modified_gmt":"2026-03-06T20:15:40","slug":"cartouches-filtrantes","status":"publish","type":"product","link":"https:\/\/il-tec.com\/fr\/systemes-de-filtration\/cartouches-filtrantes\/","title":{"rendered":"Cartouches filtrantes"},"content":{"rendered":"<p>Disponibles en diff\u00e9rents mod\u00e8les et niveaux de filtration afin de r\u00e9pondre <strong>\u00e0<\/strong> tous vos besoins.<\/p>\n<p><strong>Cartouches jetables en polypropyl\u00e8ne \u2013 Lite<\/strong> Nos cartouches jetables en polypropyl\u00e8ne offrent une filtration fiable, avec des joints sup\u00e9rieur et inf\u00e9rieur garantissant une parfaite \u00e9tanch\u00e9it\u00e9. Disponibles en 1, 5 et 10 microns, elles assurent des r\u00e9sultats pr\u00e9cis et constants pour diverses applications.<\/p>\n<p><strong>Cartouches jetables en polypropyl\u00e8ne \u2013 Pro<\/strong> Nos cartouches jetables en polypropyl\u00e8ne Pro offrent une filtration fiable gr\u00e2ce <strong>\u00e0<\/strong> un double joint torique assurant une \u00e9tanch\u00e9it\u00e9 optimale. Disponibles en 0,45 ; 1 ; 5 et 10 microns, elles garantissent des r\u00e9sultats pr\u00e9cis et homog\u00e8nes.<\/p>\n<p><strong>Cartouches r\u00e9utilisables en acier inoxydable \u2013 Pro<\/strong> Nos cartouches r\u00e9utilisables en acier inoxydable garantissent une filtration fiable, \u00e9galement dot\u00e9es d\u2019un double joint torique pour une \u00e9tanch\u00e9it\u00e9 parfaite. Disponibles en 5, 10 et 50 microns, elles offrent des performances constantes et pr\u00e9cises.<\/p>\n","protected":false},"excerpt":{"rendered":"<p>Disponible en diff\u00e9rents mod\u00e8les et niveaux de filtration pour r\u00e9pondre \u00e0 tous les besoins.<\/p>\n","protected":false},"featured_media":14485,"template":"","meta":{"_acf_changed":false,"site-sidebar-layout":"default","site-content-layout":"","ast-site-content-layout":"default","site-content-style":"default","site-sidebar-style":"default","ast-global-header-display":"","ast-banner-title-visibility":"","ast-main-header-display":"","ast-hfb-above-header-display":"","ast-hfb-below-header-display":"","ast-hfb-mobile-header-display":"","site-post-title":"","ast-breadcrumbs-content":"","ast-featured-img":"","footer-sml-layout":"","ast-disable-related-posts":"","theme-transparent-header-meta":"default","adv-header-id-meta":"","stick-header-meta":"","header-above-stick-meta":"","header-main-stick-meta":"","header-below-stick-meta":"","astra-migrate-meta-layouts":"set","ast-page-background-enabled":"default","ast-page-background-meta":{"desktop":{"background-color":"var(--ast-global-color-5)","background-image":"","background-repeat":"repeat","background-position":"center center","background-size":"auto","background-attachment":"scroll","background-type":"","background-media":"","overlay-type":"","overlay-color":"","overlay-opacity":"","overlay-gradient":""},"tablet":{"background-color":"","background-image":"","background-repeat":"repeat","background-position":"center center","background-size":"auto","background-attachment":"scroll","background-type":"","background-media":"","overlay-type":"","overlay-color":"","overlay-opacity":"","overlay-gradient":""},"mobile":{"background-color":"","background-image":"","background-repeat":"repeat","background-position":"center center","background-size":"auto","background-attachment":"scroll","background-type":"","background-media":"","overlay-type":"","overlay-color":"","overlay-opacity":"","overlay-gradient":""}},"ast-content-background-meta":{"desktop":{"background-color":"var(--ast-global-color-4)","background-image":"","background-repeat":"repeat","background-position":"center center","background-size":"auto","background-attachment":"scroll","background-type":"","background-media":"","overlay-type":"","overlay-color":"","overlay-opacity":"","overlay-gradient":""},"tablet":{"background-color":"var(--ast-global-color-4)","background-image":"","background-repeat":"repeat","background-position":"center center","background-size":"auto","background-attachment":"scroll","background-type":"","background-media":"","overlay-type":"","overlay-color":"","overlay-opacity":"","overlay-gradient":""},"mobile":{"background-color":"var(--ast-global-color-4)","background-image":"","background-repeat":"repeat","background-position":"center center","background-size":"auto","background-attachment":"scroll","background-type":"","background-media":"","overlay-type":"","overlay-color":"","overlay-opacity":"","overlay-gradient":""}}},"product_brand":[],"product_cat":[503],"product_tag":[],"class_list":{"0":"post-14484","1":"product","2":"type-product","3":"status-publish","4":"has-post-thumbnail","6":"product_cat-systemes-de-filtration","7":"desktop-align-center","8":"tablet-align-left","9":"mobile-align-left","11":"first","12":"instock","13":"shipping-taxable","14":"product-type-simple"},"acf":[],"_links":{"self":[{"href":"https:\/\/il-tec.com\/fr\/wp-json\/wp\/v2\/product\/14484","targetHints":{"allow":["GET"]}}],"collection":[{"href":"https:\/\/il-tec.com\/fr\/wp-json\/wp\/v2\/product"}],"about":[{"href":"https:\/\/il-tec.com\/fr\/wp-json\/wp\/v2\/types\/product"}],"wp:featuredmedia":[{"embeddable":true,"href":"https:\/\/il-tec.com\/fr\/wp-json\/wp\/v2\/media\/14485"}],"wp:attachment":[{"href":"https:\/\/il-tec.com\/fr\/wp-json\/wp\/v2\/media?parent=14484"}],"wp:term":[{"taxonomy":"product_brand","embeddable":true,"href":"https:\/\/il-tec.com\/fr\/wp-json\/wp\/v2\/product_brand?post=14484"},{"taxonomy":"product_cat","embeddable":true,"href":"https:\/\/il-tec.com\/fr\/wp-json\/wp\/v2\/product_cat?post=14484"},{"taxonomy":"product_tag","embeddable":true,"href":"https:\/\/il-tec.com\/fr\/wp-json\/wp\/v2\/product_tag?post=14484"}],"curies":[{"name":"wp","href":"https:\/\/api.w.org\/{rel}","templated":true}]}}