{"id":14476,"date":"2025-07-01T12:42:45","date_gmt":"2025-07-01T12:42:45","guid":{"rendered":"https:\/\/il-tec.com\/?post_type=product&#038;p=14476"},"modified":"2026-03-30T16:28:42","modified_gmt":"2026-03-30T16:28:42","slug":"porte-filtre-simple-pro","status":"publish","type":"product","link":"https:\/\/il-tec.com\/fr\/systemes-de-filtration\/porte-filtre-simple-pro\/","title":{"rendered":"Porte-filtre simple (Pro)"},"content":{"rendered":"<p>Cette station de filtration, \u00e9quip\u00e9e d&rsquo;une cartouche unique, est id\u00e9ale pour filtrer votre produit lors de la mise en bouteille.<\/p>\n<p>Notre porte-filtre Pro est fabriqu\u00e9 en plastique alimentaire et en verre borosilicate (Pyrex).<\/p>\n<p>Son corps transparent permet de visualiser le liquide qui le traverse.<\/p>\n<p>Il accepte les cartouches en plastique ou en acier inoxydable et dispose d&rsquo;un syst\u00e8me de d\u00e9rivation sup\u00e9rieur pratique, activable par l&rsquo;utilisateur pour \u00e9liminer les bulles d&rsquo;air et acc\u00e9l\u00e9rer le d\u00e9marrage de la machine.<\/p>\n<p>Associ\u00e9 \u00e0 l&rsquo;Ultrafiller 1 Pro, il permet de filtrer et de mettre en bouteille en une seule \u00e9tape, sans d\u00e9cantation.<\/p>\n<p>Les cartouches sont disponibles avec diff\u00e9rentes tailles de pores, pour une filtration l\u00e9g\u00e8re, id\u00e9ale pour \u00e9liminer les r\u00e9sidus des tuyaux et des cuves, jusqu&rsquo;\u00e0 une filtration plus fine, inf\u00e9rieure \u00e0 1 micron.<\/p>\n<p>La large gamme de cartouches filtrantes disponibles couvre tous les liquides\u00a0: des spiritueux les plus fins \u00e0 l&rsquo;huile d&rsquo;olive extra vierge, en passant par la bi\u00e8re, le vin et bien d&rsquo;autres.<\/p>\n<p>Des cartouches filtrantes sont disponibles de 0,45 \u00b5m \u00e0 50 \u00b5m.<\/p>\n<p>Tube d&rsquo;aspiration de 3\/8&Prime;.<\/p>\n","protected":false},"excerpt":{"rendered":"<p>Le porte-filtre Pro Single est fabriqu\u00e9 en plastique de qualit\u00e9 alimentaire et en verre borosilicate (Pyrex). Son corps transparent permet de voir le liquide qui le traverse.<\/p>\n","protected":false},"featured_media":14478,"template":"","meta":{"_acf_changed":false,"site-sidebar-layout":"default","site-content-layout":"","ast-site-content-layout":"default","site-content-style":"default","site-sidebar-style":"default","ast-global-header-display":"","ast-banner-title-visibility":"","ast-main-header-display":"","ast-hfb-above-header-display":"","ast-hfb-below-header-display":"","ast-hfb-mobile-header-display":"","site-post-title":"","ast-breadcrumbs-content":"","ast-featured-img":"","footer-sml-layout":"","ast-disable-related-posts":"","theme-transparent-header-meta":"default","adv-header-id-meta":"","stick-header-meta":"","header-above-stick-meta":"","header-main-stick-meta":"","header-below-stick-meta":"","astra-migrate-meta-layouts":"set","ast-page-background-enabled":"default","ast-page-background-meta":{"desktop":{"background-color":"var(--ast-global-color-5)","background-image":"","background-repeat":"repeat","background-position":"center center","background-size":"auto","background-attachment":"scroll","background-type":"","background-media":"","overlay-type":"","overlay-color":"","overlay-opacity":"","overlay-gradient":""},"tablet":{"background-color":"","background-image":"","background-repeat":"repeat","background-position":"center center","background-size":"auto","background-attachment":"scroll","background-type":"","background-media":"","overlay-type":"","overlay-color":"","overlay-opacity":"","overlay-gradient":""},"mobile":{"background-color":"","background-image":"","background-repeat":"repeat","background-position":"center center","background-size":"auto","background-attachment":"scroll","background-type":"","background-media":"","overlay-type":"","overlay-color":"","overlay-opacity":"","overlay-gradient":""}},"ast-content-background-meta":{"desktop":{"background-color":"var(--ast-global-color-4)","background-image":"","background-repeat":"repeat","background-position":"center center","background-size":"auto","background-attachment":"scroll","background-type":"","background-media":"","overlay-type":"","overlay-color":"","overlay-opacity":"","overlay-gradient":""},"tablet":{"background-color":"var(--ast-global-color-4)","background-image":"","background-repeat":"repeat","background-position":"center center","background-size":"auto","background-attachment":"scroll","background-type":"","background-media":"","overlay-type":"","overlay-color":"","overlay-opacity":"","overlay-gradient":""},"mobile":{"background-color":"var(--ast-global-color-4)","background-image":"","background-repeat":"repeat","background-position":"center center","background-size":"auto","background-attachment":"scroll","background-type":"","background-media":"","overlay-type":"","overlay-color":"","overlay-opacity":"","overlay-gradient":""}}},"product_brand":[],"product_cat":[503],"product_tag":[],"class_list":{"0":"post-14476","1":"product","2":"type-product","3":"status-publish","4":"has-post-thumbnail","6":"product_cat-systemes-de-filtration","7":"desktop-align-center","8":"tablet-align-left","9":"mobile-align-left","11":"first","12":"instock","13":"shipping-taxable","14":"product-type-simple"},"acf":[],"_links":{"self":[{"href":"https:\/\/il-tec.com\/fr\/wp-json\/wp\/v2\/product\/14476","targetHints":{"allow":["GET"]}}],"collection":[{"href":"https:\/\/il-tec.com\/fr\/wp-json\/wp\/v2\/product"}],"about":[{"href":"https:\/\/il-tec.com\/fr\/wp-json\/wp\/v2\/types\/product"}],"wp:featuredmedia":[{"embeddable":true,"href":"https:\/\/il-tec.com\/fr\/wp-json\/wp\/v2\/media\/14478"}],"wp:attachment":[{"href":"https:\/\/il-tec.com\/fr\/wp-json\/wp\/v2\/media?parent=14476"}],"wp:term":[{"taxonomy":"product_brand","embeddable":true,"href":"https:\/\/il-tec.com\/fr\/wp-json\/wp\/v2\/product_brand?post=14476"},{"taxonomy":"product_cat","embeddable":true,"href":"https:\/\/il-tec.com\/fr\/wp-json\/wp\/v2\/product_cat?post=14476"},{"taxonomy":"product_tag","embeddable":true,"href":"https:\/\/il-tec.com\/fr\/wp-json\/wp\/v2\/product_tag?post=14476"}],"curies":[{"name":"wp","href":"https:\/\/api.w.org\/{rel}","templated":true}]}}