{"id":14468,"date":"2025-06-19T10:13:11","date_gmt":"2025-06-19T10:13:11","guid":{"rendered":"https:\/\/il-tec.com\/?post_type=product&#038;p=14468"},"modified":"2026-03-17T16:58:13","modified_gmt":"2026-03-17T16:58:13","slug":"machine-de-capsulage-pneumatique-et-electrique","status":"publish","type":"product","link":"https:\/\/il-tec.com\/fr\/machines-a-boucher\/machine-de-capsulage-pneumatique-et-electrique\/","title":{"rendered":"Machine de capsulage pneumatique et \u00e9lectrique"},"content":{"rendered":"<p>Nos capsuleuses sont disponibles en version <strong>\u00e9lectrique<\/strong> et <strong>pneumatique<\/strong>, toutes deux fiables et faciles <strong>\u00e0<\/strong> utiliser. Le mod\u00e8le \u00e9lectrique est id\u00e9al pour les petites activit\u00e9s, tandis que le mod\u00e8le pneumatique offre une vitesse sup\u00e9rieure et une plus grande durabilit\u00e9.<\/p>\n<p>Fabriqu\u00e9es en acier inoxydable et en aluminium anodis\u00e9, elles garantissent une longue dur\u00e9e de vie et ne n\u00e9cessitent aucun entretien. Elles sont fournies avec trois t\u00eates interchangeables : 26 mm et 29 mm pour les capsules couronnes, ainsi qu\u2019une t\u00eate de r\u00e9glage compatible avec les bouchons type T-cork et anti-remplissage. Elles permettent de capsuler plus de 300 bouteilles par heure sans effort. La commande bimanuelle assure une s\u00e9curit\u00e9 maximale, tandis que le syst\u00e8me de <em>shaft collar<\/em> permet des r\u00e9glages rapides et pr\u00e9cis.<\/p>\n<p>Leur faible consommation, leur structure stable et leurs dimensions compactes en font des machines id\u00e9ales pour une utilisation sur table, sans besoin de fixation. Les plus de 100 000 cycles r\u00e9alis\u00e9s lors des tests de dur\u00e9e de vie garantissent leur fiabilit\u00e9 dans le temps.<\/p>\n","protected":false},"excerpt":{"rendered":"<p>ULTRACAPPER est une machine \u00e0 boucher compacte et professionnelle, disponible en versions pneumatique ou \u00e9lectrique.<\/p>\n","protected":false},"featured_media":14475,"template":"","meta":{"_acf_changed":false,"site-sidebar-layout":"default","site-content-layout":"","ast-site-content-layout":"default","site-content-style":"default","site-sidebar-style":"default","ast-global-header-display":"","ast-banner-title-visibility":"","ast-main-header-display":"","ast-hfb-above-header-display":"","ast-hfb-below-header-display":"","ast-hfb-mobile-header-display":"","site-post-title":"","ast-breadcrumbs-content":"","ast-featured-img":"","footer-sml-layout":"","ast-disable-related-posts":"","theme-transparent-header-meta":"default","adv-header-id-meta":"","stick-header-meta":"","header-above-stick-meta":"","header-main-stick-meta":"","header-below-stick-meta":"","astra-migrate-meta-layouts":"set","ast-page-background-enabled":"default","ast-page-background-meta":{"desktop":{"background-color":"var(--ast-global-color-5)","background-image":"","background-repeat":"repeat","background-position":"center center","background-size":"auto","background-attachment":"scroll","background-type":"","background-media":"","overlay-type":"","overlay-color":"","overlay-opacity":"","overlay-gradient":""},"tablet":{"background-color":"","background-image":"","background-repeat":"repeat","background-position":"center center","background-size":"auto","background-attachment":"scroll","background-type":"","background-media":"","overlay-type":"","overlay-color":"","overlay-opacity":"","overlay-gradient":""},"mobile":{"background-color":"","background-image":"","background-repeat":"repeat","background-position":"center center","background-size":"auto","background-attachment":"scroll","background-type":"","background-media":"","overlay-type":"","overlay-color":"","overlay-opacity":"","overlay-gradient":""}},"ast-content-background-meta":{"desktop":{"background-color":"var(--ast-global-color-4)","background-image":"","background-repeat":"repeat","background-position":"center center","background-size":"auto","background-attachment":"scroll","background-type":"","background-media":"","overlay-type":"","overlay-color":"","overlay-opacity":"","overlay-gradient":""},"tablet":{"background-color":"var(--ast-global-color-4)","background-image":"","background-repeat":"repeat","background-position":"center center","background-size":"auto","background-attachment":"scroll","background-type":"","background-media":"","overlay-type":"","overlay-color":"","overlay-opacity":"","overlay-gradient":""},"mobile":{"background-color":"var(--ast-global-color-4)","background-image":"","background-repeat":"repeat","background-position":"center center","background-size":"auto","background-attachment":"scroll","background-type":"","background-media":"","overlay-type":"","overlay-color":"","overlay-opacity":"","overlay-gradient":""}}},"product_brand":[],"product_cat":[504],"product_tag":[],"class_list":{"0":"post-14468","1":"product","2":"type-product","3":"status-publish","4":"has-post-thumbnail","6":"product_cat-machines-a-boucher","7":"desktop-align-center","8":"tablet-align-left","9":"mobile-align-left","11":"first","12":"instock","13":"shipping-taxable","14":"product-type-simple"},"acf":[],"_links":{"self":[{"href":"https:\/\/il-tec.com\/fr\/wp-json\/wp\/v2\/product\/14468","targetHints":{"allow":["GET"]}}],"collection":[{"href":"https:\/\/il-tec.com\/fr\/wp-json\/wp\/v2\/product"}],"about":[{"href":"https:\/\/il-tec.com\/fr\/wp-json\/wp\/v2\/types\/product"}],"wp:featuredmedia":[{"embeddable":true,"href":"https:\/\/il-tec.com\/fr\/wp-json\/wp\/v2\/media\/14475"}],"wp:attachment":[{"href":"https:\/\/il-tec.com\/fr\/wp-json\/wp\/v2\/media?parent=14468"}],"wp:term":[{"taxonomy":"product_brand","embeddable":true,"href":"https:\/\/il-tec.com\/fr\/wp-json\/wp\/v2\/product_brand?post=14468"},{"taxonomy":"product_cat","embeddable":true,"href":"https:\/\/il-tec.com\/fr\/wp-json\/wp\/v2\/product_cat?post=14468"},{"taxonomy":"product_tag","embeddable":true,"href":"https:\/\/il-tec.com\/fr\/wp-json\/wp\/v2\/product_tag?post=14468"}],"curies":[{"name":"wp","href":"https:\/\/api.w.org\/{rel}","templated":true}]}}