{"id":14440,"date":"2025-06-10T12:52:40","date_gmt":"2025-06-10T12:52:40","guid":{"rendered":"https:\/\/il-tec.com\/?post_type=product&#038;p=14440"},"modified":"2026-03-06T16:52:32","modified_gmt":"2026-03-06T16:52:32","slug":"porta-filtre-triple-pro","status":"publish","type":"product","link":"https:\/\/il-tec.com\/fr\/systemes-de-filtration\/porta-filtre-triple-pro\/","title":{"rendered":"Porta-filtre triple (Pro)"},"content":{"rendered":"<p>Ce filtre, \u00e9quip\u00e9 de trois cartouches, est id\u00e9al pour ceux qui doivent filtrer leur produit avant la mise en bouteille.<\/p>\n<p>Le porte-filtre triple est fabriqu\u00e9 en plastique alimentaire et en verre borosilicat\u00e9 (Pyrex). Il peut accueillir jusqu\u2019<strong>\u00e0<\/strong> trois cartouches en plastique ou en acier inoxydable et dispose d\u2019un bypass sup\u00e9rieur pratique pour \u00e9liminer les bulles d\u2019air et acc\u00e9l\u00e9rer le d\u00e9marrage de la machine. Associ\u00e9 <strong>\u00e0<\/strong> Ultrafiller 2 et 4, il permet de filtrer et de mettre en bouteille en une seule \u00e9tape, sans transvasement.<\/p>\n<p>Les cartouches filtrantes sont disponibles de 0,45 \u00b5m <strong>\u00e0<\/strong> 50 \u00b5m. Le tuyau d\u2019aspiration est de 1\u201d. \u00c9tant donn\u00e9 que toutes les cartouches fonctionnent en parall\u00e8le, il est important qu\u2019elles aient la m\u00eame porosit\u00e9. Pour les petits lots, il est possible d\u2019ins\u00e9rer un ou deux bouchons afin de fermer les logements non utilis\u00e9s, \u00e9vitant ainsi l\u2019utilisation ou l\u2019achat de trois cartouches compl\u00e8tes.<\/p>\n","protected":false},"excerpt":{"rendered":"<p>Le porte-filtre triple est fabriqu\u00e9 en plastique de qualit\u00e9 alimentaire et en verre borosilicate (Pyrex).<\/p>\n","protected":false},"featured_media":14442,"template":"","meta":{"_acf_changed":false,"site-sidebar-layout":"default","site-content-layout":"","ast-site-content-layout":"default","site-content-style":"default","site-sidebar-style":"default","ast-global-header-display":"","ast-banner-title-visibility":"","ast-main-header-display":"","ast-hfb-above-header-display":"","ast-hfb-below-header-display":"","ast-hfb-mobile-header-display":"","site-post-title":"","ast-breadcrumbs-content":"","ast-featured-img":"","footer-sml-layout":"","ast-disable-related-posts":"","theme-transparent-header-meta":"default","adv-header-id-meta":"","stick-header-meta":"","header-above-stick-meta":"","header-main-stick-meta":"","header-below-stick-meta":"","astra-migrate-meta-layouts":"set","ast-page-background-enabled":"default","ast-page-background-meta":{"desktop":{"background-color":"var(--ast-global-color-5)","background-image":"","background-repeat":"repeat","background-position":"center center","background-size":"auto","background-attachment":"scroll","background-type":"","background-media":"","overlay-type":"","overlay-color":"","overlay-opacity":"","overlay-gradient":""},"tablet":{"background-color":"","background-image":"","background-repeat":"repeat","background-position":"center center","background-size":"auto","background-attachment":"scroll","background-type":"","background-media":"","overlay-type":"","overlay-color":"","overlay-opacity":"","overlay-gradient":""},"mobile":{"background-color":"","background-image":"","background-repeat":"repeat","background-position":"center center","background-size":"auto","background-attachment":"scroll","background-type":"","background-media":"","overlay-type":"","overlay-color":"","overlay-opacity":"","overlay-gradient":""}},"ast-content-background-meta":{"desktop":{"background-color":"var(--ast-global-color-4)","background-image":"","background-repeat":"repeat","background-position":"center center","background-size":"auto","background-attachment":"scroll","background-type":"","background-media":"","overlay-type":"","overlay-color":"","overlay-opacity":"","overlay-gradient":""},"tablet":{"background-color":"var(--ast-global-color-4)","background-image":"","background-repeat":"repeat","background-position":"center center","background-size":"auto","background-attachment":"scroll","background-type":"","background-media":"","overlay-type":"","overlay-color":"","overlay-opacity":"","overlay-gradient":""},"mobile":{"background-color":"var(--ast-global-color-4)","background-image":"","background-repeat":"repeat","background-position":"center center","background-size":"auto","background-attachment":"scroll","background-type":"","background-media":"","overlay-type":"","overlay-color":"","overlay-opacity":"","overlay-gradient":""}}},"product_brand":[],"product_cat":[503],"product_tag":[],"class_list":{"0":"post-14440","1":"product","2":"type-product","3":"status-publish","4":"has-post-thumbnail","6":"product_cat-systemes-de-filtration","7":"desktop-align-center","8":"tablet-align-left","9":"mobile-align-left","11":"first","12":"instock","13":"shipping-taxable","14":"product-type-simple"},"acf":[],"_links":{"self":[{"href":"https:\/\/il-tec.com\/fr\/wp-json\/wp\/v2\/product\/14440","targetHints":{"allow":["GET"]}}],"collection":[{"href":"https:\/\/il-tec.com\/fr\/wp-json\/wp\/v2\/product"}],"about":[{"href":"https:\/\/il-tec.com\/fr\/wp-json\/wp\/v2\/types\/product"}],"wp:featuredmedia":[{"embeddable":true,"href":"https:\/\/il-tec.com\/fr\/wp-json\/wp\/v2\/media\/14442"}],"wp:attachment":[{"href":"https:\/\/il-tec.com\/fr\/wp-json\/wp\/v2\/media?parent=14440"}],"wp:term":[{"taxonomy":"product_brand","embeddable":true,"href":"https:\/\/il-tec.com\/fr\/wp-json\/wp\/v2\/product_brand?post=14440"},{"taxonomy":"product_cat","embeddable":true,"href":"https:\/\/il-tec.com\/fr\/wp-json\/wp\/v2\/product_cat?post=14440"},{"taxonomy":"product_tag","embeddable":true,"href":"https:\/\/il-tec.com\/fr\/wp-json\/wp\/v2\/product_tag?post=14440"}],"curies":[{"name":"wp","href":"https:\/\/api.w.org\/{rel}","templated":true}]}}