{"id":14434,"date":"2025-06-10T10:24:14","date_gmt":"2025-06-10T10:24:14","guid":{"rendered":"https:\/\/il-tec.com\/?post_type=product&#038;p=14434"},"modified":"2026-03-07T13:03:28","modified_gmt":"2026-03-07T13:03:28","slug":"ultraseamer","status":"publish","type":"product","link":"https:\/\/il-tec.com\/fr\/machines-a-boucher\/ultraseamer\/","title":{"rendered":"UltraSeamer"},"content":{"rendered":"<p><strong>ULTRASEAMER<\/strong> est une machine \u00e0 sceller les canettes apr\u00e8s remplissage, compatible avec les couvercles CL ou B64 (selon le mod\u00e8le).<\/p>\n<p>Elle accepte les canettes standard (33 cl et 50 cl) et les canettes profil\u00e9es (33 cl hautes et \u00e9troites). La machine est manuelle, offrant un contr\u00f4le pr\u00e9cis de chaque scellage.<\/p>\n<p>Id\u00e9ale pour la production artisanale et les boissons de qualit\u00e9.<\/p>\n<p>Son rendement horaire est d&rsquo;environ 250 \u00e0 300 canettes.<\/p>\n","protected":false},"excerpt":{"rendered":"<p>ULTRASEAMER, la nouvelle machine \u00e0 sceller les bo\u00eetes de conserve d&rsquo;ILTEC, est con\u00e7ue pour sceller les bo\u00eetes apr\u00e8s remplissage et est compatible avec diff\u00e9rents types de couvercles.<\/p>\n","protected":false},"featured_media":14436,"template":"","meta":{"_acf_changed":false,"site-sidebar-layout":"default","site-content-layout":"","ast-site-content-layout":"default","site-content-style":"default","site-sidebar-style":"default","ast-global-header-display":"","ast-banner-title-visibility":"","ast-main-header-display":"","ast-hfb-above-header-display":"","ast-hfb-below-header-display":"","ast-hfb-mobile-header-display":"","site-post-title":"","ast-breadcrumbs-content":"","ast-featured-img":"","footer-sml-layout":"","ast-disable-related-posts":"","theme-transparent-header-meta":"default","adv-header-id-meta":"","stick-header-meta":"","header-above-stick-meta":"","header-main-stick-meta":"","header-below-stick-meta":"","astra-migrate-meta-layouts":"set","ast-page-background-enabled":"default","ast-page-background-meta":{"desktop":{"background-color":"var(--ast-global-color-5)","background-image":"","background-repeat":"repeat","background-position":"center center","background-size":"auto","background-attachment":"scroll","background-type":"","background-media":"","overlay-type":"","overlay-color":"","overlay-opacity":"","overlay-gradient":""},"tablet":{"background-color":"","background-image":"","background-repeat":"repeat","background-position":"center center","background-size":"auto","background-attachment":"scroll","background-type":"","background-media":"","overlay-type":"","overlay-color":"","overlay-opacity":"","overlay-gradient":""},"mobile":{"background-color":"","background-image":"","background-repeat":"repeat","background-position":"center center","background-size":"auto","background-attachment":"scroll","background-type":"","background-media":"","overlay-type":"","overlay-color":"","overlay-opacity":"","overlay-gradient":""}},"ast-content-background-meta":{"desktop":{"background-color":"var(--ast-global-color-4)","background-image":"","background-repeat":"repeat","background-position":"center center","background-size":"auto","background-attachment":"scroll","background-type":"","background-media":"","overlay-type":"","overlay-color":"","overlay-opacity":"","overlay-gradient":""},"tablet":{"background-color":"var(--ast-global-color-4)","background-image":"","background-repeat":"repeat","background-position":"center center","background-size":"auto","background-attachment":"scroll","background-type":"","background-media":"","overlay-type":"","overlay-color":"","overlay-opacity":"","overlay-gradient":""},"mobile":{"background-color":"var(--ast-global-color-4)","background-image":"","background-repeat":"repeat","background-position":"center center","background-size":"auto","background-attachment":"scroll","background-type":"","background-media":"","overlay-type":"","overlay-color":"","overlay-opacity":"","overlay-gradient":""}}},"product_brand":[],"product_cat":[504],"product_tag":[],"class_list":{"0":"post-14434","1":"product","2":"type-product","3":"status-publish","4":"has-post-thumbnail","6":"product_cat-machines-a-boucher","7":"desktop-align-center","8":"tablet-align-left","9":"mobile-align-left","11":"first","12":"instock","13":"shipping-taxable","14":"product-type-simple"},"acf":[],"_links":{"self":[{"href":"https:\/\/il-tec.com\/fr\/wp-json\/wp\/v2\/product\/14434","targetHints":{"allow":["GET"]}}],"collection":[{"href":"https:\/\/il-tec.com\/fr\/wp-json\/wp\/v2\/product"}],"about":[{"href":"https:\/\/il-tec.com\/fr\/wp-json\/wp\/v2\/types\/product"}],"wp:featuredmedia":[{"embeddable":true,"href":"https:\/\/il-tec.com\/fr\/wp-json\/wp\/v2\/media\/14436"}],"wp:attachment":[{"href":"https:\/\/il-tec.com\/fr\/wp-json\/wp\/v2\/media?parent=14434"}],"wp:term":[{"taxonomy":"product_brand","embeddable":true,"href":"https:\/\/il-tec.com\/fr\/wp-json\/wp\/v2\/product_brand?post=14434"},{"taxonomy":"product_cat","embeddable":true,"href":"https:\/\/il-tec.com\/fr\/wp-json\/wp\/v2\/product_cat?post=14434"},{"taxonomy":"product_tag","embeddable":true,"href":"https:\/\/il-tec.com\/fr\/wp-json\/wp\/v2\/product_tag?post=14434"}],"curies":[{"name":"wp","href":"https:\/\/api.w.org\/{rel}","templated":true}]}}