{"id":14421,"date":"2025-06-10T09:55:50","date_gmt":"2025-06-10T09:55:50","guid":{"rendered":"https:\/\/il-tec.com\/?post_type=product&#038;p=14421"},"modified":"2026-03-07T14:09:34","modified_gmt":"2026-03-07T14:09:34","slug":"ultragravity","status":"publish","type":"product","link":"https:\/\/il-tec.com\/fr\/machines-dembouteillage\/ultragravity\/","title":{"rendered":"UltraGravity"},"content":{"rendered":"<p><strong>ULTRAGRAVITY<\/strong> est une machine d&#8217;embouteillage con\u00e7ue pour un remplissage pr\u00e9cis et fiable. Le choix id\u00e9al pour des op\u00e9rations hygi\u00e9niques et efficaces.<\/p>\n<p>La remplisseuse est enti\u00e8rement fabriqu\u00e9e en acier inoxydable, garantissant sa durabilit\u00e9 et r\u00e9pondant aux normes les plus exigeantes pour les applications alimentaires.<\/p>\n<p>La buse est en acier AISI 316 pour une r\u00e9sistance \u00e9lev\u00e9e \u00e0 la corrosion, tandis que les autres composants sont en acier AISI 304 pour une robustesse accrue et une finition polie. La cuve en acier inoxydable et la tubulure de qualit\u00e9 pharmaceutique assurent une compatibilit\u00e9 totale avec divers produits alimentaires, pr\u00e9servant ainsi l&rsquo;int\u00e9grit\u00e9 des liquides pendant le remplissage. Un bouchon en plexiglas scelle la cuve en acier inoxydable, permettant \u00e0 l&rsquo;utilisateur de surveiller le remplissage en temps r\u00e9el, pour plus de simplicit\u00e9 et de contr\u00f4le.<\/p>\n<p>La machine d&#8217;embouteillage est disponible en deux mod\u00e8les, adapt\u00e9s \u00e0 diff\u00e9rents besoins op\u00e9rationnels:<\/p>\n<h2><strong>ULTRAGRAVITY \u00e9lectrique<\/strong><\/h2>\n<ol>\n<li>\u00c9quip\u00e9e d&rsquo;un syst\u00e8me de flotteur \u00e9lectrique pour un contr\u00f4le pr\u00e9cis du niveau de liquide.<\/li>\n<li>N\u00e9cessite une pompe externe pour l&rsquo;alimentation en liquide.<\/li>\n<li>Id\u00e9ale pour les configurations o\u00f9 la machine doit aspirer un liquide qui ne peut s&rsquo;\u00e9couler par gravit\u00e9 depuis une cuve situ\u00e9e \u00e0 un niveau sup\u00e9rieur.<\/li>\n<\/ol>\n<h2>Syst\u00e8me ULTRAGRAVITY m\u00e9canique<\/h2>\n<ul>\n<li>Dot\u00e9 d&rsquo;un syst\u00e8me de flotteur m\u00e9canique, il offre simplicit\u00e9 et fiabilit\u00e9.<\/li>\n<li>Il n\u00e9cessite un raccordement \u00e0 une cuve sur\u00e9lev\u00e9e, le liquide \u00e9tant achemin\u00e9 par gravit\u00e9.<\/li>\n<li>Id\u00e9al pour les installations avec cuves sur\u00e9lev\u00e9es et solutions de remplissage sans \u00e9nergie.<\/li>\n<\/ul>\n","protected":false},"excerpt":{"rendered":"<p>ULTRAGRAVITY est une machine d&#8217;embouteillage con\u00e7ue pour un remplissage pr\u00e9cis et fiable. Le choix id\u00e9al pour des op\u00e9rations hygi\u00e9niques et efficaces.<\/p>\n","protected":false},"featured_media":14423,"template":"","meta":{"_acf_changed":false,"site-sidebar-layout":"default","site-content-layout":"","ast-site-content-layout":"default","site-content-style":"default","site-sidebar-style":"default","ast-global-header-display":"","ast-banner-title-visibility":"","ast-main-header-display":"","ast-hfb-above-header-display":"","ast-hfb-below-header-display":"","ast-hfb-mobile-header-display":"","site-post-title":"","ast-breadcrumbs-content":"","ast-featured-img":"","footer-sml-layout":"","ast-disable-related-posts":"","theme-transparent-header-meta":"default","adv-header-id-meta":"","stick-header-meta":"","header-above-stick-meta":"","header-main-stick-meta":"","header-below-stick-meta":"","astra-migrate-meta-layouts":"set","ast-page-background-enabled":"default","ast-page-background-meta":{"desktop":{"background-color":"var(--ast-global-color-5)","background-image":"","background-repeat":"repeat","background-position":"center center","background-size":"auto","background-attachment":"scroll","background-type":"","background-media":"","overlay-type":"","overlay-color":"","overlay-opacity":"","overlay-gradient":""},"tablet":{"background-color":"","background-image":"","background-repeat":"repeat","background-position":"center center","background-size":"auto","background-attachment":"scroll","background-type":"","background-media":"","overlay-type":"","overlay-color":"","overlay-opacity":"","overlay-gradient":""},"mobile":{"background-color":"","background-image":"","background-repeat":"repeat","background-position":"center center","background-size":"auto","background-attachment":"scroll","background-type":"","background-media":"","overlay-type":"","overlay-color":"","overlay-opacity":"","overlay-gradient":""}},"ast-content-background-meta":{"desktop":{"background-color":"var(--ast-global-color-4)","background-image":"","background-repeat":"repeat","background-position":"center center","background-size":"auto","background-attachment":"scroll","background-type":"","background-media":"","overlay-type":"","overlay-color":"","overlay-opacity":"","overlay-gradient":""},"tablet":{"background-color":"var(--ast-global-color-4)","background-image":"","background-repeat":"repeat","background-position":"center center","background-size":"auto","background-attachment":"scroll","background-type":"","background-media":"","overlay-type":"","overlay-color":"","overlay-opacity":"","overlay-gradient":""},"mobile":{"background-color":"var(--ast-global-color-4)","background-image":"","background-repeat":"repeat","background-position":"center center","background-size":"auto","background-attachment":"scroll","background-type":"","background-media":"","overlay-type":"","overlay-color":"","overlay-opacity":"","overlay-gradient":""}}},"product_brand":[],"product_cat":[502],"product_tag":[],"class_list":{"0":"post-14421","1":"product","2":"type-product","3":"status-publish","4":"has-post-thumbnail","6":"product_cat-machines-dembouteillage","7":"desktop-align-center","8":"tablet-align-left","9":"mobile-align-left","11":"first","12":"instock","13":"shipping-taxable","14":"product-type-simple"},"acf":[],"_links":{"self":[{"href":"https:\/\/il-tec.com\/fr\/wp-json\/wp\/v2\/product\/14421","targetHints":{"allow":["GET"]}}],"collection":[{"href":"https:\/\/il-tec.com\/fr\/wp-json\/wp\/v2\/product"}],"about":[{"href":"https:\/\/il-tec.com\/fr\/wp-json\/wp\/v2\/types\/product"}],"wp:featuredmedia":[{"embeddable":true,"href":"https:\/\/il-tec.com\/fr\/wp-json\/wp\/v2\/media\/14423"}],"wp:attachment":[{"href":"https:\/\/il-tec.com\/fr\/wp-json\/wp\/v2\/media?parent=14421"}],"wp:term":[{"taxonomy":"product_brand","embeddable":true,"href":"https:\/\/il-tec.com\/fr\/wp-json\/wp\/v2\/product_brand?post=14421"},{"taxonomy":"product_cat","embeddable":true,"href":"https:\/\/il-tec.com\/fr\/wp-json\/wp\/v2\/product_cat?post=14421"},{"taxonomy":"product_tag","embeddable":true,"href":"https:\/\/il-tec.com\/fr\/wp-json\/wp\/v2\/product_tag?post=14421"}],"curies":[{"name":"wp","href":"https:\/\/api.w.org\/{rel}","templated":true}]}}