{"id":14399,"date":"2025-06-10T09:00:23","date_gmt":"2025-06-10T09:00:23","guid":{"rendered":"https:\/\/il-tec.com\/?post_type=product&#038;p=14399"},"modified":"2026-03-07T14:24:25","modified_gmt":"2026-03-07T14:24:25","slug":"ultrabeer","status":"publish","type":"product","link":"https:\/\/il-tec.com\/fr\/machines-dembouteillage\/ultrabeer\/","title":{"rendered":"UltraBeer"},"content":{"rendered":"<p><strong>UltraBeer \u00ab tout-en-un \u00bb<\/strong><\/p>\n<p><strong>La machine d&#8217;embouteillage de bi\u00e8re ULTRABEER<\/strong> est enti\u00e8rement fabriqu\u00e9e en acier inoxydable. Ce syst\u00e8me <strong>professionnel est \u00e9quip\u00e9 d&rsquo;une buse de remplissage<\/strong> en acier inoxydable haute performance et de grande pr\u00e9cision.<\/p>\n<p>Lorsque la bouteille est plac\u00e9e sous la buse, le vide cr\u00e9\u00e9 aspire le liquide directement de la cuve de fermentation vers la bouteille, sans contact entre le liquide et les composants m\u00e9caniques, tels que les pompes.<\/p>\n<p><strong>L&rsquo;ULTRABEER<\/strong> est fournie avec une seringue professionnelle <strong>auto-remplissante pour le remplissage des bouteilles<\/strong> et un r\u00e9servoir en verre d\u00e9di\u00e9 \u00e0 la solution d&rsquo;amor\u00e7age, permettant un dosage pr\u00e9cis et fiable.<\/p>\n<p><strong>L&rsquo;ULTRABEER \u00ab tout-en-un \u00bb<\/strong> est \u00e0 la fois une machine <strong>d&#8217;embouteillage et une capsuleuse<\/strong>, gr\u00e2ce \u00e0 un module permettant de capsuler les bouteilles de bi\u00e8re rapidement et facilement. Un syst\u00e8me \u00e0 levier garantit une fermeture parfaite sans effort.<\/p>\n","protected":false},"excerpt":{"rendered":"<p>La machine d&#8217;embouteillage de bi\u00e8re ULTRABEER est enti\u00e8rement fabriqu\u00e9e en acier inoxydable. Ce syst\u00e8me professionnel est dot\u00e9 d&rsquo;une buse de remplissage en acier inoxydable haute performance et de grande pr\u00e9cision.<\/p>\n","protected":false},"featured_media":14404,"template":"","meta":{"_acf_changed":false,"site-sidebar-layout":"default","site-content-layout":"","ast-site-content-layout":"default","site-content-style":"default","site-sidebar-style":"default","ast-global-header-display":"","ast-banner-title-visibility":"","ast-main-header-display":"","ast-hfb-above-header-display":"","ast-hfb-below-header-display":"","ast-hfb-mobile-header-display":"","site-post-title":"","ast-breadcrumbs-content":"","ast-featured-img":"","footer-sml-layout":"","ast-disable-related-posts":"","theme-transparent-header-meta":"default","adv-header-id-meta":"","stick-header-meta":"","header-above-stick-meta":"","header-main-stick-meta":"","header-below-stick-meta":"","astra-migrate-meta-layouts":"set","ast-page-background-enabled":"default","ast-page-background-meta":{"desktop":{"background-color":"var(--ast-global-color-5)","background-image":"","background-repeat":"repeat","background-position":"center center","background-size":"auto","background-attachment":"scroll","background-type":"","background-media":"","overlay-type":"","overlay-color":"","overlay-opacity":"","overlay-gradient":""},"tablet":{"background-color":"","background-image":"","background-repeat":"repeat","background-position":"center center","background-size":"auto","background-attachment":"scroll","background-type":"","background-media":"","overlay-type":"","overlay-color":"","overlay-opacity":"","overlay-gradient":""},"mobile":{"background-color":"","background-image":"","background-repeat":"repeat","background-position":"center center","background-size":"auto","background-attachment":"scroll","background-type":"","background-media":"","overlay-type":"","overlay-color":"","overlay-opacity":"","overlay-gradient":""}},"ast-content-background-meta":{"desktop":{"background-color":"var(--ast-global-color-4)","background-image":"","background-repeat":"repeat","background-position":"center center","background-size":"auto","background-attachment":"scroll","background-type":"","background-media":"","overlay-type":"","overlay-color":"","overlay-opacity":"","overlay-gradient":""},"tablet":{"background-color":"var(--ast-global-color-4)","background-image":"","background-repeat":"repeat","background-position":"center center","background-size":"auto","background-attachment":"scroll","background-type":"","background-media":"","overlay-type":"","overlay-color":"","overlay-opacity":"","overlay-gradient":""},"mobile":{"background-color":"var(--ast-global-color-4)","background-image":"","background-repeat":"repeat","background-position":"center center","background-size":"auto","background-attachment":"scroll","background-type":"","background-media":"","overlay-type":"","overlay-color":"","overlay-opacity":"","overlay-gradient":""}}},"product_brand":[],"product_cat":[502],"product_tag":[],"class_list":{"0":"post-14399","1":"product","2":"type-product","3":"status-publish","4":"has-post-thumbnail","6":"product_cat-machines-dembouteillage","7":"desktop-align-center","8":"tablet-align-left","9":"mobile-align-left","11":"first","12":"instock","13":"shipping-taxable","14":"product-type-simple"},"acf":[],"_links":{"self":[{"href":"https:\/\/il-tec.com\/fr\/wp-json\/wp\/v2\/product\/14399","targetHints":{"allow":["GET"]}}],"collection":[{"href":"https:\/\/il-tec.com\/fr\/wp-json\/wp\/v2\/product"}],"about":[{"href":"https:\/\/il-tec.com\/fr\/wp-json\/wp\/v2\/types\/product"}],"wp:featuredmedia":[{"embeddable":true,"href":"https:\/\/il-tec.com\/fr\/wp-json\/wp\/v2\/media\/14404"}],"wp:attachment":[{"href":"https:\/\/il-tec.com\/fr\/wp-json\/wp\/v2\/media?parent=14399"}],"wp:term":[{"taxonomy":"product_brand","embeddable":true,"href":"https:\/\/il-tec.com\/fr\/wp-json\/wp\/v2\/product_brand?post=14399"},{"taxonomy":"product_cat","embeddable":true,"href":"https:\/\/il-tec.com\/fr\/wp-json\/wp\/v2\/product_cat?post=14399"},{"taxonomy":"product_tag","embeddable":true,"href":"https:\/\/il-tec.com\/fr\/wp-json\/wp\/v2\/product_tag?post=14399"}],"curies":[{"name":"wp","href":"https:\/\/api.w.org\/{rel}","templated":true}]}}