{"id":14374,"date":"2025-06-09T15:47:16","date_gmt":"2025-06-09T15:47:16","guid":{"rendered":"https:\/\/il-tec.com\/?post_type=product&#038;p=14374"},"modified":"2026-03-07T13:39:39","modified_gmt":"2026-03-07T13:39:39","slug":"ultrafiller-2","status":"publish","type":"product","link":"https:\/\/il-tec.com\/fr\/machines-dembouteillage\/ultrafiller-2\/","title":{"rendered":"Ultrafiller 2"},"content":{"rendered":"<p><strong>L&#8217;embouteilleuse Ultrafiller 2<\/strong> est enti\u00e8rement fabriqu\u00e9e en acier inoxydable et \u00e9quip\u00e9e d&rsquo;une cuve en PYREX et de deux buses de remplissage en acier inoxydable haute performance et de haute pr\u00e9cision.<\/p>\n<p>L&rsquo;<strong>Ultrafiller est une embouteilleuse professionnelle pour le vin<\/strong>, \u00e9galement id\u00e9ale pour d&rsquo;autres liquides, comme <strong>les huiles et les spiritueux<\/strong>.<\/p>\n<p>Lorsque la bouteille est plac\u00e9e sous l&#8217;embouteilleuse Ultrafiller, le liquide est aspir\u00e9 par le vide cr\u00e9\u00e9 \u00e0 l&rsquo;int\u00e9rieur, sans aucun contact entre le liquide et les pompes ou les composants m\u00e9caniques.<\/p>\n<p><strong>L&rsquo;Ultrafiller Mignon<\/strong> est une <strong>embouteilleuse particuli\u00e8rement adapt\u00e9e aux huiles et aux spiritueux<\/strong>. Enti\u00e8rement fabriqu\u00e9e en acier inoxydable, elle est \u00e9quip\u00e9e d&rsquo;une cuve en PYREX et de deux buses de remplissage interchangeables en acier inoxydable, haute performance et de haute pr\u00e9cision. <strong>Cette remplisseuse d&rsquo;huiles et de spiritueux<\/strong>, avec sa buse miniature de seulement 8 mm de diam\u00e8tre, est parfaite pour les petites bouteilles\u00a0!<\/p>\n<p>La hauteur de la buse est r\u00e9glable pour s&rsquo;adapter aux bouteilles et flacons de diff\u00e9rentes tailles.<\/p>\n","protected":false},"excerpt":{"rendered":"<p>La machine d&#8217;embouteillage Ultrafiller 2 est enti\u00e8rement construite en acier inoxydable, est \u00e9quip\u00e9e d&rsquo;une cuve en PYREX et de deux buses de remplissage en acier inoxydable haute efficacit\u00e9 et pr\u00e9cision.<\/p>\n","protected":false},"featured_media":14380,"template":"","meta":{"_acf_changed":false,"site-sidebar-layout":"default","site-content-layout":"","ast-site-content-layout":"default","site-content-style":"default","site-sidebar-style":"default","ast-global-header-display":"","ast-banner-title-visibility":"","ast-main-header-display":"","ast-hfb-above-header-display":"","ast-hfb-below-header-display":"","ast-hfb-mobile-header-display":"","site-post-title":"","ast-breadcrumbs-content":"","ast-featured-img":"","footer-sml-layout":"","ast-disable-related-posts":"","theme-transparent-header-meta":"default","adv-header-id-meta":"","stick-header-meta":"","header-above-stick-meta":"","header-main-stick-meta":"","header-below-stick-meta":"","astra-migrate-meta-layouts":"set","ast-page-background-enabled":"default","ast-page-background-meta":{"desktop":{"background-color":"var(--ast-global-color-5)","background-image":"","background-repeat":"repeat","background-position":"center center","background-size":"auto","background-attachment":"scroll","background-type":"","background-media":"","overlay-type":"","overlay-color":"","overlay-opacity":"","overlay-gradient":""},"tablet":{"background-color":"","background-image":"","background-repeat":"repeat","background-position":"center center","background-size":"auto","background-attachment":"scroll","background-type":"","background-media":"","overlay-type":"","overlay-color":"","overlay-opacity":"","overlay-gradient":""},"mobile":{"background-color":"","background-image":"","background-repeat":"repeat","background-position":"center center","background-size":"auto","background-attachment":"scroll","background-type":"","background-media":"","overlay-type":"","overlay-color":"","overlay-opacity":"","overlay-gradient":""}},"ast-content-background-meta":{"desktop":{"background-color":"var(--ast-global-color-4)","background-image":"","background-repeat":"repeat","background-position":"center center","background-size":"auto","background-attachment":"scroll","background-type":"","background-media":"","overlay-type":"","overlay-color":"","overlay-opacity":"","overlay-gradient":""},"tablet":{"background-color":"var(--ast-global-color-4)","background-image":"","background-repeat":"repeat","background-position":"center center","background-size":"auto","background-attachment":"scroll","background-type":"","background-media":"","overlay-type":"","overlay-color":"","overlay-opacity":"","overlay-gradient":""},"mobile":{"background-color":"var(--ast-global-color-4)","background-image":"","background-repeat":"repeat","background-position":"center center","background-size":"auto","background-attachment":"scroll","background-type":"","background-media":"","overlay-type":"","overlay-color":"","overlay-opacity":"","overlay-gradient":""}}},"product_brand":[],"product_cat":[502],"product_tag":[],"class_list":{"0":"post-14374","1":"product","2":"type-product","3":"status-publish","4":"has-post-thumbnail","6":"product_cat-machines-dembouteillage","7":"desktop-align-center","8":"tablet-align-left","9":"mobile-align-left","11":"first","12":"instock","13":"shipping-taxable","14":"product-type-simple"},"acf":[],"_links":{"self":[{"href":"https:\/\/il-tec.com\/fr\/wp-json\/wp\/v2\/product\/14374","targetHints":{"allow":["GET"]}}],"collection":[{"href":"https:\/\/il-tec.com\/fr\/wp-json\/wp\/v2\/product"}],"about":[{"href":"https:\/\/il-tec.com\/fr\/wp-json\/wp\/v2\/types\/product"}],"wp:featuredmedia":[{"embeddable":true,"href":"https:\/\/il-tec.com\/fr\/wp-json\/wp\/v2\/media\/14380"}],"wp:attachment":[{"href":"https:\/\/il-tec.com\/fr\/wp-json\/wp\/v2\/media?parent=14374"}],"wp:term":[{"taxonomy":"product_brand","embeddable":true,"href":"https:\/\/il-tec.com\/fr\/wp-json\/wp\/v2\/product_brand?post=14374"},{"taxonomy":"product_cat","embeddable":true,"href":"https:\/\/il-tec.com\/fr\/wp-json\/wp\/v2\/product_cat?post=14374"},{"taxonomy":"product_tag","embeddable":true,"href":"https:\/\/il-tec.com\/fr\/wp-json\/wp\/v2\/product_tag?post=14374"}],"curies":[{"name":"wp","href":"https:\/\/api.w.org\/{rel}","templated":true}]}}