{"id":14363,"date":"2025-05-30T15:13:17","date_gmt":"2025-05-30T15:13:17","guid":{"rendered":"https:\/\/il-tec.com\/?post_type=product&#038;p=14363"},"modified":"2026-03-07T13:37:48","modified_gmt":"2026-03-07T13:37:48","slug":"ultrafiller-1-pro","status":"publish","type":"product","link":"https:\/\/il-tec.com\/fr\/machines-dembouteillage\/ultrafiller-1-pro\/","title":{"rendered":"Ultrafiller 1 Pro"},"content":{"rendered":"<p><strong>L&#8217;embouteilleuse Ultrafiller<\/strong> est enti\u00e8rement fabriqu\u00e9e en acier inoxydable et \u00e9quip\u00e9e d&rsquo;une cuve en PYREX et de buses de remplissage haute pr\u00e9cision en acier inoxydable.<\/p>\n<p>L&rsquo;Ultrafiller est une <strong>machine d&#8217;embouteillage professionnelle pour le vin<\/strong>, \u00e9galement id\u00e9ale pour d&rsquo;autres liquides tels que les<strong> huiles, les spiritueux et les parfums.<\/strong><\/p>\n<p>Lorsque la bouteille est plac\u00e9e sous l&rsquo;<strong>embouteilleuse ULTRAFILLER 1<\/strong>, le liquide est aspir\u00e9 par le vide cr\u00e9\u00e9 \u00e0 l&rsquo;int\u00e9rieur, sans aucun contact entre le liquide et les pompes ou les composants m\u00e9caniques.<\/p>\n<p>La buse est amovible pour un remplissage simplifi\u00e9.<\/p>\n","protected":false},"excerpt":{"rendered":"<p>L&rsquo;Ultrafiller est une <strong>machine d&#8217;embouteillage professionnelle pour le vin<\/strong>, \u00e9galement id\u00e9ale pour d&rsquo;autres liquides tels que les<strong> huiles, les spiritueux et les parfums.<\/strong><\/p>\n","protected":false},"featured_media":14371,"template":"","meta":{"_acf_changed":false,"site-sidebar-layout":"default","site-content-layout":"","ast-site-content-layout":"default","site-content-style":"default","site-sidebar-style":"default","ast-global-header-display":"","ast-banner-title-visibility":"","ast-main-header-display":"","ast-hfb-above-header-display":"","ast-hfb-below-header-display":"","ast-hfb-mobile-header-display":"","site-post-title":"","ast-breadcrumbs-content":"","ast-featured-img":"","footer-sml-layout":"","ast-disable-related-posts":"","theme-transparent-header-meta":"default","adv-header-id-meta":"","stick-header-meta":"","header-above-stick-meta":"","header-main-stick-meta":"","header-below-stick-meta":"","astra-migrate-meta-layouts":"set","ast-page-background-enabled":"default","ast-page-background-meta":{"desktop":{"background-color":"var(--ast-global-color-5)","background-image":"","background-repeat":"repeat","background-position":"center center","background-size":"auto","background-attachment":"scroll","background-type":"","background-media":"","overlay-type":"","overlay-color":"","overlay-opacity":"","overlay-gradient":""},"tablet":{"background-color":"","background-image":"","background-repeat":"repeat","background-position":"center center","background-size":"auto","background-attachment":"scroll","background-type":"","background-media":"","overlay-type":"","overlay-color":"","overlay-opacity":"","overlay-gradient":""},"mobile":{"background-color":"","background-image":"","background-repeat":"repeat","background-position":"center center","background-size":"auto","background-attachment":"scroll","background-type":"","background-media":"","overlay-type":"","overlay-color":"","overlay-opacity":"","overlay-gradient":""}},"ast-content-background-meta":{"desktop":{"background-color":"var(--ast-global-color-4)","background-image":"","background-repeat":"repeat","background-position":"center center","background-size":"auto","background-attachment":"scroll","background-type":"","background-media":"","overlay-type":"","overlay-color":"","overlay-opacity":"","overlay-gradient":""},"tablet":{"background-color":"var(--ast-global-color-4)","background-image":"","background-repeat":"repeat","background-position":"center center","background-size":"auto","background-attachment":"scroll","background-type":"","background-media":"","overlay-type":"","overlay-color":"","overlay-opacity":"","overlay-gradient":""},"mobile":{"background-color":"var(--ast-global-color-4)","background-image":"","background-repeat":"repeat","background-position":"center center","background-size":"auto","background-attachment":"scroll","background-type":"","background-media":"","overlay-type":"","overlay-color":"","overlay-opacity":"","overlay-gradient":""}}},"product_brand":[],"product_cat":[502],"product_tag":[],"class_list":{"0":"post-14363","1":"product","2":"type-product","3":"status-publish","4":"has-post-thumbnail","6":"product_cat-machines-dembouteillage","7":"desktop-align-center","8":"tablet-align-left","9":"mobile-align-left","11":"first","12":"instock","13":"shipping-taxable","14":"product-type-simple"},"acf":[],"_links":{"self":[{"href":"https:\/\/il-tec.com\/fr\/wp-json\/wp\/v2\/product\/14363","targetHints":{"allow":["GET"]}}],"collection":[{"href":"https:\/\/il-tec.com\/fr\/wp-json\/wp\/v2\/product"}],"about":[{"href":"https:\/\/il-tec.com\/fr\/wp-json\/wp\/v2\/types\/product"}],"wp:featuredmedia":[{"embeddable":true,"href":"https:\/\/il-tec.com\/fr\/wp-json\/wp\/v2\/media\/14371"}],"wp:attachment":[{"href":"https:\/\/il-tec.com\/fr\/wp-json\/wp\/v2\/media?parent=14363"}],"wp:term":[{"taxonomy":"product_brand","embeddable":true,"href":"https:\/\/il-tec.com\/fr\/wp-json\/wp\/v2\/product_brand?post=14363"},{"taxonomy":"product_cat","embeddable":true,"href":"https:\/\/il-tec.com\/fr\/wp-json\/wp\/v2\/product_cat?post=14363"},{"taxonomy":"product_tag","embeddable":true,"href":"https:\/\/il-tec.com\/fr\/wp-json\/wp\/v2\/product_tag?post=14363"}],"curies":[{"name":"wp","href":"https:\/\/api.w.org\/{rel}","templated":true}]}}