{"id":14346,"date":"2025-05-29T08:29:44","date_gmt":"2025-05-29T08:29:44","guid":{"rendered":"https:\/\/il-tec.com\/?post_type=product&#038;p=14346"},"modified":"2026-03-07T13:23:26","modified_gmt":"2026-03-07T13:23:26","slug":"ultrafiller-1-lite","status":"publish","type":"product","link":"https:\/\/il-tec.com\/fr\/machines-dembouteillage\/ultrafiller-1-lite\/","title":{"rendered":"Ultrafiller 1 Lite"},"content":{"rendered":"<p>L&rsquo;<strong>Ultrafiller 1 Lite<\/strong> est la nouvelle version compacte \u00e0 une seule t\u00eate de<strong> l&#8217;embouteilleuse Ultrafiller 1<\/strong>. Son corps est en plastique r\u00e9sistant, sa buse de remplissage en acier inoxydable et sa cuve en plastique alimentaire.<\/p>\n<p>L&rsquo;<strong>Ultrafiller 1 Lite<\/strong> est une embouteilleuse id\u00e9ale pour le vin, mais \u00e9galement pour d&rsquo;autres liquides comme les huiles, les spiritueux et les parfums.<\/p>\n<p>Lorsque la bouteille est plac\u00e9e sous l&rsquo;<strong>Ultrafiller 1 Lite<\/strong>, le liquide est aspir\u00e9 par le vide cr\u00e9\u00e9 \u00e0 l&rsquo;int\u00e9rieur, sans aucun contact entre le liquide et les pompes ou les composants m\u00e9caniques.<\/p>\n<p>Une version \u00e0 bec amovible est \u00e9galement disponible, permettant un remplissage simplifi\u00e9 gr\u00e2ce \u00e0 ce bec verseur amovible.<\/p>\n","protected":false},"excerpt":{"rendered":"<p>L&rsquo;Ultrafiller 1 Lite est la nouvelle version compacte \u00e0 une seule t\u00eate de l&#8217;embouteilleuse Ultrafiller 1. Son corps est en plastique r\u00e9sistant, tandis que sa buse de remplissage est en acier inoxydable. La cuve est en plastique alimentaire.<\/p>\n","protected":false},"featured_media":14354,"template":"","meta":{"_acf_changed":false,"site-sidebar-layout":"default","site-content-layout":"","ast-site-content-layout":"default","site-content-style":"default","site-sidebar-style":"default","ast-global-header-display":"","ast-banner-title-visibility":"","ast-main-header-display":"","ast-hfb-above-header-display":"","ast-hfb-below-header-display":"","ast-hfb-mobile-header-display":"","site-post-title":"","ast-breadcrumbs-content":"","ast-featured-img":"","footer-sml-layout":"","ast-disable-related-posts":"","theme-transparent-header-meta":"default","adv-header-id-meta":"","stick-header-meta":"","header-above-stick-meta":"","header-main-stick-meta":"","header-below-stick-meta":"","astra-migrate-meta-layouts":"set","ast-page-background-enabled":"default","ast-page-background-meta":{"desktop":{"background-color":"var(--ast-global-color-5)","background-image":"","background-repeat":"repeat","background-position":"center center","background-size":"auto","background-attachment":"scroll","background-type":"","background-media":"","overlay-type":"","overlay-color":"","overlay-opacity":"","overlay-gradient":""},"tablet":{"background-color":"","background-image":"","background-repeat":"repeat","background-position":"center center","background-size":"auto","background-attachment":"scroll","background-type":"","background-media":"","overlay-type":"","overlay-color":"","overlay-opacity":"","overlay-gradient":""},"mobile":{"background-color":"","background-image":"","background-repeat":"repeat","background-position":"center center","background-size":"auto","background-attachment":"scroll","background-type":"","background-media":"","overlay-type":"","overlay-color":"","overlay-opacity":"","overlay-gradient":""}},"ast-content-background-meta":{"desktop":{"background-color":"var(--ast-global-color-4)","background-image":"","background-repeat":"repeat","background-position":"center center","background-size":"auto","background-attachment":"scroll","background-type":"","background-media":"","overlay-type":"","overlay-color":"","overlay-opacity":"","overlay-gradient":""},"tablet":{"background-color":"var(--ast-global-color-4)","background-image":"","background-repeat":"repeat","background-position":"center center","background-size":"auto","background-attachment":"scroll","background-type":"","background-media":"","overlay-type":"","overlay-color":"","overlay-opacity":"","overlay-gradient":""},"mobile":{"background-color":"var(--ast-global-color-4)","background-image":"","background-repeat":"repeat","background-position":"center center","background-size":"auto","background-attachment":"scroll","background-type":"","background-media":"","overlay-type":"","overlay-color":"","overlay-opacity":"","overlay-gradient":""}}},"product_brand":[],"product_cat":[502],"product_tag":[],"class_list":{"0":"post-14346","1":"product","2":"type-product","3":"status-publish","4":"has-post-thumbnail","6":"product_cat-machines-dembouteillage","7":"desktop-align-center","8":"tablet-align-left","9":"mobile-align-left","11":"first","12":"instock","13":"shipping-taxable","14":"product-type-simple"},"acf":[],"_links":{"self":[{"href":"https:\/\/il-tec.com\/fr\/wp-json\/wp\/v2\/product\/14346","targetHints":{"allow":["GET"]}}],"collection":[{"href":"https:\/\/il-tec.com\/fr\/wp-json\/wp\/v2\/product"}],"about":[{"href":"https:\/\/il-tec.com\/fr\/wp-json\/wp\/v2\/types\/product"}],"wp:featuredmedia":[{"embeddable":true,"href":"https:\/\/il-tec.com\/fr\/wp-json\/wp\/v2\/media\/14354"}],"wp:attachment":[{"href":"https:\/\/il-tec.com\/fr\/wp-json\/wp\/v2\/media?parent=14346"}],"wp:term":[{"taxonomy":"product_brand","embeddable":true,"href":"https:\/\/il-tec.com\/fr\/wp-json\/wp\/v2\/product_brand?post=14346"},{"taxonomy":"product_cat","embeddable":true,"href":"https:\/\/il-tec.com\/fr\/wp-json\/wp\/v2\/product_cat?post=14346"},{"taxonomy":"product_tag","embeddable":true,"href":"https:\/\/il-tec.com\/fr\/wp-json\/wp\/v2\/product_tag?post=14346"}],"curies":[{"name":"wp","href":"https:\/\/api.w.org\/{rel}","templated":true}]}}