{"id":14322,"date":"2026-03-05T11:33:41","date_gmt":"2026-03-05T11:33:41","guid":{"rendered":"https:\/\/il-tec.com\/?page_id=14322"},"modified":"2026-03-05T11:42:44","modified_gmt":"2026-03-05T11:42:44","slug":"privacy-policy","status":"publish","type":"page","link":"https:\/\/il-tec.com\/fr\/privacy-policy\/","title":{"rendered":"Privacy Policy"},"content":{"rendered":"\t\t<div data-elementor-type=\"wp-page\" data-elementor-id=\"14322\" class=\"elementor elementor-14322 elementor-12655\" data-elementor-post-type=\"page\">\n\t\t\t\t<div data-dce-background-overlay-color=\"#13379E\" class=\"elementor-element elementor-element-776b392c e-flex e-con-boxed e-con e-parent\" data-id=\"776b392c\" data-element_type=\"container\" data-e-type=\"container\" data-settings=\"{&quot;background_background&quot;:&quot;video&quot;,&quot;shape_divider_bottom&quot;:&quot;opacity-tilt&quot;,&quot;background_play_on_mobile&quot;:&quot;yes&quot;,&quot;background_video_start&quot;:0}\">\n\t\t\t\t\t<div class=\"e-con-inner\">\n\t\t\t\t<div class=\"elementor-shape elementor-shape-bottom\" aria-hidden=\"true\" data-negative=\"false\">\n\t\t\t<svg xmlns=\"http:\/\/www.w3.org\/2000\/svg\" viewBox=\"0 0 2600 131.1\" preserveAspectRatio=\"none\">\n\t<path class=\"elementor-shape-fill\" d=\"M0 0L2600 0 2600 69.1 0 0z\"\/>\n\t<path class=\"elementor-shape-fill\" style=\"opacity:0.5\" d=\"M0 0L2600 0 2600 69.1 0 69.1z\"\/>\n\t<path class=\"elementor-shape-fill\" style=\"opacity:0.25\" d=\"M2600 0L0 0 0 130.1 2600 69.1z\"\/>\n<\/svg>\t\t<\/div>\n\t\t\t\t<div data-dce-text-color=\"#C71928\" class=\"elementor-element elementor-element-44c42f4 elementor-widget elementor-widget-woocommerce-breadcrumb\" data-id=\"44c42f4\" data-element_type=\"widget\" data-e-type=\"widget\" data-widget_type=\"woocommerce-breadcrumb.default\">\n\t\t\t\t\t<nav class=\"woocommerce-breadcrumb\" aria-label=\"Breadcrumb\">Accueil<\/nav>\t\t\t\t<\/div>\n\t\t\t\t\t<\/div>\n\t\t\t\t<\/div>\n\t\t<div data-dce-background-color=\"#000000\" class=\"elementor-element elementor-element-50139496 e-flex e-con-boxed e-con e-parent\" data-id=\"50139496\" data-element_type=\"container\" data-e-type=\"container\" data-settings=\"{&quot;background_background&quot;:&quot;classic&quot;}\">\n\t\t\t\t\t<div class=\"e-con-inner\">\n\t\t\t\t<div class=\"elementor-element elementor-element-2d4fa705 elementor-widget elementor-widget-heading\" data-id=\"2d4fa705\" data-element_type=\"widget\" data-e-type=\"widget\" data-widget_type=\"heading.default\">\n\t\t\t\t\t<h1 class=\"elementor-heading-title elementor-size-default\">PriVACY POLICY<\/h1>\t\t\t\t<\/div>\n\t\t\t\t<div class=\"elementor-element elementor-element-43084952 elementor-widget elementor-widget-text-editor\" data-id=\"43084952\" data-element_type=\"widget\" data-e-type=\"widget\" data-widget_type=\"text-editor.default\">\n\t\t\t\t\t\t\t\t\t<p>Information relative au traitement des donn\u00e9es personnelles<\/p>\n<p>Cher utilisateur, conform\u00e9ment \u00e0 l&rsquo;article 13 du R\u00e8glement (UE) 2016\/679 relatif \u00e0 la protection des personnes physiques \u00e0 l&rsquo;\u00e9gard du traitement des donn\u00e9es \u00e0 caract\u00e8re personnel et \u00e0 la libre circulation de ces donn\u00e9es, la soci\u00e9t\u00e9 soussign\u00e9e Uflex S.r.l., en sa qualit\u00e9 de responsable du traitement des donn\u00e9es issues de l&rsquo;interaction avec les services web accessibles aux adresses \u00e9lectroniques https:\/\/ultraflexgroup.it\/ et https:\/\/industriadileivi.it\/, souhaite vous informer du traitement de vos donn\u00e9es personnelles et vous invite \u00e0 consentir librement et volontairement \u00e0 ce traitement pour les finalit\u00e9s d\u00e9crites. Cette information s&rsquo;applique uniquement au site web du responsable du traitement et non aux autres sites web accessibles par lien hypertexte.<\/p>\n<p><b>1 \u2013 Responsable du traitement<\/b><\/p>\n<p>I.L. Industria di Leivi s.r.l. (Repr\u00e9sentante L\u00e9gale Mme Marcella Gai)<\/p>\n<p>VIA GAZZO, 1<\/p>\n<p>16040 LEIVI (GE) \u2013 ITALIE<\/p>\n<p>T\u00c9L. +39 (0)185 35291<\/p>\n<p>Email: il@ultraflexgroup.it Email certifi\u00e9 dileivi@pec.it<\/p>\n<p><b>2 \u2013 Modalit\u00e9s de traitement<\/b><\/p>\n<p>Vos donn\u00e9es seront trait\u00e9es au si\u00e8ge du Responsable du traitement, verbalement et\/ou par \u00e9crit, au moyen d&rsquo;outils \u00e9lectroniques et\/ou papier, de la mani\u00e8re et dans la mesure n\u00e9cessaires \u00e0 la r\u00e9alisation des finalit\u00e9s \u00e9nonc\u00e9es, conform\u00e9ment aux principes \u00e9nonc\u00e9s \u00e0 l&rsquo;article 5, paragraphe 1, du R\u00e8glement (UE) 2016\/679, \u00e0 savoir&nbsp;:<\/p>\n<ul>\n<li>Licence, loyaut\u00e9 et transparence<\/li>\n<li>Limitation des finalit\u00e9s<\/li>\n<li>Minimisation des donn\u00e9es collect\u00e9es<\/li>\n<li>Exactitude des donn\u00e9es<\/li>\n<li>Limitation de la dur\u00e9e de conservation<\/li>\n<li>Int\u00e9grit\u00e9 et confidentialit\u00e9<\/li>\n<li>Responsabilit\u00e9 du Responsable du traitement.<\/li>\n<\/ul>\n<p>Le traitement effectu\u00e9 concerne les donn\u00e9es et finalit\u00e9s suivantes&nbsp;:<\/p>\n<p>Donn\u00e9es de navigation. Les syst\u00e8mes informatiques et les proc\u00e9dures logicielles utilis\u00e9s pour le fonctionnement de ce site web acqui\u00e8rent, lors de leur fonctionnement normal, certaines donn\u00e9es \u00e0 caract\u00e8re personnel dont la transmission est inh\u00e9rente \u00e0 l&rsquo;utilisation des protocoles de communication Internet.<\/p>\n<p>Ces informations ne sont pas collect\u00e9es pour \u00eatre associ\u00e9es \u00e0 des personnes identifi\u00e9es, mais de par leur nature, elles pourraient, par le biais de traitements et d&rsquo;associations avec des donn\u00e9es d\u00e9tenues par des tiers, permettre d&rsquo;identifier les utilisateurs. Cette cat\u00e9gorie de donn\u00e9es comprend les adresses IP ou les noms de domaine des ordinateurs utilis\u00e9s par les utilisateurs se connectant au site, les adresses URI (Uniform Resource Identifier) des ressources demand\u00e9es, l&rsquo;heure de la requ\u00eate, la m\u00e9thode utilis\u00e9e pour soumettre la requ\u00eate au serveur, la taille du fichier obtenu en r\u00e9ponse, le code num\u00e9rique indiquant l&rsquo;\u00e9tat de la r\u00e9ponse du serveur (succ\u00e8s, erreur, etc.) et d&rsquo;autres param\u00e8tres relatifs au syst\u00e8me d&rsquo;exploitation et \u00e0 l&rsquo;environnement informatique de l&rsquo;utilisateur.<\/p>\n<p>Ces donn\u00e9es sont utilis\u00e9es exclusivement pour obtenir des informations statistiques anonymes sur l&rsquo;utilisation du site, enregistrer les acc\u00e8s \u00e0 celui-ci et v\u00e9rifier son bon fonctionnement. Elles peuvent \u00e9galement servir \u00e0 \u00e9tablir les responsabilit\u00e9s en cas d&rsquo;infractions informatiques hypoth\u00e9tiques commises contre le site. Hormis cette \u00e9ventualit\u00e9, les donn\u00e9es de contact web ne sont actuellement pas conserv\u00e9es plus de sept jours.<\/p>\n<p>Les donn\u00e9es personnelles fournies volontairement par l&rsquo;utilisateur (nom, pr\u00e9nom, adresse \u00e9lectronique, etc.) sont utilis\u00e9es pour r\u00e9pondre \u00e0 sa demande sp\u00e9cifique via les services propos\u00e9s par le site web. La fourniture de ces donn\u00e9es est facultative, mais n\u00e9cessaire pour r\u00e9pondre \u00e0 la demande et permettre \u00e0 l&rsquo;utilisateur de b\u00e9n\u00e9ficier du service.<\/p>\n<p>L&rsquo;utilisateur est libre de fournir des donn\u00e9es personnelles dans les formulaires de demande pour s&rsquo;abonner \u00e0 la newsletter, recevoir des documents d&rsquo;information ou d&rsquo;autres communications commerciales. Le d\u00e9faut de fourniture de ces donn\u00e9es, ou leur fourniture incompl\u00e8te, peut emp\u00eacher l&rsquo;obtention du service demand\u00e9.<\/p>\n<p>Les donn\u00e9es personnelles sont trait\u00e9es pendant la dur\u00e9e strictement n\u00e9cessaire \u00e0 la r\u00e9alisation des finalit\u00e9s pour lesquelles elles ont \u00e9t\u00e9 collect\u00e9es ou, en tout \u00e9tat de cause, tant que le consentement est obtenu. Le traitement est effectu\u00e9 exclusivement par les employ\u00e9s d\u00e9sign\u00e9s et habilit\u00e9s dans le cadre de leurs fonctions respectives et conform\u00e9ment aux instructions du responsable du traitement, toujours et uniquement aux fins susmentionn\u00e9es, afin de garantir la s\u00e9curit\u00e9 et la confidentialit\u00e9 des donn\u00e9es, ainsi que la protection de vos droits. Ces donn\u00e9es ne sont ni transf\u00e9r\u00e9es vers des pays hors Union europ\u00e9enne ni vers des organisations internationales, et ne sont pas sous-trait\u00e9es \u00e0 des tiers. Elles peuvent \u00eatre communiqu\u00e9es, dans le cadre de leurs comp\u00e9tences pour l&rsquo;ex\u00e9cution de t\u00e2ches pour le compte du responsable du traitement, \u00e0 des sous-traitants, qu&rsquo;ils soient publics ou priv\u00e9s, personnes physiques ou morales.<\/p>\n<p>Le traitement des donn\u00e9es n&rsquo;implique aucune prise de d\u00e9cision automatis\u00e9e, y compris le profilage.<\/p>\n<p>Les donn\u00e9es personnelles sont trait\u00e9es aux fins de la r\u00e9daction et de la conclusion des contrats de vente, ainsi que pour leur ex\u00e9cution, y compris la r\u00e9alisation des activit\u00e9s techniques, op\u00e9rationnelles, administratives et comptables li\u00e9es \u00e0 l&rsquo;activit\u00e9 commerciale, conform\u00e9ment au contrat et aux obligations l\u00e9gales et fiscales. La fourniture des donn\u00e9es est obligatoire pour l&rsquo;ex\u00e9cution du contrat et le respect des obligations l\u00e9gales. Le non-respect de cette consigne rendra impossible la fourniture du service et le respect des r\u00e9glementations fiscales et administratives applicables.<\/p>\n<p>Le traitement sera effectu\u00e9 exclusivement par les employ\u00e9s d\u00e9sign\u00e9s et habilit\u00e9s dans le cadre de leurs fonctions respectives et conform\u00e9ment aux instructions du responsable du traitement, toujours et exclusivement aux fins \u00e9nonc\u00e9es ci-dessus, afin de garantir la s\u00e9curit\u00e9 et la confidentialit\u00e9 des donn\u00e9es et de prot\u00e9ger vos droits.<\/p>\n<p>Les donn\u00e9es doivent ou peuvent \u00eatre communiqu\u00e9es, dans le cadre de leur comp\u00e9tence sp\u00e9cifique et dans le cadre de l&rsquo;ex\u00e9cution de t\u00e2ches pour le compte du responsable du traitement, \u00e0 des entit\u00e9s publiques et priv\u00e9es ext\u00e9rieures \u00e0 ce dernier, notamment des fournisseurs, des collaborateurs, des avocats, des experts-comptables, des consultants en droit du travail, des consultants en g\u00e9n\u00e9ral, des \u00e9tablissements de cr\u00e9dit, des organismes publics et des services comp\u00e9tents, habilit\u00e9s \u00e0 les demander. Les donn\u00e9es peuvent \u00e9galement \u00eatre transf\u00e9r\u00e9es vers des pays tiers ou des organisations internationales en cas de d\u00e9cision d&rsquo;ad\u00e9quation de la Commission ou, en tout \u00e9tat de cause, exclusivement aux fins susmentionn\u00e9es.<\/p>\n<p>Les donn\u00e9es seront conserv\u00e9es pendant toute la dur\u00e9e des relations \u00e9tablies et, en tout \u00e9tat de cause, pendant une dur\u00e9e n&rsquo;exc\u00e9dant pas celle n\u00e9cessaire \u00e0 la r\u00e9alisation des finalit\u00e9s susmentionn\u00e9es pour lesquelles elles sont trait\u00e9es. Les donn\u00e9es comptables et administratives requises \u00e0 des fins fiscales (documents comptables) sont conserv\u00e9es par la loi (Code civil) pendant au moins dix ans \u00e0 compter de la date de la derni\u00e8re inscription ou jusqu&rsquo;\u00e0 la cl\u00f4ture de tout contr\u00f4le fiscal effectu\u00e9 par les autorit\u00e9s comp\u00e9tentes pour la p\u00e9riode fiscale concern\u00e9e (article 22, paragraphe 2, du d\u00e9cret pr\u00e9sidentiel n\u00b0 600\/1973).<\/p>\n<p>Le traitement de vos donn\u00e9es n&rsquo;implique aucune prise de d\u00e9cision automatis\u00e9e, y compris le profilage.<\/p>\n<p><b>3 \u2013 Droits de la personne concern\u00e9e<\/b><\/p>\n<p>Le R\u00e8glement vous conf\u00e8re, en tant que personne concern\u00e9e, l&rsquo;exercice de droits sp\u00e9cifiques, \u00e9num\u00e9r\u00e9s aux articles 15 \u00e0 22. Vous pouvez ainsi demander au responsable du traitement&nbsp;:<\/p>\n<ul>\n<li>l&rsquo;acc\u00e8s \u00e0 vos donn\u00e9es personnelles (article 15): obtenir la confirmation que des donn\u00e9es personnelles vous concernant sont ou non trait\u00e9es et pouvoir y acc\u00e9der&nbsp;;<\/li>\n<li>la rectification de vos donn\u00e9es (article 16): obtenir la rectification des donn\u00e9es inexactes et le compl\u00e9ment des donn\u00e9es incompl\u00e8tes&nbsp;;<\/li>\n<li>l&rsquo;effacement de vos donn\u00e9es \u2013 \u00ab&nbsp;droit \u00e0 l&rsquo;oubli&nbsp;\u00bb (article 17)&nbsp;;<\/li>\n<li>la limitation du traitement (article 18)&nbsp;;<\/li>\n<li>la portabilit\u00e9 de vos donn\u00e9es (article 20): recevoir les donn\u00e9es que vous avez fournies au responsable du traitement et les transmettre \u00e0 un autre responsable du traitement sans entrave&nbsp;;<\/li>\n<li>le droit de vous opposer au traitement (article 21);<\/li>\n<li>le droit de ne pas faire l&rsquo;objet d&rsquo;une d\u00e9cision fond\u00e9e exclusivement sur un traitement automatis\u00e9 produisant des effets juridiques vous concernant ou vous affectant de mani\u00e8re significative (article 22).<\/li>\n<\/ul>\n<p>Vous avez \u00e9galement le droit de:<\/p>\n\n<ul><li>introduire une r\u00e9clamation aupr\u00e8s de l\u2019Autorit\u00e9 italienne de protection des donn\u00e9es&nbsp;;<\/li>\n<li>retirer votre consentement \u00e0 tout moment, sans que cela n\u2019affecte la lic\u00e9it\u00e9 du traitement effectu\u00e9 jusqu\u2019\u00e0 ce retrait (article&nbsp;7, paragraphe&nbsp;3). Le droit de retrait ne s\u2019applique pas lorsque le traitement est n\u00e9cessaire au respect d\u2019une obligation l\u00e9gale \u00e0 laquelle le responsable du traitement est soumis.<\/li>\n<\/ul>\n<p>Vous pouvez exercer ces droits \u00e0 tout moment et gratuitement en contactant le responsable du traitement, I.L. Industria di Leivi s.r.l. (repr\u00e9sentante l\u00e9gale&nbsp;: Mme&nbsp;Marcella Gai).<\/p>\n<p>Adresse \u00e9lectronique&nbsp;: il@ultraflexgroup.it ou dileivi@pec.it<\/p>\n<p>En cas de violation de donn\u00e9es personnelles susceptible de pr\u00e9senter un risque \u00e9lev\u00e9 pour vos droits et libert\u00e9s, vous en serez inform\u00e9 sans d\u00e9lai indu, conform\u00e9ment \u00e0 l&rsquo;article 34 du R\u00e8glement.<\/p>\t\t\t\t\t\t\t\t<\/div>\n\t\t\t\t\t<\/div>\n\t\t\t\t<\/div>\n\t\t<div data-dce-background-color=\"#C71928\" class=\"elementor-element elementor-element-cedf9df e-flex e-con-boxed e-con e-parent\" data-id=\"cedf9df\" data-element_type=\"container\" data-e-type=\"container\" data-settings=\"{&quot;background_background&quot;:&quot;gradient&quot;}\">\n\t\t\t\t\t<div class=\"e-con-inner\">\n\t\t<div class=\"elementor-element elementor-element-887fab3 e-flex e-con-boxed e-con e-child\" data-id=\"887fab3\" data-element_type=\"container\" data-e-type=\"container\">\n\t\t\t\t\t<div class=\"e-con-inner\">\n\t\t<div class=\"elementor-element elementor-element-3df4c02 e-con-full e-flex e-con e-child\" data-id=\"3df4c02\" data-element_type=\"container\" data-e-type=\"container\">\n\t\t\t\t<div data-dce-title-color=\"#FBFBFB\" class=\"elementor-element elementor-element-5d5b095 animated-slow elementor-invisible elementor-widget elementor-widget-heading\" data-id=\"5d5b095\" data-element_type=\"widget\" data-e-type=\"widget\" data-settings=\"{&quot;_animation&quot;:&quot;slideInUp&quot;}\" data-widget_type=\"heading.default\">\n\t\t\t\t\t<h2 class=\"elementor-heading-title elementor-size-default\">Segui iltec<\/h2>\t\t\t\t<\/div>\n\t\t\t\t<div class=\"elementor-element elementor-element-4f531ea elementor-widget elementor-widget-text-editor\" data-id=\"4f531ea\" data-element_type=\"widget\" data-e-type=\"widget\" data-widget_type=\"text-editor.default\">\n\t\t\t\t\t\t\t\t\t<p>per rimanere aggiornato sulle nostre novit\u00e0<\/p>\t\t\t\t\t\t\t\t<\/div>\n\t\t\t\t<div class=\"elementor-element elementor-element-aa81cf5 elementor-shape-circle elementor-grid-0 e-grid-align-center elementor-widget elementor-widget-social-icons\" data-id=\"aa81cf5\" data-element_type=\"widget\" data-e-type=\"widget\" data-widget_type=\"social-icons.default\">\n\t\t\t\t\t\t\t<div class=\"elementor-social-icons-wrapper elementor-grid\" role=\"list\">\n\t\t\t\t\t\t\t<span class=\"elementor-grid-item\" role=\"listitem\">\n\t\t\t\t\t<a class=\"elementor-icon elementor-social-icon elementor-social-icon-instagram elementor-animation-pulse elementor-repeater-item-e6ae485\" href=\"https:\/\/www.instagram.com\/iltec_bottling_technology\/\" target=\"_blank\" rel=\"noopener\">\n\t\t\t\t\t\t<span class=\"elementor-screen-only\">Instagram<\/span>\n\t\t\t\t\t\t<svg aria-hidden=\"true\" class=\"e-font-icon-svg e-fab-instagram\" viewBox=\"0 0 448 512\" xmlns=\"http:\/\/www.w3.org\/2000\/svg\"><path d=\"M224.1 141c-63.6 0-114.9 51.3-114.9 114.9s51.3 114.9 114.9 114.9S339 319.5 339 255.9 287.7 141 224.1 141zm0 189.6c-41.1 0-74.7-33.5-74.7-74.7s33.5-74.7 74.7-74.7 74.7 33.5 74.7 74.7-33.6 74.7-74.7 74.7zm146.4-194.3c0 14.9-12 26.8-26.8 26.8-14.9 0-26.8-12-26.8-26.8s12-26.8 26.8-26.8 26.8 12 26.8 26.8zm76.1 27.2c-1.7-35.9-9.9-67.7-36.2-93.9-26.2-26.2-58-34.4-93.9-36.2-37-2.1-147.9-2.1-184.9 0-35.8 1.7-67.6 9.9-93.9 36.1s-34.4 58-36.2 93.9c-2.1 37-2.1 147.9 0 184.9 1.7 35.9 9.9 67.7 36.2 93.9s58 34.4 93.9 36.2c37 2.1 147.9 2.1 184.9 0 35.9-1.7 67.7-9.9 93.9-36.2 26.2-26.2 34.4-58 36.2-93.9 2.1-37 2.1-147.8 0-184.8zM398.8 388c-7.8 19.6-22.9 34.7-42.6 42.6-29.5 11.7-99.5 9-132.1 9s-102.7 2.6-132.1-9c-19.6-7.8-34.7-22.9-42.6-42.6-11.7-29.5-9-99.5-9-132.1s-2.6-102.7 9-132.1c7.8-19.6 22.9-34.7 42.6-42.6 29.5-11.7 99.5-9 132.1-9s102.7-2.6 132.1 9c19.6 7.8 34.7 22.9 42.6 42.6 11.7 29.5 9 99.5 9 132.1s2.7 102.7-9 132.1z\"><\/path><\/svg>\t\t\t\t\t<\/a>\n\t\t\t\t<\/span>\n\t\t\t\t\t\t\t<span class=\"elementor-grid-item\" role=\"listitem\">\n\t\t\t\t\t<a class=\"elementor-icon elementor-social-icon elementor-social-icon-youtube elementor-animation-pulse elementor-repeater-item-168e052\" href=\"https:\/\/www.youtube.com\/channel\/UCXcMhTKfqvg-fNRwiyuYk2Q\" target=\"_blank\" rel=\"noopener\">\n\t\t\t\t\t\t<span class=\"elementor-screen-only\">Youtube<\/span>\n\t\t\t\t\t\t<svg aria-hidden=\"true\" class=\"e-font-icon-svg e-fab-youtube\" viewBox=\"0 0 576 512\" xmlns=\"http:\/\/www.w3.org\/2000\/svg\"><path d=\"M549.655 124.083c-6.281-23.65-24.787-42.276-48.284-48.597C458.781 64 288 64 288 64S117.22 64 74.629 75.486c-23.497 6.322-42.003 24.947-48.284 48.597-11.412 42.867-11.412 132.305-11.412 132.305s0 89.438 11.412 132.305c6.281 23.65 24.787 41.5 48.284 47.821C117.22 448 288 448 288 448s170.78 0 213.371-11.486c23.497-6.321 42.003-24.171 48.284-47.821 11.412-42.867 11.412-132.305 11.412-132.305s0-89.438-11.412-132.305zm-317.51 213.508V175.185l142.739 81.205-142.739 81.201z\"><\/path><\/svg>\t\t\t\t\t<\/a>\n\t\t\t\t<\/span>\n\t\t\t\t\t\t\t<span class=\"elementor-grid-item\" role=\"listitem\">\n\t\t\t\t\t<a class=\"elementor-icon elementor-social-icon elementor-social-icon-facebook elementor-animation-pulse elementor-repeater-item-17b287a\" href=\"https:\/\/www.facebook.com\/ILTEC.bottling.technology\" target=\"_blank\" rel=\"noopener\">\n\t\t\t\t\t\t<span class=\"elementor-screen-only\">Facebook<\/span>\n\t\t\t\t\t\t<svg aria-hidden=\"true\" class=\"e-font-icon-svg e-fab-facebook\" viewBox=\"0 0 512 512\" xmlns=\"http:\/\/www.w3.org\/2000\/svg\"><path d=\"M504 256C504 119 393 8 256 8S8 119 8 256c0 123.78 90.69 226.38 209.25 245V327.69h-63V256h63v-54.64c0-62.15 37-96.48 93.67-96.48 27.14 0 55.52 4.84 55.52 4.84v61h-31.28c-30.8 0-40.41 19.12-40.41 38.73V256h68.78l-11 71.69h-57.78V501C413.31 482.38 504 379.78 504 256z\"><\/path><\/svg>\t\t\t\t\t<\/a>\n\t\t\t\t<\/span>\n\t\t\t\t\t<\/div>\n\t\t\t\t\t\t<\/div>\n\t\t\t\t<\/div>\n\t\t\t\t\t<\/div>\n\t\t\t\t<\/div>\n\t\t\t\t\t<\/div>\n\t\t\t\t<\/div>\n\t\t\t\t<\/div>\n\t\t","protected":false},"excerpt":{"rendered":"<p>PriVACY POLICY Information relative au traitement des donn\u00e9es personnelles Cher utilisateur, conform\u00e9ment \u00e0 l&rsquo;article 13 du R\u00e8glement (UE) 2016\/679 relatif [&hellip;]<\/p>\n","protected":false},"author":1,"featured_media":0,"parent":0,"menu_order":0,"comment_status":"closed","ping_status":"closed","template":"elementor_header_footer","meta":{"_acf_changed":false,"site-sidebar-layout":"no-sidebar","site-content-layout":"","ast-site-content-layout":"full-width-container","site-content-style":"default","site-sidebar-style":"default","ast-global-header-display":"","ast-banner-title-visibility":"","ast-main-header-display":"","ast-hfb-above-header-display":"","ast-hfb-below-header-display":"","ast-hfb-mobile-header-display":"","site-post-title":"disabled","ast-breadcrumbs-content":"","ast-featured-img":"disabled","footer-sml-layout":"","ast-disable-related-posts":"","theme-transparent-header-meta":"default","adv-header-id-meta":"","stick-header-meta":"","header-above-stick-meta":"","header-main-stick-meta":"","header-below-stick-meta":"","astra-migrate-meta-layouts":"set","ast-page-background-enabled":"default","ast-page-background-meta":{"desktop":{"background-color":"var(--ast-global-color-5)","background-image":"","background-repeat":"repeat","background-position":"center center","background-size":"auto","background-attachment":"scroll","background-type":"","background-media":"","overlay-type":"","overlay-color":"","overlay-opacity":"","overlay-gradient":""},"tablet":{"background-color":"","background-image":"","background-repeat":"repeat","background-position":"center center","background-size":"auto","background-attachment":"scroll","background-type":"","background-media":"","overlay-type":"","overlay-color":"","overlay-opacity":"","overlay-gradient":""},"mobile":{"background-color":"","background-image":"","background-repeat":"repeat","background-position":"center center","background-size":"auto","background-attachment":"scroll","background-type":"","background-media":"","overlay-type":"","overlay-color":"","overlay-opacity":"","overlay-gradient":""}},"ast-content-background-meta":{"desktop":{"background-color":"var(--ast-global-color-4)","background-image":"","background-repeat":"repeat","background-position":"center center","background-size":"auto","background-attachment":"scroll","background-type":"","background-media":"","overlay-type":"","overlay-color":"","overlay-opacity":"","overlay-gradient":""},"tablet":{"background-color":"var(--ast-global-color-4)","background-image":"","background-repeat":"repeat","background-position":"center center","background-size":"auto","background-attachment":"scroll","background-type":"","background-media":"","overlay-type":"","overlay-color":"","overlay-opacity":"","overlay-gradient":""},"mobile":{"background-color":"var(--ast-global-color-4)","background-image":"","background-repeat":"repeat","background-position":"center center","background-size":"auto","background-attachment":"scroll","background-type":"","background-media":"","overlay-type":"","overlay-color":"","overlay-opacity":"","overlay-gradient":""}},"footnotes":""},"class_list":["post-14322","page","type-page","status-publish","hentry"],"acf":[],"_links":{"self":[{"href":"https:\/\/il-tec.com\/fr\/wp-json\/wp\/v2\/pages\/14322","targetHints":{"allow":["GET"]}}],"collection":[{"href":"https:\/\/il-tec.com\/fr\/wp-json\/wp\/v2\/pages"}],"about":[{"href":"https:\/\/il-tec.com\/fr\/wp-json\/wp\/v2\/types\/page"}],"author":[{"embeddable":true,"href":"https:\/\/il-tec.com\/fr\/wp-json\/wp\/v2\/users\/1"}],"replies":[{"embeddable":true,"href":"https:\/\/il-tec.com\/fr\/wp-json\/wp\/v2\/comments?post=14322"}],"version-history":[{"count":4,"href":"https:\/\/il-tec.com\/fr\/wp-json\/wp\/v2\/pages\/14322\/revisions"}],"predecessor-version":[{"id":14326,"href":"https:\/\/il-tec.com\/fr\/wp-json\/wp\/v2\/pages\/14322\/revisions\/14326"}],"wp:attachment":[{"href":"https:\/\/il-tec.com\/fr\/wp-json\/wp\/v2\/media?parent=14322"}],"curies":[{"name":"wp","href":"https:\/\/api.w.org\/{rel}","templated":true}]}}