{"id":14168,"date":"2026-03-05T09:16:58","date_gmt":"2026-03-05T09:16:58","guid":{"rendered":"https:\/\/il-tec.com\/?page_id=14168"},"modified":"2026-03-05T09:28:17","modified_gmt":"2026-03-05T09:28:17","slug":"mise-en-bouteille-de-la-sauce-tomate","status":"publish","type":"page","link":"https:\/\/il-tec.com\/fr\/mise-en-bouteille-de-la-sauce-tomate\/","title":{"rendered":"MISE EN BOUTEILLE DE LA SAUCE TOMATE"},"content":{"rendered":"\t\t<div data-elementor-type=\"wp-page\" data-elementor-id=\"14168\" class=\"elementor elementor-14168 elementor-10722\" data-elementor-post-type=\"page\">\n\t\t\t\t<div data-dce-background-overlay-color=\"#13379E\" class=\"elementor-element elementor-element-776b392c e-flex e-con-boxed e-con e-parent\" data-id=\"776b392c\" data-element_type=\"container\" data-e-type=\"container\" data-settings=\"{&quot;background_background&quot;:&quot;video&quot;,&quot;shape_divider_bottom&quot;:&quot;opacity-tilt&quot;,&quot;background_play_on_mobile&quot;:&quot;yes&quot;,&quot;background_video_start&quot;:0}\">\n\t\t\t\t\t<div class=\"e-con-inner\">\n\t\t\t\t<div class=\"elementor-shape elementor-shape-bottom\" aria-hidden=\"true\" data-negative=\"false\">\n\t\t\t<svg xmlns=\"http:\/\/www.w3.org\/2000\/svg\" viewBox=\"0 0 2600 131.1\" preserveAspectRatio=\"none\">\n\t<path class=\"elementor-shape-fill\" d=\"M0 0L2600 0 2600 69.1 0 0z\"\/>\n\t<path class=\"elementor-shape-fill\" style=\"opacity:0.5\" d=\"M0 0L2600 0 2600 69.1 0 69.1z\"\/>\n\t<path class=\"elementor-shape-fill\" style=\"opacity:0.25\" d=\"M2600 0L0 0 0 130.1 2600 69.1z\"\/>\n<\/svg>\t\t<\/div>\n\t\t\t\t<div data-dce-title-color=\"#F8F8F8\" class=\"elementor-element elementor-element-26eb5bde elementor-widget elementor-widget-heading\" data-id=\"26eb5bde\" data-element_type=\"widget\" data-e-type=\"widget\" data-widget_type=\"heading.default\">\n\t\t\t\t\t<h1 class=\"elementor-heading-title elementor-size-default\">MISE EN BOUTEILLE<br>DE LA SAUCE TOMATE<\/h1>\t\t\t\t<\/div>\n\t\t\t\t\t<\/div>\n\t\t\t\t<\/div>\n\t\t<div data-dce-background-color=\"#000000\" class=\"elementor-element elementor-element-50139496 e-flex e-con-boxed e-con e-parent\" data-id=\"50139496\" data-element_type=\"container\" data-e-type=\"container\" data-settings=\"{&quot;background_background&quot;:&quot;classic&quot;}\">\n\t\t\t\t\t<div class=\"e-con-inner\">\n\t\t\t\t<div class=\"elementor-element elementor-element-2d4fa705 elementor-widget elementor-widget-heading\" data-id=\"2d4fa705\" data-element_type=\"widget\" data-e-type=\"widget\" data-widget_type=\"heading.default\">\n\t\t\t\t\t<h2 class=\"elementor-heading-title elementor-size-default\">MISE EN BOUTEILLE DE LA SAUCE TOMATE:<br>\nProcessus et machines\n<\/h2>\t\t\t\t<\/div>\n\t\t\t\t<div data-dce-text-color=\"#D1D5DB\" class=\"elementor-element elementor-element-43084952 elementor-widget elementor-widget-text-editor\" data-id=\"43084952\" data-element_type=\"widget\" data-e-type=\"widget\" data-widget_type=\"text-editor.default\">\n\t\t\t\t\t\t\t\t\t<b>La mise en bouteille de la sauce tomate<\/b> est une \u00e9tape essentielle dans l\u2019industrie agroalimentaire. <br>Elle joue un r\u00f4le d\u00e9terminant dans la pr\u00e9servation de la fra\u00eecheur, de la saveur et de la qualit\u00e9 du produit.\n<br>Ce processus permet d\u2019obtenir des produits \u00e0 longue dur\u00e9e de conservation, facilement distribu\u00e9s et utilis\u00e9s par les consommateurs.\n<br>Une conservation ma\u00eetris\u00e9e et l\u2019utilisation de machines sp\u00e9cialis\u00e9es sont indispensables<br>pour maintenir la qualit\u00e9 de la sauce et prolonger sa dur\u00e9e de vie.\t\t\t\t\t\t\t\t<\/div>\n\t\t\t\t\t<\/div>\n\t\t\t\t<\/div>\n\t\t<div data-dce-background-color=\"#000000\" class=\"elementor-element elementor-element-73a796e e-flex e-con-boxed e-con e-parent\" data-id=\"73a796e\" data-element_type=\"container\" data-e-type=\"container\" data-settings=\"{&quot;background_background&quot;:&quot;classic&quot;}\">\n\t\t\t\t\t<div class=\"e-con-inner\">\n\t\t<div class=\"elementor-element elementor-element-2428dba e-con-full e-flex e-con e-child\" data-id=\"2428dba\" data-element_type=\"container\" data-e-type=\"container\">\n\t\t\t\t<div class=\"elementor-element elementor-element-e97caa1 elementor-widget elementor-widget-heading\" data-id=\"e97caa1\" data-element_type=\"widget\" data-e-type=\"widget\" data-widget_type=\"heading.default\">\n\t\t\t\t\t<h2 class=\"elementor-heading-title elementor-size-default\">\u00c9TAPES DE LA MISE EN BOUTEILLE DE LA SAUCE TOMATE<\/h2>\t\t\t\t<\/div>\n\t\t\t\t<\/div>\n\t\t<div class=\"elementor-element elementor-element-168dc23 e-con-full e-flex e-con e-child\" data-id=\"168dc23\" data-element_type=\"container\" data-e-type=\"container\">\n\t\t\t\t<div class=\"elementor-element elementor-element-60e027d dce_masking-none elementor-widget elementor-widget-image\" data-id=\"60e027d\" data-element_type=\"widget\" data-e-type=\"widget\" data-widget_type=\"image.default\">\n\t\t\t\t\t\t\t\t\t\t\t\t\t\t\t<img fetchpriority=\"high\" decoding=\"async\" width=\"973\" height=\"1024\" src=\"https:\/\/il-tec.com\/wp-content\/uploads\/2025\/06\/succo-di-pomodoro-fresco-pronto-da-servire-scaled-1-973x1024.jpg\" class=\"attachment-large size-large wp-image-14169\" alt=\"Imbottigliamento Pomodoro\" srcset=\"https:\/\/il-tec.com\/wp-content\/uploads\/2025\/06\/succo-di-pomodoro-fresco-pronto-da-servire-scaled-1-973x1024.jpg 973w, https:\/\/il-tec.com\/wp-content\/uploads\/2025\/06\/succo-di-pomodoro-fresco-pronto-da-servire-scaled-1-285x300.jpg 285w, https:\/\/il-tec.com\/wp-content\/uploads\/2025\/06\/succo-di-pomodoro-fresco-pronto-da-servire-scaled-1-768x808.jpg 768w, https:\/\/il-tec.com\/wp-content\/uploads\/2025\/06\/succo-di-pomodoro-fresco-pronto-da-servire-scaled-1-1459x1536.jpg 1459w, https:\/\/il-tec.com\/wp-content\/uploads\/2025\/06\/succo-di-pomodoro-fresco-pronto-da-servire-scaled-1-1946x2048.jpg 1946w, https:\/\/il-tec.com\/wp-content\/uploads\/2025\/06\/succo-di-pomodoro-fresco-pronto-da-servire-scaled-1-1800x1895.jpg 1800w, https:\/\/il-tec.com\/wp-content\/uploads\/2025\/06\/succo-di-pomodoro-fresco-pronto-da-servire-scaled-1-600x632.jpg 600w, https:\/\/il-tec.com\/wp-content\/uploads\/2025\/06\/succo-di-pomodoro-fresco-pronto-da-servire-scaled-1-64x67.jpg 64w\" sizes=\"(max-width: 973px) 100vw, 973px\" \/>\t\t\t\t\t\t\t\t\t\t\t\t\t\t\t<\/div>\n\t\t\t\t<\/div>\n\t\t<div class=\"elementor-element elementor-element-e199370 e-con-full e-flex e-con e-child\" data-id=\"e199370\" data-element_type=\"container\" data-e-type=\"container\">\n\t\t\t\t<div data-dce-text-color=\"#D1D5DB\" class=\"elementor-element elementor-element-bee027a elementor-widget elementor-widget-text-editor\" data-id=\"bee027a\" data-element_type=\"widget\" data-e-type=\"widget\" data-widget_type=\"text-editor.default\">\n\t\t\t\t\t\t\t\t\t<p>Le processus comprend g\u00e9n\u00e9ralement plusieurs phases cl\u00e9s:<\/p><ul><li><strong>Pr\u00e9paration<\/strong>: les tomates sont lav\u00e9es, pel\u00e9es et broy\u00e9es afin d\u2019obtenir la consistance souhait\u00e9e.<\/li><li><strong>St\u00e9rilisation:<\/strong> la sauce est soumise \u00e0 un traitement thermique destin\u00e9 \u00e0 \u00e9liminer les bact\u00e9ries et micro-organismes ind\u00e9sirables.<\/li><li><b>Remplissage:<\/b>\u00a0la sauce st\u00e9rilis\u00e9e est conditionn\u00e9e dans les bouteilles \u00e0 l\u2019aide de machines de remplissage, manuelles ou automatiques. Ces \u00e9quipements assurent un dosage pr\u00e9cis et constant.<\/li><li><strong>Fermeture ou bouchage:<\/strong> apr\u00e8s le remplissage, les bouteilles sont scell\u00e9es avec des bouchons herm\u00e9tiques afin d\u2019\u00e9viter toute contamination et de pr\u00e9server la fra\u00eecheur du produit.<\/li><li><strong>\u00c9tiquetage et conditionnement:<\/strong> les bouteilles sont \u00e9tiquet\u00e9es avec les informations essentielles telles que la marque, les ingr\u00e9dients et la date de p\u00e9remption.<\/li><\/ul>\t\t\t\t\t\t\t\t<\/div>\n\t\t\t\t<\/div>\n\t\t\t\t\t<\/div>\n\t\t\t\t<\/div>\n\t\t<div data-dce-background-color=\"#000000\" class=\"elementor-element elementor-element-502e16c e-flex e-con-boxed e-con e-parent\" data-id=\"502e16c\" data-element_type=\"container\" data-e-type=\"container\" data-settings=\"{&quot;background_background&quot;:&quot;classic&quot;}\">\n\t\t\t\t\t<div class=\"e-con-inner\">\n\t\t\t\t<div class=\"elementor-element elementor-element-458722c elementor-widget elementor-widget-heading\" data-id=\"458722c\" data-element_type=\"widget\" data-e-type=\"widget\" data-widget_type=\"heading.default\">\n\t\t\t\t\t<h2 class=\"elementor-heading-title elementor-size-default\">MACHINES POUR LA MISE EN BOUTEILLE DE LA SAUCE TOMATE<\/h2>\t\t\t\t<\/div>\n\t\t\t\t<div data-dce-text-color=\"#D1D5DB\" class=\"elementor-element elementor-element-9bca8d1 elementor-widget elementor-widget-text-editor\" data-id=\"9bca8d1\" data-element_type=\"widget\" data-e-type=\"widget\" data-widget_type=\"text-editor.default\">\n\t\t\t\t\t\t\t\t\t<div class=\"et_pb_row et_pb_row_3\"><div class=\"et_pb_column et_pb_column_1_2 et_pb_column_5 et_pb_css_mix_blend_mode_passthrough et-last-child\"><div class=\"et_pb_module et_pb_text et_pb_text_3 et_pb_text_align_left et_pb_bg_layout_light\"><div class=\"et_pb_text_inner\"><p>L\u2019utilisation d\u2019\u00e9quipements sp\u00e9cialis\u00e9s est essentielle pour garantir un processus fiable, pr\u00e9cis et performant.<\/p><p>Parmi les machines les plus couramment utilis\u00e9es:<\/p><ol><li><b>Machines de broyage et de pression:<\/b> utilis\u00e9es pour transformer les tomates et obtenir la texture ad\u00e9quate.<\/li><li><b>\u00c9quipements de st\u00e9rilisation: <\/b>appliquent des traitements thermiques pour \u00e9liminer les micro-organismes et prolonger la dur\u00e9e de conservation.<\/li><li><b>Machines de remplissage: <\/b>assurent un remplissage rapide et pr\u00e9cis gr\u00e2ce \u00e0 des syst\u00e8mes de dosage m\u00e9caniques ou \u00e9lectroniques, garantissant une r\u00e9partition homog\u00e8ne et limitant les erreurs.<\/li><li><b>Scelleuses automatiques:<\/b> appliquent des bouchons herm\u00e9tiques sur les bouteilles afin d\u2019assurer une fermeture s\u00fbre.<\/li><li><b>\u00c9tiqueteuses et syst\u00e8mes de conditionnement:<\/b> apposent les \u00e9tiquettes et pr\u00e9parent les produits pour la commercialisation.<\/li><\/ol><p><b>La mise en bouteille de la sauce tomate<\/b> exige un processus rigoureux et ma\u00eetris\u00e9 afin de garantir la qualit\u00e9 du produit final.<br \/>Investir dans un syst\u00e8me d\u2019embouteillage moderne et technologiquement avanc\u00e9 permet d\u2019am\u00e9liorer la productivit\u00e9, de r\u00e9duire les pertes et d\u2019assurer la satisfaction des clients.<\/p><\/div><\/div><\/div><\/div>\t\t\t\t\t\t\t\t<\/div>\n\t\t\t\t\t<\/div>\n\t\t\t\t<\/div>\n\t\t<div data-dce-background-color=\"#000000\" class=\"elementor-element elementor-element-76fe6da e-flex e-con-boxed e-con e-parent\" data-id=\"76fe6da\" data-element_type=\"container\" data-e-type=\"container\" data-settings=\"{&quot;background_background&quot;:&quot;classic&quot;}\">\n\t\t\t\t\t<div class=\"e-con-inner\">\n\t\t\t\t<div class=\"elementor-element elementor-element-e526d9f elementor-grid-4 elementor-grid-tablet-2 elementor-grid-mobile-1 elementor-widget elementor-widget-portfolio\" data-id=\"e526d9f\" data-element_type=\"widget\" data-e-type=\"widget\" data-settings=\"{&quot;columns&quot;:&quot;4&quot;,&quot;item_ratio&quot;:{&quot;unit&quot;:&quot;px&quot;,&quot;size&quot;:0.75,&quot;sizes&quot;:[]},&quot;row_gap&quot;:{&quot;unit&quot;:&quot;px&quot;,&quot;size&quot;:25,&quot;sizes&quot;:[]},&quot;columns_tablet&quot;:&quot;2&quot;,&quot;columns_mobile&quot;:&quot;1&quot;,&quot;item_gap&quot;:{&quot;unit&quot;:&quot;px&quot;,&quot;size&quot;:&quot;&quot;,&quot;sizes&quot;:[]}}\" data-widget_type=\"portfolio.default\">\n\t\t\t\t<div class=\"elementor-widget-container\">\n\t\t\t\t\t\t\t<ul class=\"elementor-portfolio__filters\">\n\t\t\t<li class=\"elementor-portfolio__filter elementor-active\" tabindex=\"0\" data-filter=\"__all\">Tout<\/li>\n\t\t\t\t\t\t\t<li class=\"elementor-portfolio__filter\" tabindex=\"0\" data-filter=\"501\">Accessoires<\/li>\n\t\t\t\t\t\t\t<li class=\"elementor-portfolio__filter\" tabindex=\"0\" data-filter=\"502\">Machines d&#039;embouteillage<\/li>\n\t\t\t\t\t\t\t<li class=\"elementor-portfolio__filter\" tabindex=\"0\" data-filter=\"504\">Machines \u00e0 boucher<\/li>\n\t\t\t\t\t<\/ul>\n\t\t\t\t<div class=\"elementor-portfolio elementor-grid elementor-posts-container\" role=\"list\">\n\t\t\t\t<article class=\"elementor-portfolio-item elementor-post elementor-filter-502 post-14413 product type-product status-publish has-post-thumbnail product_cat-machines-dembouteillage desktop-align-center tablet-align-left mobile-align-left first instock shipping-taxable product-type-simple\" role=\"listitem\">\n\t\t\t<a class=\"elementor-post__thumbnail__link\" href=\"https:\/\/il-tec.com\/fr\/machines-dembouteillage\/ultrafiller-pomodoro\/\">\n\t\t\t\t<div class=\"elementor-portfolio-item__img elementor-post__thumbnail\">\n\t\t\t<img decoding=\"async\" width=\"300\" height=\"197\" src=\"https:\/\/il-tec.com\/wp-content\/uploads\/2025\/06\/UF-POMODORO-300x197.png\" class=\"attachment-medium size-medium wp-image-14419\" alt=\"Imbottigliatrice Ultrafiller Pomodoro\" srcset=\"https:\/\/il-tec.com\/wp-content\/uploads\/2025\/06\/UF-POMODORO-300x197.png 300w, https:\/\/il-tec.com\/wp-content\/uploads\/2025\/06\/UF-POMODORO-768x505.png 768w, https:\/\/il-tec.com\/wp-content\/uploads\/2025\/06\/UF-POMODORO-600x394.png 600w, https:\/\/il-tec.com\/wp-content\/uploads\/2025\/06\/UF-POMODORO-64x42.png 64w, https:\/\/il-tec.com\/wp-content\/uploads\/2025\/06\/UF-POMODORO.png 960w\" sizes=\"(max-width: 300px) 100vw, 300px\" \/>\t\t<\/div>\n\t\t\t\t<div class=\"elementor-portfolio-item__overlay\">\n\t\t\t\t<h3 class=\"elementor-portfolio-item__title\">\n\t\tUltrafiller Pomodoro\t\t<\/h3>\n\t\t\t\t<\/div>\n\t\t\t\t<\/a>\n\t\t<\/article>\n\t\t\t\t<article class=\"elementor-portfolio-item elementor-post elementor-filter-501 post-14444 product type-product status-publish has-post-thumbnail product_cat-accessoires desktop-align-center tablet-align-left mobile-align-left  instock shipping-taxable product-type-simple\" role=\"listitem\">\n\t\t\t<a class=\"elementor-post__thumbnail__link\" href=\"https:\/\/il-tec.com\/fr\/accessoires\/filtre-a-bain-dhuile\/\">\n\t\t\t\t<div class=\"elementor-portfolio-item__img elementor-post__thumbnail\">\n\t\t\t<img decoding=\"async\" width=\"300\" height=\"197\" src=\"https:\/\/il-tec.com\/wp-content\/uploads\/2025\/06\/Accessori-3-Filtro-zuccheri-683x1024-1-300x197.jpg\" class=\"attachment-medium size-medium wp-image-14446\" alt=\"Filtro a Bagno d&#039;olio\" srcset=\"https:\/\/il-tec.com\/wp-content\/uploads\/2025\/06\/Accessori-3-Filtro-zuccheri-683x1024-1-300x197.jpg 300w, https:\/\/il-tec.com\/wp-content\/uploads\/2025\/06\/Accessori-3-Filtro-zuccheri-683x1024-1-768x505.jpg 768w, https:\/\/il-tec.com\/wp-content\/uploads\/2025\/06\/Accessori-3-Filtro-zuccheri-683x1024-1-600x394.jpg 600w, https:\/\/il-tec.com\/wp-content\/uploads\/2025\/06\/Accessori-3-Filtro-zuccheri-683x1024-1-64x42.jpg 64w, https:\/\/il-tec.com\/wp-content\/uploads\/2025\/06\/Accessori-3-Filtro-zuccheri-683x1024-1.jpg 960w\" sizes=\"(max-width: 300px) 100vw, 300px\" \/>\t\t<\/div>\n\t\t\t\t<div class=\"elementor-portfolio-item__overlay\">\n\t\t\t\t<h3 class=\"elementor-portfolio-item__title\">\n\t\tFiltre \u00e0 bain d&rsquo;huile\t\t<\/h3>\n\t\t\t\t<\/div>\n\t\t\t\t<\/a>\n\t\t<\/article>\n\t\t\t\t<article class=\"elementor-portfolio-item elementor-post elementor-filter-501 post-14448 product type-product status-publish has-post-thumbnail product_cat-accessoires desktop-align-center tablet-align-left mobile-align-left  instock shipping-taxable product-type-simple\" role=\"listitem\">\n\t\t\t<a class=\"elementor-post__thumbnail__link\" href=\"https:\/\/il-tec.com\/fr\/accessoires\/becs-de-rechange\/\">\n\t\t\t\t<div class=\"elementor-portfolio-item__img elementor-post__thumbnail\">\n\t\t\t<img loading=\"lazy\" decoding=\"async\" width=\"300\" height=\"197\" src=\"https:\/\/il-tec.com\/wp-content\/uploads\/2025\/06\/NOZZLE-LONGSTD-7640-300x197.jpg\" class=\"attachment-medium size-medium wp-image-14449\" alt=\"Beccucci di ricambio per imbottigliatrici Ultrafiller\" srcset=\"https:\/\/il-tec.com\/wp-content\/uploads\/2025\/06\/NOZZLE-LONGSTD-7640-300x197.jpg 300w, https:\/\/il-tec.com\/wp-content\/uploads\/2025\/06\/NOZZLE-LONGSTD-7640-768x505.jpg 768w, https:\/\/il-tec.com\/wp-content\/uploads\/2025\/06\/NOZZLE-LONGSTD-7640-600x394.jpg 600w, https:\/\/il-tec.com\/wp-content\/uploads\/2025\/06\/NOZZLE-LONGSTD-7640-64x42.jpg 64w, https:\/\/il-tec.com\/wp-content\/uploads\/2025\/06\/NOZZLE-LONGSTD-7640.jpg 960w\" sizes=\"(max-width: 300px) 100vw, 300px\" \/>\t\t<\/div>\n\t\t\t\t<div class=\"elementor-portfolio-item__overlay\">\n\t\t\t\t<h3 class=\"elementor-portfolio-item__title\">\n\t\tBecs de rechange\t\t<\/h3>\n\t\t\t\t<\/div>\n\t\t\t\t<\/a>\n\t\t<\/article>\n\t\t\t\t<article class=\"elementor-portfolio-item elementor-post elementor-filter-501 post-14460 product type-product status-publish has-post-thumbnail product_cat-accessoires desktop-align-center tablet-align-left mobile-align-left last instock shipping-taxable product-type-simple\" role=\"listitem\">\n\t\t\t<a class=\"elementor-post__thumbnail__link\" href=\"https:\/\/il-tec.com\/fr\/accessoires\/caoutchouc\/\">\n\t\t\t\t<div class=\"elementor-portfolio-item__img elementor-post__thumbnail\">\n\t\t\t<img loading=\"lazy\" decoding=\"async\" width=\"300\" height=\"197\" src=\"https:\/\/il-tec.com\/wp-content\/uploads\/2025\/06\/IMG_0028def-gommini-A-300x197.jpg\" class=\"attachment-medium size-medium wp-image-14462\" alt=\"Gommini Standard\" srcset=\"https:\/\/il-tec.com\/wp-content\/uploads\/2025\/06\/IMG_0028def-gommini-A-300x197.jpg 300w, https:\/\/il-tec.com\/wp-content\/uploads\/2025\/06\/IMG_0028def-gommini-A-768x505.jpg 768w, https:\/\/il-tec.com\/wp-content\/uploads\/2025\/06\/IMG_0028def-gommini-A-600x394.jpg 600w, https:\/\/il-tec.com\/wp-content\/uploads\/2025\/06\/IMG_0028def-gommini-A-64x42.jpg 64w, https:\/\/il-tec.com\/wp-content\/uploads\/2025\/06\/IMG_0028def-gommini-A.jpg 960w\" sizes=\"(max-width: 300px) 100vw, 300px\" \/>\t\t<\/div>\n\t\t\t\t<div class=\"elementor-portfolio-item__overlay\">\n\t\t\t\t<h3 class=\"elementor-portfolio-item__title\">\n\t\tCaoutchouc\t\t<\/h3>\n\t\t\t\t<\/div>\n\t\t\t\t<\/a>\n\t\t<\/article>\n\t\t\t\t<article class=\"elementor-portfolio-item elementor-post elementor-filter-504 post-14466 product type-product status-publish has-post-thumbnail product_cat-machines-a-boucher desktop-align-center tablet-align-left mobile-align-left first instock shipping-taxable product-type-simple\" role=\"listitem\">\n\t\t\t<a class=\"elementor-post__thumbnail__link\" href=\"https:\/\/il-tec.com\/fr\/machines-a-boucher\/capsuleuse-manuelle\/\">\n\t\t\t\t<div class=\"elementor-portfolio-item__img elementor-post__thumbnail\">\n\t\t\t<img loading=\"lazy\" decoding=\"async\" width=\"300\" height=\"197\" src=\"https:\/\/il-tec.com\/wp-content\/uploads\/2025\/06\/tappatrice-300x197.jpg\" class=\"attachment-medium size-medium wp-image-14467\" alt=\"\" srcset=\"https:\/\/il-tec.com\/wp-content\/uploads\/2025\/06\/tappatrice-300x197.jpg 300w, https:\/\/il-tec.com\/wp-content\/uploads\/2025\/06\/tappatrice-768x505.jpg 768w, https:\/\/il-tec.com\/wp-content\/uploads\/2025\/06\/tappatrice-600x394.jpg 600w, https:\/\/il-tec.com\/wp-content\/uploads\/2025\/06\/tappatrice-64x42.jpg 64w, https:\/\/il-tec.com\/wp-content\/uploads\/2025\/06\/tappatrice.jpg 960w\" sizes=\"(max-width: 300px) 100vw, 300px\" \/>\t\t<\/div>\n\t\t\t\t<div class=\"elementor-portfolio-item__overlay\">\n\t\t\t\t<h3 class=\"elementor-portfolio-item__title\">\n\t\tCapsuleuse manuelle\t\t<\/h3>\n\t\t\t\t<\/div>\n\t\t\t\t<\/a>\n\t\t<\/article>\n\t\t\t\t<article class=\"elementor-portfolio-item elementor-post elementor-filter-504 post-14468 product type-product status-publish has-post-thumbnail product_cat-machines-a-boucher desktop-align-center tablet-align-left mobile-align-left  instock shipping-taxable product-type-simple\" role=\"listitem\">\n\t\t\t<a class=\"elementor-post__thumbnail__link\" href=\"https:\/\/il-tec.com\/fr\/machines-a-boucher\/machine-de-capsulage-pneumatique-et-electrique\/\">\n\t\t\t\t<div class=\"elementor-portfolio-item__img elementor-post__thumbnail\">\n\t\t\t<img loading=\"lazy\" decoding=\"async\" width=\"300\" height=\"197\" src=\"https:\/\/il-tec.com\/wp-content\/uploads\/2026\/01\/tappatrice-elettrica-300x197.png\" class=\"attachment-medium size-medium wp-image-14475\" alt=\"tappatrice elettrica\" srcset=\"https:\/\/il-tec.com\/wp-content\/uploads\/2026\/01\/tappatrice-elettrica-300x197.png 300w, https:\/\/il-tec.com\/wp-content\/uploads\/2026\/01\/tappatrice-elettrica-768x504.png 768w, https:\/\/il-tec.com\/wp-content\/uploads\/2026\/01\/tappatrice-elettrica-600x394.png 600w, https:\/\/il-tec.com\/wp-content\/uploads\/2026\/01\/tappatrice-elettrica-64x42.png 64w, https:\/\/il-tec.com\/wp-content\/uploads\/2026\/01\/tappatrice-elettrica.png 960w\" sizes=\"(max-width: 300px) 100vw, 300px\" \/>\t\t<\/div>\n\t\t\t\t<div class=\"elementor-portfolio-item__overlay\">\n\t\t\t\t<h3 class=\"elementor-portfolio-item__title\">\n\t\tMachine de capsulage pneumatique et \u00e9lectrique\t\t<\/h3>\n\t\t\t\t<\/div>\n\t\t\t\t<\/a>\n\t\t<\/article>\n\t\t\t\t<\/div>\n\t\t\t\t\t\t<\/div>\n\t\t\t\t<\/div>\n\t\t\t\t\t<\/div>\n\t\t\t\t<\/div>\n\t\t<div data-dce-background-color=\"#000000\" class=\"elementor-element elementor-element-48cd502a e-flex e-con-boxed e-con e-parent\" data-id=\"48cd502a\" data-element_type=\"container\" data-e-type=\"container\" data-settings=\"{&quot;background_background&quot;:&quot;gradient&quot;}\">\n\t\t\t\t\t<div class=\"e-con-inner\">\n\t\t<div class=\"elementor-element elementor-element-342a9f23 e-flex e-con-boxed e-con e-child\" data-id=\"342a9f23\" data-element_type=\"container\" data-e-type=\"container\">\n\t\t\t\t\t<div class=\"e-con-inner\">\n\t\t<div class=\"elementor-element elementor-element-21f2ecd1 e-con-full e-flex e-con e-child\" data-id=\"21f2ecd1\" data-element_type=\"container\" data-e-type=\"container\">\n\t\t\t\t<div class=\"elementor-element elementor-element-479a1fab animated-slow elementor-invisible elementor-widget elementor-widget-heading\" data-id=\"479a1fab\" data-element_type=\"widget\" data-e-type=\"widget\" data-settings=\"{&quot;_animation&quot;:&quot;slideInUp&quot;}\" data-widget_type=\"heading.default\">\n\t\t\t\t\t<h2 class=\"elementor-heading-title elementor-size-default\">Vous n'avez pas trouv\u00e9 ce que vous cherchiez?<\/h2>\t\t\t\t<\/div>\n\t\t\t\t<div class=\"elementor-element elementor-element-d821c11 elementor-widget elementor-widget-button\" data-id=\"d821c11\" data-element_type=\"widget\" data-e-type=\"widget\" data-widget_type=\"button.default\">\n\t\t\t\t\t\t\t\t\t\t<a class=\"elementor-button elementor-button-link elementor-size-sm elementor-animation-push\" href=\"https:\/\/il-tec.com\/fr\/CONTACTEZ-NOUS\">\n\t\t\t\t\t\t<span class=\"elementor-button-content-wrapper\">\n\t\t\t\t\t\t\t\t\t<span class=\"elementor-button-text\">CONTACTEZ-NOUS<\/span>\n\t\t\t\t\t<\/span>\n\t\t\t\t\t<\/a>\n\t\t\t\t\t\t\t\t<\/div>\n\t\t\t\t<\/div>\n\t\t\t\t\t<\/div>\n\t\t\t\t<\/div>\n\t\t\t\t\t<\/div>\n\t\t\t\t<\/div>\n\t\t<div class=\"elementor-element elementor-element-77c88f9 e-flex e-con-boxed e-con e-parent\" data-id=\"77c88f9\" data-element_type=\"container\" data-e-type=\"container\">\n\t\t\t\t\t<div class=\"e-con-inner\">\n\t\t\t\t\t<\/div>\n\t\t\t\t<\/div>\n\t\t\t\t<\/div>\n\t\t","protected":false},"excerpt":{"rendered":"<p>MISE EN BOUTEILLE DE LA SAUCE TOMATE MISE EN BOUTEILLE DE LA SAUCE TOMATE: Processus et machines La mise en [&hellip;]<\/p>\n","protected":false},"author":1,"featured_media":0,"parent":0,"menu_order":0,"comment_status":"closed","ping_status":"closed","template":"","meta":{"_acf_changed":false,"site-sidebar-layout":"no-sidebar","site-content-layout":"","ast-site-content-layout":"full-width-container","site-content-style":"default","site-sidebar-style":"default","ast-global-header-display":"","ast-banner-title-visibility":"","ast-main-header-display":"","ast-hfb-above-header-display":"","ast-hfb-below-header-display":"","ast-hfb-mobile-header-display":"","site-post-title":"disabled","ast-breadcrumbs-content":"","ast-featured-img":"disabled","footer-sml-layout":"","ast-disable-related-posts":"","theme-transparent-header-meta":"default","adv-header-id-meta":"","stick-header-meta":"","header-above-stick-meta":"","header-main-stick-meta":"","header-below-stick-meta":"","astra-migrate-meta-layouts":"set","ast-page-background-enabled":"default","ast-page-background-meta":{"desktop":{"background-color":"var(--ast-global-color-5)","background-image":"","background-repeat":"repeat","background-position":"center center","background-size":"auto","background-attachment":"scroll","background-type":"","background-media":"","overlay-type":"","overlay-color":"","overlay-opacity":"","overlay-gradient":""},"tablet":{"background-color":"","background-image":"","background-repeat":"repeat","background-position":"center center","background-size":"auto","background-attachment":"scroll","background-type":"","background-media":"","overlay-type":"","overlay-color":"","overlay-opacity":"","overlay-gradient":""},"mobile":{"background-color":"","background-image":"","background-repeat":"repeat","background-position":"center center","background-size":"auto","background-attachment":"scroll","background-type":"","background-media":"","overlay-type":"","overlay-color":"","overlay-opacity":"","overlay-gradient":""}},"ast-content-background-meta":{"desktop":{"background-color":"var(--ast-global-color-4)","background-image":"","background-repeat":"repeat","background-position":"center center","background-size":"auto","background-attachment":"scroll","background-type":"","background-media":"","overlay-type":"","overlay-color":"","overlay-opacity":"","overlay-gradient":""},"tablet":{"background-color":"var(--ast-global-color-4)","background-image":"","background-repeat":"repeat","background-position":"center center","background-size":"auto","background-attachment":"scroll","background-type":"","background-media":"","overlay-type":"","overlay-color":"","overlay-opacity":"","overlay-gradient":""},"mobile":{"background-color":"var(--ast-global-color-4)","background-image":"","background-repeat":"repeat","background-position":"center center","background-size":"auto","background-attachment":"scroll","background-type":"","background-media":"","overlay-type":"","overlay-color":"","overlay-opacity":"","overlay-gradient":""}},"footnotes":""},"class_list":["post-14168","page","type-page","status-publish","hentry","desktop-align-center","tablet-align-left","mobile-align-left"],"acf":[],"_links":{"self":[{"href":"https:\/\/il-tec.com\/fr\/wp-json\/wp\/v2\/pages\/14168","targetHints":{"allow":["GET"]}}],"collection":[{"href":"https:\/\/il-tec.com\/fr\/wp-json\/wp\/v2\/pages"}],"about":[{"href":"https:\/\/il-tec.com\/fr\/wp-json\/wp\/v2\/types\/page"}],"author":[{"embeddable":true,"href":"https:\/\/il-tec.com\/fr\/wp-json\/wp\/v2\/users\/1"}],"replies":[{"embeddable":true,"href":"https:\/\/il-tec.com\/fr\/wp-json\/wp\/v2\/comments?post=14168"}],"version-history":[{"count":26,"href":"https:\/\/il-tec.com\/fr\/wp-json\/wp\/v2\/pages\/14168\/revisions"}],"predecessor-version":[{"id":14197,"href":"https:\/\/il-tec.com\/fr\/wp-json\/wp\/v2\/pages\/14168\/revisions\/14197"}],"wp:attachment":[{"href":"https:\/\/il-tec.com\/fr\/wp-json\/wp\/v2\/media?parent=14168"}],"curies":[{"name":"wp","href":"https:\/\/api.w.org\/{rel}","templated":true}]}}