{"id":14095,"date":"2026-03-04T16:59:32","date_gmt":"2026-03-04T16:59:32","guid":{"rendered":"https:\/\/il-tec.com\/?page_id=14095"},"modified":"2026-03-04T17:06:02","modified_gmt":"2026-03-04T17:06:02","slug":"conditions-de-garantie-et-de-vente","status":"publish","type":"page","link":"https:\/\/il-tec.com\/fr\/conditions-de-garantie-et-de-vente\/","title":{"rendered":"Conditions de garantie et de vente"},"content":{"rendered":"\t\t<div data-elementor-type=\"wp-page\" data-elementor-id=\"14095\" class=\"elementor elementor-14095 elementor-11634\" data-elementor-post-type=\"page\">\n\t\t\t\t<div data-dce-background-overlay-color=\"#13379E\" class=\"elementor-element elementor-element-776b392c e-flex e-con-boxed e-con e-parent\" data-id=\"776b392c\" data-element_type=\"container\" data-e-type=\"container\" data-settings=\"{&quot;background_background&quot;:&quot;video&quot;,&quot;shape_divider_bottom&quot;:&quot;opacity-tilt&quot;,&quot;background_play_on_mobile&quot;:&quot;yes&quot;,&quot;background_video_start&quot;:0}\">\n\t\t\t\t\t<div class=\"e-con-inner\">\n\t\t\t\t<div class=\"elementor-shape elementor-shape-bottom\" aria-hidden=\"true\" data-negative=\"false\">\n\t\t\t<svg xmlns=\"http:\/\/www.w3.org\/2000\/svg\" viewBox=\"0 0 2600 131.1\" preserveAspectRatio=\"none\">\n\t<path class=\"elementor-shape-fill\" d=\"M0 0L2600 0 2600 69.1 0 0z\"\/>\n\t<path class=\"elementor-shape-fill\" style=\"opacity:0.5\" d=\"M0 0L2600 0 2600 69.1 0 69.1z\"\/>\n\t<path class=\"elementor-shape-fill\" style=\"opacity:0.25\" d=\"M2600 0L0 0 0 130.1 2600 69.1z\"\/>\n<\/svg>\t\t<\/div>\n\t\t\t\t<div data-dce-text-color=\"#C71928\" class=\"elementor-element elementor-element-44c42f4 elementor-widget elementor-widget-woocommerce-breadcrumb\" data-id=\"44c42f4\" data-element_type=\"widget\" data-e-type=\"widget\" data-widget_type=\"woocommerce-breadcrumb.default\">\n\t\t\t\t\t<nav class=\"woocommerce-breadcrumb\" aria-label=\"Breadcrumb\">Accueil<\/nav>\t\t\t\t<\/div>\n\t\t\t\t\t<\/div>\n\t\t\t\t<\/div>\n\t\t<div data-dce-background-color=\"#000000\" class=\"elementor-element elementor-element-50139496 e-flex e-con-boxed e-con e-parent\" data-id=\"50139496\" data-element_type=\"container\" data-e-type=\"container\" data-settings=\"{&quot;background_background&quot;:&quot;classic&quot;}\">\n\t\t\t\t\t<div class=\"e-con-inner\">\n\t\t\t\t<div class=\"elementor-element elementor-element-2d4fa705 elementor-widget elementor-widget-heading\" data-id=\"2d4fa705\" data-element_type=\"widget\" data-e-type=\"widget\" data-widget_type=\"heading.default\">\n\t\t\t\t\t<h1 class=\"elementor-heading-title elementor-size-default\">Conditions de garantie et de vente<\/h1>\t\t\t\t<\/div>\n\t\t\t\t<div class=\"elementor-element elementor-element-43084952 elementor-widget elementor-widget-text-editor\" data-id=\"43084952\" data-element_type=\"widget\" data-e-type=\"widget\" data-widget_type=\"text-editor.default\">\n\t\t\t\t\t\t\t\t\t<p>Les pr\u00e9sentes conditions g\u00e9n\u00e9rales de garantie et de vente constituent l&rsquo;int\u00e9gralit\u00e9 de l&rsquo;accord entre I.L. INDUSTRIA DI LEIVI et l&rsquo;acheteur et annulent et remplacent toutes les d\u00e9clarations et tous les accords ant\u00e9rieurs, \u00e9crits ou verbaux, entre l&rsquo;acheteur et I.L. INDUSTRIA DI LEIVI.<\/p><p>Si l&rsquo;une quelconque des dispositions suivantes est jug\u00e9e invalide ou inapplicable pour quelque raison que ce soit, la validit\u00e9 et l&rsquo;applicabilit\u00e9 des autres dispositions de la garantie n&rsquo;en seront pas affect\u00e9es.<\/p><p>Toute notification de l&rsquo;acheteur doit \u00eatre adress\u00e9e \u00e0 I.L. INDUSTRIA DI LEIVI, Via Gazzo 1 \u2013 16040 Leivi (GE), ITALIE.<\/p><p><b>GARANTIE<\/b><\/p><p>Les produits I.L. INDUSTRIA DI LEIVI sont garantis deux ans \u00e0 compter de la date indiqu\u00e9e sur le bon de vente. En cas de remplacement ou de r\u00e9paration sous garantie, la p\u00e9riode de garantie du produit neuf ou r\u00e9par\u00e9 expire \u00e0 la date d&rsquo;expiration de la garantie du produit d&rsquo;origine.<\/p><p>Si I.L. INDUSTRIA DI LEIVI constate un d\u00e9faut apparent ou une non-conformit\u00e9 du produit, toute indemnisation, qu&rsquo;elle soit directe, indirecte ou punitive, est exclue.<\/p><p>Les frais de main-d&rsquo;\u0153uvre et autres frais li\u00e9s au d\u00e9montage et au remontage des produits remplac\u00e9s sont \u00e9galement exclus, de m\u00eame que les composants non fabriqu\u00e9s par I.L. INDUSTRIA DI LEIVI, m\u00eame s&rsquo;ils sont garantis par d&rsquo;autres fabricants.<\/p><p>En cas de d\u00e9faut de fabrication, de conception ou de mat\u00e9riau, I.L. INDUSTRIA DI LEIVI r\u00e9parera ou remplacera, \u00e0 sa discr\u00e9tion, toute pi\u00e8ce d\u00e9fectueuse fournie par le client.<\/p><p>Les frais d&rsquo;exp\u00e9dition des articles remplac\u00e9s ou r\u00e9par\u00e9s dans le cadre de cette garantie sont \u00e0 la charge d&rsquo;I.L. INDUSTRIA DI LEIVI.<\/p><p>Si l&rsquo;article retourn\u00e9 n&rsquo;est pas d\u00e9fectueux en raison de probl\u00e8mes de mat\u00e9riaux, de conception ou de fabrication, I.L. INDUSTRIA DI LEIVI ne traitera pas le retour.<\/p><p>\u00a0<\/p><p>Apr\u00e8s \u00e9valuation, I.L. INDUSTRIA DI LEIVI informera le client par \u00e9crit de l&rsquo;\u00e9tat du produit et des frais de r\u00e9paration si celui-ci n&rsquo;est pas couvert par la garantie.<\/p><p><strong>EXCLUSIONS DE GARANTIE<\/strong><\/p><p>Les produits ne sont pas retourn\u00e9s \u00e0 I.L. INDUSTRIA DI LEIVI pour permettre une v\u00e9rification directe des d\u00e9fauts et la possibilit\u00e9 de r\u00e9paration.<\/p><ul><li>Produits non identifiables par le biais du document de vente.<\/li><li>Produits dont la p\u00e9riode de garantie, identifi\u00e9e par le document de vente, exc\u00e8de les termes de la pr\u00e9sente garantie.<\/li><li>Produits endommag\u00e9s suite \u00e0 une s\u00e9lection, une installation ou une utilisation inappropri\u00e9e, non conforme aux sp\u00e9cifications indiqu\u00e9es sur le sch\u00e9ma.<\/li><li>Produits endommag\u00e9s suite \u00e0 une utilisation inappropri\u00e9e, aux intemp\u00e9ries, \u00e0 un manque d&rsquo;entretien, \u00e0 des accidents, \u00e0 des incendies ou \u00e0 d&rsquo;autres \u00e9v\u00e9nements exceptionnels non imputables au produit.<\/li><li>Produits install\u00e9s avec des composants inadapt\u00e9s.<\/li><\/ul><p>Veuillez noter que la pr\u00e9sente garantie ne couvre pas les frais li\u00e9s au d\u00e9montage et au remontage du produit, \u00e0 l&rsquo;entretien courant, ni le paiement des dommages directs ou indirects, de quelque nature que ce soit. Le client est responsable du choix et de la bonne utilisation du produit command\u00e9.<\/p><p><b>DROIT APPLICABLE ET JURIDICTION<\/b><\/p><p>Le Code civil italien est applicable et, en cas de litige, le tribunal comp\u00e9tent est le tribunal de G\u00eanes.<\/p><p><b>REMARQUES<\/b><\/p><p>Les descriptions et images figurant dans le catalogue, sur le site web et dans les autres documents d&rsquo;information sont fournies \u00e0 titre indicatif uniquement. Toute reproduction, partielle ou totale, est interdite. Pour plus d&rsquo;informations, veuillez contacter notre service technique. I.L. INDUSTRIA DI LEIVI se r\u00e9serve le droit de modifier ses produits \u00e0 tout moment et sans pr\u00e9avis.<\/p><p><b>CONDITIONS G\u00c9N\u00c9RALES DE VENTE \u2013 COMMANDES<\/b><\/p><p>Toute commande pass\u00e9e aupr\u00e8s de I.L. INDUSTRIA DI LEIVI implique l\u2019acceptation pleine et enti\u00e8re des pr\u00e9sentes conditions g\u00e9n\u00e9rales de vente et doit \u00eatre formul\u00e9e par \u00e9crit.<\/p><p>I.L. INDUSTRIA DI LEIVI se r\u00e9serve le droit de modifier les pr\u00e9sentes conditions g\u00e9n\u00e9rales de vente \u00e0 tout moment, en informant les clients titulaires d&rsquo;un contrat de vente en vigueur.<\/p><p>Le contrat de vente est r\u00e9put\u00e9 conclu d\u00e8s l&rsquo;envoi par I.L. INDUSTRIA DI LEIVI de la confirmation de commande, laquelle reprend l&rsquo;int\u00e9gralit\u00e9 des conditions de la transaction. Si la confirmation de commande n&rsquo;est pas retourn\u00e9e \u00e0 I.L. INDUSTRIA DI LEIVI par le client, accompagn\u00e9e de commentaires, dans un d\u00e9lai de 3 jours suivant sa r\u00e9ception, elle sera consid\u00e9r\u00e9e comme d\u00e9finitivement accept\u00e9e dans son int\u00e9gralit\u00e9.<\/p><p><b>LIVRAISON<\/b><\/p><p>La date de livraison indiqu\u00e9e dans la confirmation de commande est indicative et d\u00e9pend de l&rsquo;approvisionnement en mati\u00e8res premi\u00e8res et d&rsquo;autres cas de force majeure. Tout retard de livraison ne saurait donner lieu \u00e0 des demandes de dommages et int\u00e9r\u00eats.<\/p><p><b>TRANSPORT<\/b><\/p><p>Les marchandises voyagent aux risques et p\u00e9rils du client, m\u00eame en cas de livraison gratuite. En cas de perte ou d&rsquo;avarie des marchandises, le client doit accepter la livraison sous r\u00e9serve de modifications, en l&rsquo;indiquant sur le document de transport, qui devra \u00eatre sign\u00e9 par le transporteur. Toute r\u00e9clamation doit \u00eatre notifi\u00e9e par \u00e9crit au transporteur et, \u00e0 titre d&rsquo;information, \u00e0 I.L. INDUSTRIA DI LEIVI. INDUSTRIA DI LEIVI dispose de 3 jours \u00e0 compter de la r\u00e9ception de la marchandise pour effectuer toute r\u00e9clamation.<\/p><p><b>PRIX DE VENTE<\/b><\/p><p>I.L. INDUSTRIA DI LEIVI se r\u00e9serve le droit de modifier les prix affich\u00e9s. La confirmation de commande envoy\u00e9e au client indique le prix final, qui, sauf contestation, sera consid\u00e9r\u00e9 comme accept\u00e9.<\/p><p><b>MODALIT\u00c9S DE PAIEMENT<\/b><\/p><p>La confirmation de commande pr\u00e9cise les modalit\u00e9s de paiement. En cas de retard de paiement, des int\u00e9r\u00eats de retard seront automatiquement appliqu\u00e9s conform\u00e9ment \u00e0 la loi. En cas de non-paiement, m\u00eame pour des commandes ant\u00e9rieures, le traitement des commandes en cours sera suspendu. La propri\u00e9t\u00e9 des marchandises reste r\u00e9serv\u00e9e conform\u00e9ment \u00e0 l&rsquo;article 1523 du Code civil italien.<\/p><p><b>R\u00c9CLAMATIONS<\/b><\/p><p>Toute r\u00e9clamation relative \u00e0 des d\u00e9fauts apparents ou \u00e0 des non-conformit\u00e9s doit \u00eatre signal\u00e9e \u00e0 I.L. INDUSTRIA DI LEIVI dans les 7 jours suivant la r\u00e9ception de la marchandise\u00a0; en cas de vice cach\u00e9, le d\u00e9lai court \u00e0 compter de la date de d\u00e9couverte prouv\u00e9e. Le client doit fournir une information \u00e9crite concernant les d\u00e9fauts ou non-conformit\u00e9s constat\u00e9s. Les retours de marchandise sans autorisation \u00e9crite d&rsquo;I.L. INDUSTRIA DI LEIVI ne seront pas accept\u00e9s. Les articles d\u00e9fectueux doivent \u00eatre exp\u00e9di\u00e9s aux risques et frais du client.<\/p>\t\t\t\t\t\t\t\t<\/div>\n\t\t\t\t\t<\/div>\n\t\t\t\t<\/div>\n\t\t<div data-dce-background-color=\"#C71928\" class=\"elementor-element elementor-element-cedf9df e-flex e-con-boxed e-con e-parent\" data-id=\"cedf9df\" data-element_type=\"container\" data-e-type=\"container\" data-settings=\"{&quot;background_background&quot;:&quot;gradient&quot;}\">\n\t\t\t\t\t<div class=\"e-con-inner\">\n\t\t<div class=\"elementor-element elementor-element-887fab3 e-flex e-con-boxed e-con e-child\" data-id=\"887fab3\" data-element_type=\"container\" data-e-type=\"container\">\n\t\t\t\t\t<div class=\"e-con-inner\">\n\t\t<div class=\"elementor-element elementor-element-3df4c02 e-con-full e-flex e-con e-child\" data-id=\"3df4c02\" data-element_type=\"container\" data-e-type=\"container\">\n\t\t\t\t<div data-dce-title-color=\"#FBFBFB\" class=\"elementor-element elementor-element-5d5b095 animated-slow elementor-invisible elementor-widget elementor-widget-heading\" data-id=\"5d5b095\" data-element_type=\"widget\" data-e-type=\"widget\" data-settings=\"{&quot;_animation&quot;:&quot;slideInUp&quot;}\" data-widget_type=\"heading.default\">\n\t\t\t\t\t<h2 class=\"elementor-heading-title elementor-size-default\">Suivez iltec<\/h2>\t\t\t\t<\/div>\n\t\t\t\t<div class=\"elementor-element elementor-element-4f531ea elementor-widget elementor-widget-text-editor\" data-id=\"4f531ea\" data-element_type=\"widget\" data-e-type=\"widget\" data-widget_type=\"text-editor.default\">\n\t\t\t\t\t\t\t\t\t<div>pour rester inform\u00e9 de notre actualit\u00e9<\/div>\t\t\t\t\t\t\t\t<\/div>\n\t\t\t\t<div class=\"elementor-element elementor-element-aa81cf5 elementor-shape-circle elementor-grid-0 e-grid-align-center elementor-widget elementor-widget-social-icons\" data-id=\"aa81cf5\" data-element_type=\"widget\" data-e-type=\"widget\" data-widget_type=\"social-icons.default\">\n\t\t\t\t\t\t\t<div class=\"elementor-social-icons-wrapper elementor-grid\" role=\"list\">\n\t\t\t\t\t\t\t<span class=\"elementor-grid-item\" role=\"listitem\">\n\t\t\t\t\t<a class=\"elementor-icon elementor-social-icon elementor-social-icon-instagram elementor-animation-pulse elementor-repeater-item-e6ae485\" href=\"https:\/\/www.instagram.com\/iltec_bottling_technology\/\" target=\"_blank\" rel=\"noopener\">\n\t\t\t\t\t\t<span class=\"elementor-screen-only\">Instagram<\/span>\n\t\t\t\t\t\t<svg aria-hidden=\"true\" class=\"e-font-icon-svg e-fab-instagram\" viewBox=\"0 0 448 512\" xmlns=\"http:\/\/www.w3.org\/2000\/svg\"><path d=\"M224.1 141c-63.6 0-114.9 51.3-114.9 114.9s51.3 114.9 114.9 114.9S339 319.5 339 255.9 287.7 141 224.1 141zm0 189.6c-41.1 0-74.7-33.5-74.7-74.7s33.5-74.7 74.7-74.7 74.7 33.5 74.7 74.7-33.6 74.7-74.7 74.7zm146.4-194.3c0 14.9-12 26.8-26.8 26.8-14.9 0-26.8-12-26.8-26.8s12-26.8 26.8-26.8 26.8 12 26.8 26.8zm76.1 27.2c-1.7-35.9-9.9-67.7-36.2-93.9-26.2-26.2-58-34.4-93.9-36.2-37-2.1-147.9-2.1-184.9 0-35.8 1.7-67.6 9.9-93.9 36.1s-34.4 58-36.2 93.9c-2.1 37-2.1 147.9 0 184.9 1.7 35.9 9.9 67.7 36.2 93.9s58 34.4 93.9 36.2c37 2.1 147.9 2.1 184.9 0 35.9-1.7 67.7-9.9 93.9-36.2 26.2-26.2 34.4-58 36.2-93.9 2.1-37 2.1-147.8 0-184.8zM398.8 388c-7.8 19.6-22.9 34.7-42.6 42.6-29.5 11.7-99.5 9-132.1 9s-102.7 2.6-132.1-9c-19.6-7.8-34.7-22.9-42.6-42.6-11.7-29.5-9-99.5-9-132.1s-2.6-102.7 9-132.1c7.8-19.6 22.9-34.7 42.6-42.6 29.5-11.7 99.5-9 132.1-9s102.7-2.6 132.1 9c19.6 7.8 34.7 22.9 42.6 42.6 11.7 29.5 9 99.5 9 132.1s2.7 102.7-9 132.1z\"><\/path><\/svg>\t\t\t\t\t<\/a>\n\t\t\t\t<\/span>\n\t\t\t\t\t\t\t<span class=\"elementor-grid-item\" role=\"listitem\">\n\t\t\t\t\t<a class=\"elementor-icon elementor-social-icon elementor-social-icon-youtube elementor-animation-pulse elementor-repeater-item-168e052\" href=\"https:\/\/www.youtube.com\/channel\/UCXcMhTKfqvg-fNRwiyuYk2Q\" target=\"_blank\" rel=\"noopener\">\n\t\t\t\t\t\t<span class=\"elementor-screen-only\">Youtube<\/span>\n\t\t\t\t\t\t<svg aria-hidden=\"true\" class=\"e-font-icon-svg e-fab-youtube\" viewBox=\"0 0 576 512\" xmlns=\"http:\/\/www.w3.org\/2000\/svg\"><path d=\"M549.655 124.083c-6.281-23.65-24.787-42.276-48.284-48.597C458.781 64 288 64 288 64S117.22 64 74.629 75.486c-23.497 6.322-42.003 24.947-48.284 48.597-11.412 42.867-11.412 132.305-11.412 132.305s0 89.438 11.412 132.305c6.281 23.65 24.787 41.5 48.284 47.821C117.22 448 288 448 288 448s170.78 0 213.371-11.486c23.497-6.321 42.003-24.171 48.284-47.821 11.412-42.867 11.412-132.305 11.412-132.305s0-89.438-11.412-132.305zm-317.51 213.508V175.185l142.739 81.205-142.739 81.201z\"><\/path><\/svg>\t\t\t\t\t<\/a>\n\t\t\t\t<\/span>\n\t\t\t\t\t\t\t<span class=\"elementor-grid-item\" role=\"listitem\">\n\t\t\t\t\t<a class=\"elementor-icon elementor-social-icon elementor-social-icon-facebook elementor-animation-pulse elementor-repeater-item-17b287a\" href=\"https:\/\/www.facebook.com\/ILTEC.bottling.technology\" target=\"_blank\" rel=\"noopener\">\n\t\t\t\t\t\t<span class=\"elementor-screen-only\">Facebook<\/span>\n\t\t\t\t\t\t<svg aria-hidden=\"true\" class=\"e-font-icon-svg e-fab-facebook\" viewBox=\"0 0 512 512\" xmlns=\"http:\/\/www.w3.org\/2000\/svg\"><path d=\"M504 256C504 119 393 8 256 8S8 119 8 256c0 123.78 90.69 226.38 209.25 245V327.69h-63V256h63v-54.64c0-62.15 37-96.48 93.67-96.48 27.14 0 55.52 4.84 55.52 4.84v61h-31.28c-30.8 0-40.41 19.12-40.41 38.73V256h68.78l-11 71.69h-57.78V501C413.31 482.38 504 379.78 504 256z\"><\/path><\/svg>\t\t\t\t\t<\/a>\n\t\t\t\t<\/span>\n\t\t\t\t\t<\/div>\n\t\t\t\t\t\t<\/div>\n\t\t\t\t<\/div>\n\t\t\t\t\t<\/div>\n\t\t\t\t<\/div>\n\t\t\t\t\t<\/div>\n\t\t\t\t<\/div>\n\t\t\t\t<\/div>\n\t\t","protected":false},"excerpt":{"rendered":"<p>Conditions de garantie et de vente Les pr\u00e9sentes conditions g\u00e9n\u00e9rales de garantie et de vente constituent l&rsquo;int\u00e9gralit\u00e9 de l&rsquo;accord entre [&hellip;]<\/p>\n","protected":false},"author":1,"featured_media":0,"parent":0,"menu_order":0,"comment_status":"closed","ping_status":"closed","template":"elementor_header_footer","meta":{"_acf_changed":false,"site-sidebar-layout":"no-sidebar","site-content-layout":"","ast-site-content-layout":"full-width-container","site-content-style":"default","site-sidebar-style":"default","ast-global-header-display":"","ast-banner-title-visibility":"","ast-main-header-display":"","ast-hfb-above-header-display":"","ast-hfb-below-header-display":"","ast-hfb-mobile-header-display":"","site-post-title":"disabled","ast-breadcrumbs-content":"","ast-featured-img":"disabled","footer-sml-layout":"","ast-disable-related-posts":"","theme-transparent-header-meta":"default","adv-header-id-meta":"","stick-header-meta":"","header-above-stick-meta":"","header-main-stick-meta":"","header-below-stick-meta":"","astra-migrate-meta-layouts":"set","ast-page-background-enabled":"default","ast-page-background-meta":{"desktop":{"background-color":"var(--ast-global-color-5)","background-image":"","background-repeat":"repeat","background-position":"center center","background-size":"auto","background-attachment":"scroll","background-type":"","background-media":"","overlay-type":"","overlay-color":"","overlay-opacity":"","overlay-gradient":""},"tablet":{"background-color":"","background-image":"","background-repeat":"repeat","background-position":"center center","background-size":"auto","background-attachment":"scroll","background-type":"","background-media":"","overlay-type":"","overlay-color":"","overlay-opacity":"","overlay-gradient":""},"mobile":{"background-color":"","background-image":"","background-repeat":"repeat","background-position":"center center","background-size":"auto","background-attachment":"scroll","background-type":"","background-media":"","overlay-type":"","overlay-color":"","overlay-opacity":"","overlay-gradient":""}},"ast-content-background-meta":{"desktop":{"background-color":"var(--ast-global-color-4)","background-image":"","background-repeat":"repeat","background-position":"center center","background-size":"auto","background-attachment":"scroll","background-type":"","background-media":"","overlay-type":"","overlay-color":"","overlay-opacity":"","overlay-gradient":""},"tablet":{"background-color":"var(--ast-global-color-4)","background-image":"","background-repeat":"repeat","background-position":"center center","background-size":"auto","background-attachment":"scroll","background-type":"","background-media":"","overlay-type":"","overlay-color":"","overlay-opacity":"","overlay-gradient":""},"mobile":{"background-color":"var(--ast-global-color-4)","background-image":"","background-repeat":"repeat","background-position":"center center","background-size":"auto","background-attachment":"scroll","background-type":"","background-media":"","overlay-type":"","overlay-color":"","overlay-opacity":"","overlay-gradient":""}},"footnotes":""},"class_list":["post-14095","page","type-page","status-publish","hentry"],"acf":[],"_links":{"self":[{"href":"https:\/\/il-tec.com\/fr\/wp-json\/wp\/v2\/pages\/14095","targetHints":{"allow":["GET"]}}],"collection":[{"href":"https:\/\/il-tec.com\/fr\/wp-json\/wp\/v2\/pages"}],"about":[{"href":"https:\/\/il-tec.com\/fr\/wp-json\/wp\/v2\/types\/page"}],"author":[{"embeddable":true,"href":"https:\/\/il-tec.com\/fr\/wp-json\/wp\/v2\/users\/1"}],"replies":[{"embeddable":true,"href":"https:\/\/il-tec.com\/fr\/wp-json\/wp\/v2\/comments?post=14095"}],"version-history":[{"count":17,"href":"https:\/\/il-tec.com\/fr\/wp-json\/wp\/v2\/pages\/14095\/revisions"}],"predecessor-version":[{"id":14112,"href":"https:\/\/il-tec.com\/fr\/wp-json\/wp\/v2\/pages\/14095\/revisions\/14112"}],"wp:attachment":[{"href":"https:\/\/il-tec.com\/fr\/wp-json\/wp\/v2\/media?parent=14095"}],"curies":[{"name":"wp","href":"https:\/\/api.w.org\/{rel}","templated":true}]}}