{"id":13702,"date":"2025-06-10T12:52:40","date_gmt":"2025-06-10T12:52:40","guid":{"rendered":"https:\/\/il-tec.com\/?post_type=product&#038;p=13702"},"modified":"2026-02-21T15:25:11","modified_gmt":"2026-02-21T15:25:11","slug":"portafiltro-tre-cartucce-pro","status":"publish","type":"product","link":"https:\/\/il-tec.com\/es\/sistemas-de-filtracion\/portafiltro-tre-cartucce-pro\/","title":{"rendered":"Portafiltro triple (Pro)"},"content":{"rendered":"<p>Este filtro, equipado con tres cartuchos, es perfecto para quienes necesitan filtrar su producto antes del embotellado.<\/p>\n<p>El portafiltro triple est\u00e1 fabricado en pl\u00e1stico de grado alimenticio y vidrio borosilicato (Pyrex). Puede alojar hasta tres cartuchos de pl\u00e1stico o acero inoxidable y cuenta con un pr\u00e1ctico bypass superior para eliminar burbujas de aire y acelerar el arranque de la m\u00e1quina.<\/p>\n<p>En combinaci\u00f3n con Ultrafiller 2 y 4, permite filtrar y embotellar en un solo paso, evitando trasvases.<br \/>\nLos cartuchos pueden seleccionarse con diferentes porosidades para lograr desde una filtraci\u00f3n ligera \u2014\u00fatil para eliminar residuos provenientes de tuber\u00edas y dep\u00f3sitos\u2014 hasta una filtraci\u00f3n fina inferior a 1 micra.<\/p>\n<p>La amplia gama de cartuchos compatibles permite cubrir todos los l\u00edquidos, desde destilados premium hasta aceite de oliva extra virgen, cerveza, vino y mucho m\u00e1s.<\/p>\n<p>Los cartuchos est\u00e1n disponibles desde 0,45 \u00b5m hasta 50 \u00b5m.<br \/>\nEl tubo de succi\u00f3n es de 1\u201d.<\/p>\n<p>Dado que todos los cartuchos trabajan en paralelo, es importante que tengan la misma porosidad. Para lotes peque\u00f1os, se pueden utilizar uno o dos tapones para cerrar los alojamientos no utilizados, evitando as\u00ed el uso o la compra de tres cartuchos completos.<\/p>\n","protected":false},"excerpt":{"rendered":"<p>Este filtro, equipado con tres cartuchos, es perfecto para quienes necesitan filtrar su producto antes del embotellado.<\/p>\n","protected":false},"featured_media":13704,"template":"","meta":{"_acf_changed":false,"site-sidebar-layout":"default","site-content-layout":"","ast-site-content-layout":"default","site-content-style":"default","site-sidebar-style":"default","ast-global-header-display":"","ast-banner-title-visibility":"","ast-main-header-display":"","ast-hfb-above-header-display":"","ast-hfb-below-header-display":"","ast-hfb-mobile-header-display":"","site-post-title":"","ast-breadcrumbs-content":"","ast-featured-img":"","footer-sml-layout":"","ast-disable-related-posts":"","theme-transparent-header-meta":"default","adv-header-id-meta":"","stick-header-meta":"","header-above-stick-meta":"","header-main-stick-meta":"","header-below-stick-meta":"","astra-migrate-meta-layouts":"set","ast-page-background-enabled":"default","ast-page-background-meta":{"desktop":{"background-color":"var(--ast-global-color-5)","background-image":"","background-repeat":"repeat","background-position":"center center","background-size":"auto","background-attachment":"scroll","background-type":"","background-media":"","overlay-type":"","overlay-color":"","overlay-opacity":"","overlay-gradient":""},"tablet":{"background-color":"","background-image":"","background-repeat":"repeat","background-position":"center center","background-size":"auto","background-attachment":"scroll","background-type":"","background-media":"","overlay-type":"","overlay-color":"","overlay-opacity":"","overlay-gradient":""},"mobile":{"background-color":"","background-image":"","background-repeat":"repeat","background-position":"center center","background-size":"auto","background-attachment":"scroll","background-type":"","background-media":"","overlay-type":"","overlay-color":"","overlay-opacity":"","overlay-gradient":""}},"ast-content-background-meta":{"desktop":{"background-color":"var(--ast-global-color-4)","background-image":"","background-repeat":"repeat","background-position":"center center","background-size":"auto","background-attachment":"scroll","background-type":"","background-media":"","overlay-type":"","overlay-color":"","overlay-opacity":"","overlay-gradient":""},"tablet":{"background-color":"var(--ast-global-color-4)","background-image":"","background-repeat":"repeat","background-position":"center center","background-size":"auto","background-attachment":"scroll","background-type":"","background-media":"","overlay-type":"","overlay-color":"","overlay-opacity":"","overlay-gradient":""},"mobile":{"background-color":"var(--ast-global-color-4)","background-image":"","background-repeat":"repeat","background-position":"center center","background-size":"auto","background-attachment":"scroll","background-type":"","background-media":"","overlay-type":"","overlay-color":"","overlay-opacity":"","overlay-gradient":""}}},"product_brand":[],"product_cat":[486],"product_tag":[],"class_list":{"0":"post-13702","1":"product","2":"type-product","3":"status-publish","4":"has-post-thumbnail","6":"product_cat-sistemas-de-filtracion","7":"desktop-align-center","8":"tablet-align-left","9":"mobile-align-left","11":"first","12":"instock","13":"shipping-taxable","14":"product-type-simple"},"acf":[],"_links":{"self":[{"href":"https:\/\/il-tec.com\/es\/wp-json\/wp\/v2\/product\/13702","targetHints":{"allow":["GET"]}}],"collection":[{"href":"https:\/\/il-tec.com\/es\/wp-json\/wp\/v2\/product"}],"about":[{"href":"https:\/\/il-tec.com\/es\/wp-json\/wp\/v2\/types\/product"}],"wp:featuredmedia":[{"embeddable":true,"href":"https:\/\/il-tec.com\/es\/wp-json\/wp\/v2\/media\/13704"}],"wp:attachment":[{"href":"https:\/\/il-tec.com\/es\/wp-json\/wp\/v2\/media?parent=13702"}],"wp:term":[{"taxonomy":"product_brand","embeddable":true,"href":"https:\/\/il-tec.com\/es\/wp-json\/wp\/v2\/product_brand?post=13702"},{"taxonomy":"product_cat","embeddable":true,"href":"https:\/\/il-tec.com\/es\/wp-json\/wp\/v2\/product_cat?post=13702"},{"taxonomy":"product_tag","embeddable":true,"href":"https:\/\/il-tec.com\/es\/wp-json\/wp\/v2\/product_tag?post=13702"}],"curies":[{"name":"wp","href":"https:\/\/api.w.org\/{rel}","templated":true}]}}