{"id":13693,"date":"2025-07-02T16:30:36","date_gmt":"2025-07-02T16:30:36","guid":{"rendered":"https:\/\/il-tec.com\/?post_type=product&#038;p=13693"},"modified":"2026-03-06T20:18:28","modified_gmt":"2026-03-06T20:18:28","slug":"portafiltro-singolo-lite","status":"publish","type":"product","link":"https:\/\/il-tec.com\/es\/sistemas-de-filtracion\/portafiltro-singolo-lite\/","title":{"rendered":"Portafiltro simple (Lite)"},"content":{"rendered":"<p>Esta estaci\u00f3n de filtrado, equipada con un solo cartucho, es perfecta para quienes necesitan filtrar su producto mientras embotellan.<br \/>\nNuestro portafiltro simple \u2013 Lite est\u00e1 fabricado completamente en pl\u00e1stico de grado alimenticio. La carcasa transparente permite visualizar el paso del l\u00edquido. Aloja un cartucho de pl\u00e1stico y cuenta con un pr\u00e1ctico bypass superior que el usuario puede activar para eliminar posibles burbujas de aire y acelerar el arranque de la m\u00e1quina.<\/p>\n<p>En combinaci\u00f3n con Ultrafiller 1 \u2013 Lite, permite filtrar y embotellar en un solo paso, evitando trasvases.<\/p>\n<p>La amplia gama de cartuchos disponibles cubre todo tipo de l\u00edquidos, desde destilados premium hasta aceite de oliva extra virgen, cerveza, vino y mucho m\u00e1s. Pueden seleccionarse con diferentes porosidades, desde una filtraci\u00f3n ligera \u2014ideal para eliminar residuos de mangueras y tanques\u2014 hasta una filtraci\u00f3n fina inferior a 1 micra.<\/p>\n<p>Los cartuchos est\u00e1n disponibles desde 0,45 \u00b5m hasta 50 \u00b5m.<br \/>\nEl tubo de succi\u00f3n es de 3\/8\u201d.<\/p>\n","protected":false},"excerpt":{"rendered":"<p>Esta estaci\u00f3n de filtrado, equipada con un solo cartucho, es perfecta para quienes necesitan filtrar su producto mientras embotellan.<\/p>\n","protected":false},"featured_media":13694,"template":"","meta":{"_acf_changed":false,"site-sidebar-layout":"default","site-content-layout":"","ast-site-content-layout":"default","site-content-style":"default","site-sidebar-style":"default","ast-global-header-display":"","ast-banner-title-visibility":"","ast-main-header-display":"","ast-hfb-above-header-display":"","ast-hfb-below-header-display":"","ast-hfb-mobile-header-display":"","site-post-title":"","ast-breadcrumbs-content":"","ast-featured-img":"","footer-sml-layout":"","ast-disable-related-posts":"","theme-transparent-header-meta":"default","adv-header-id-meta":"","stick-header-meta":"","header-above-stick-meta":"","header-main-stick-meta":"","header-below-stick-meta":"","astra-migrate-meta-layouts":"set","ast-page-background-enabled":"default","ast-page-background-meta":{"desktop":{"background-color":"var(--ast-global-color-5)","background-image":"","background-repeat":"repeat","background-position":"center center","background-size":"auto","background-attachment":"scroll","background-type":"","background-media":"","overlay-type":"","overlay-color":"","overlay-opacity":"","overlay-gradient":""},"tablet":{"background-color":"","background-image":"","background-repeat":"repeat","background-position":"center center","background-size":"auto","background-attachment":"scroll","background-type":"","background-media":"","overlay-type":"","overlay-color":"","overlay-opacity":"","overlay-gradient":""},"mobile":{"background-color":"","background-image":"","background-repeat":"repeat","background-position":"center center","background-size":"auto","background-attachment":"scroll","background-type":"","background-media":"","overlay-type":"","overlay-color":"","overlay-opacity":"","overlay-gradient":""}},"ast-content-background-meta":{"desktop":{"background-color":"var(--ast-global-color-4)","background-image":"","background-repeat":"repeat","background-position":"center center","background-size":"auto","background-attachment":"scroll","background-type":"","background-media":"","overlay-type":"","overlay-color":"","overlay-opacity":"","overlay-gradient":""},"tablet":{"background-color":"var(--ast-global-color-4)","background-image":"","background-repeat":"repeat","background-position":"center center","background-size":"auto","background-attachment":"scroll","background-type":"","background-media":"","overlay-type":"","overlay-color":"","overlay-opacity":"","overlay-gradient":""},"mobile":{"background-color":"var(--ast-global-color-4)","background-image":"","background-repeat":"repeat","background-position":"center center","background-size":"auto","background-attachment":"scroll","background-type":"","background-media":"","overlay-type":"","overlay-color":"","overlay-opacity":"","overlay-gradient":""}}},"product_brand":[],"product_cat":[486],"product_tag":[],"class_list":{"0":"post-13693","1":"product","2":"type-product","3":"status-publish","4":"has-post-thumbnail","6":"product_cat-sistemas-de-filtracion","7":"desktop-align-center","8":"tablet-align-left","9":"mobile-align-left","11":"first","12":"instock","13":"shipping-taxable","14":"product-type-simple"},"acf":[],"_links":{"self":[{"href":"https:\/\/il-tec.com\/es\/wp-json\/wp\/v2\/product\/13693","targetHints":{"allow":["GET"]}}],"collection":[{"href":"https:\/\/il-tec.com\/es\/wp-json\/wp\/v2\/product"}],"about":[{"href":"https:\/\/il-tec.com\/es\/wp-json\/wp\/v2\/types\/product"}],"wp:featuredmedia":[{"embeddable":true,"href":"https:\/\/il-tec.com\/es\/wp-json\/wp\/v2\/media\/13694"}],"wp:attachment":[{"href":"https:\/\/il-tec.com\/es\/wp-json\/wp\/v2\/media?parent=13693"}],"wp:term":[{"taxonomy":"product_brand","embeddable":true,"href":"https:\/\/il-tec.com\/es\/wp-json\/wp\/v2\/product_brand?post=13693"},{"taxonomy":"product_cat","embeddable":true,"href":"https:\/\/il-tec.com\/es\/wp-json\/wp\/v2\/product_cat?post=13693"},{"taxonomy":"product_tag","embeddable":true,"href":"https:\/\/il-tec.com\/es\/wp-json\/wp\/v2\/product_tag?post=13693"}],"curies":[{"name":"wp","href":"https:\/\/api.w.org\/{rel}","templated":true}]}}