{"id":13673,"date":"2025-06-19T10:13:11","date_gmt":"2025-06-19T10:13:11","guid":{"rendered":"https:\/\/il-tec.com\/?post_type=product&#038;p=13673"},"modified":"2026-03-17T16:58:39","modified_gmt":"2026-03-17T16:58:39","slug":"taponadora-neumatica-y-electrica","status":"publish","type":"product","link":"https:\/\/il-tec.com\/es\/maquinas-taponadoras\/taponadora-neumatica-y-electrica\/","title":{"rendered":"Taponadora neum\u00e1tica y el\u00e9ctrica"},"content":{"rendered":"<p>Nuestras tapadoras est\u00e1n disponibles en versi\u00f3n el\u00e9ctrica y neum\u00e1tica, ambas confiables y f\u00e1ciles de usar. El modelo el\u00e9ctrico es ideal para peque\u00f1os negocios, mientras que el neum\u00e1tico ofrece mayor velocidad y durabilidad.<\/p>\n<p>Fabricadas en acero inoxidable y aluminio anodizado, garantizan una larga vida \u00fatil y no requieren mantenimiento.<\/p>\n<p>Se suministran con tres cabezales intercambiables: 26 mm y 29 mm para tapas corona, adem\u00e1s de un cabezal de regulaci\u00f3n compatible con tapones tipo T-cork y anti-relleno. Permiten tapar m\u00e1s de 300 botellas por hora sin esfuerzo. El mando bimanual garantiza la m\u00e1xima seguridad, mientras que el sistema de shaft collar permite ajustes r\u00e1pidos y precisos.<\/p>\n<p>Su bajo consumo, estructura estable y dimensiones compactas la convierten en una m\u00e1quina ideal para uso sobre mesa, sin necesidad de fijaciones. Las m\u00e1s de 100.000 pruebas de ciclo superadas garantizan su durabilidad a largo plazo.<\/p>\n","protected":false},"excerpt":{"rendered":"<p>Fabricadas en acero inoxidable y aluminio anodizado, garantizan una larga vida \u00fatil y no requieren mantenimiento.<\/p>\n","protected":false},"featured_media":13680,"template":"","meta":{"_acf_changed":false,"site-sidebar-layout":"default","site-content-layout":"","ast-site-content-layout":"default","site-content-style":"default","site-sidebar-style":"default","ast-global-header-display":"","ast-banner-title-visibility":"","ast-main-header-display":"","ast-hfb-above-header-display":"","ast-hfb-below-header-display":"","ast-hfb-mobile-header-display":"","site-post-title":"","ast-breadcrumbs-content":"","ast-featured-img":"","footer-sml-layout":"","ast-disable-related-posts":"","theme-transparent-header-meta":"default","adv-header-id-meta":"","stick-header-meta":"","header-above-stick-meta":"","header-main-stick-meta":"","header-below-stick-meta":"","astra-migrate-meta-layouts":"set","ast-page-background-enabled":"default","ast-page-background-meta":{"desktop":{"background-color":"var(--ast-global-color-5)","background-image":"","background-repeat":"repeat","background-position":"center center","background-size":"auto","background-attachment":"scroll","background-type":"","background-media":"","overlay-type":"","overlay-color":"","overlay-opacity":"","overlay-gradient":""},"tablet":{"background-color":"","background-image":"","background-repeat":"repeat","background-position":"center center","background-size":"auto","background-attachment":"scroll","background-type":"","background-media":"","overlay-type":"","overlay-color":"","overlay-opacity":"","overlay-gradient":""},"mobile":{"background-color":"","background-image":"","background-repeat":"repeat","background-position":"center center","background-size":"auto","background-attachment":"scroll","background-type":"","background-media":"","overlay-type":"","overlay-color":"","overlay-opacity":"","overlay-gradient":""}},"ast-content-background-meta":{"desktop":{"background-color":"var(--ast-global-color-4)","background-image":"","background-repeat":"repeat","background-position":"center center","background-size":"auto","background-attachment":"scroll","background-type":"","background-media":"","overlay-type":"","overlay-color":"","overlay-opacity":"","overlay-gradient":""},"tablet":{"background-color":"var(--ast-global-color-4)","background-image":"","background-repeat":"repeat","background-position":"center center","background-size":"auto","background-attachment":"scroll","background-type":"","background-media":"","overlay-type":"","overlay-color":"","overlay-opacity":"","overlay-gradient":""},"mobile":{"background-color":"var(--ast-global-color-4)","background-image":"","background-repeat":"repeat","background-position":"center center","background-size":"auto","background-attachment":"scroll","background-type":"","background-media":"","overlay-type":"","overlay-color":"","overlay-opacity":"","overlay-gradient":""}}},"product_brand":[],"product_cat":[483],"product_tag":[],"class_list":{"0":"post-13673","1":"product","2":"type-product","3":"status-publish","4":"has-post-thumbnail","6":"product_cat-maquinas-taponadoras","7":"desktop-align-center","8":"tablet-align-left","9":"mobile-align-left","11":"first","12":"instock","13":"shipping-taxable","14":"product-type-simple"},"acf":[],"_links":{"self":[{"href":"https:\/\/il-tec.com\/es\/wp-json\/wp\/v2\/product\/13673","targetHints":{"allow":["GET"]}}],"collection":[{"href":"https:\/\/il-tec.com\/es\/wp-json\/wp\/v2\/product"}],"about":[{"href":"https:\/\/il-tec.com\/es\/wp-json\/wp\/v2\/types\/product"}],"wp:featuredmedia":[{"embeddable":true,"href":"https:\/\/il-tec.com\/es\/wp-json\/wp\/v2\/media\/13680"}],"wp:attachment":[{"href":"https:\/\/il-tec.com\/es\/wp-json\/wp\/v2\/media?parent=13673"}],"wp:term":[{"taxonomy":"product_brand","embeddable":true,"href":"https:\/\/il-tec.com\/es\/wp-json\/wp\/v2\/product_brand?post=13673"},{"taxonomy":"product_cat","embeddable":true,"href":"https:\/\/il-tec.com\/es\/wp-json\/wp\/v2\/product_cat?post=13673"},{"taxonomy":"product_tag","embeddable":true,"href":"https:\/\/il-tec.com\/es\/wp-json\/wp\/v2\/product_tag?post=13673"}],"curies":[{"name":"wp","href":"https:\/\/api.w.org\/{rel}","templated":true}]}}