{"id":13645,"date":"2025-06-10T09:55:50","date_gmt":"2025-06-10T09:55:50","guid":{"rendered":"https:\/\/il-tec.com\/?post_type=product&#038;p=13645"},"modified":"2026-03-07T14:10:32","modified_gmt":"2026-03-07T14:10:32","slug":"ultragravity","status":"publish","type":"product","link":"https:\/\/il-tec.com\/es\/maquinas-embotelladoras\/ultragravity\/","title":{"rendered":"UltraGravity"},"content":{"rendered":"<p style=\"font-weight: 400;\">ULTRAGRAVITY es una embotelladora dise\u00f1ada para ofrecer un llenado preciso y confiable, siendo la mejor opci\u00f3n para procesos higi\u00e9nicos y eficientes.<br \/>\nEst\u00e1 fabricada completamente en acero inoxidable, lo que garantiza durabilidad y cumplimiento de los est\u00e1ndares m\u00e1s exigentes para aplicaciones alimentarias.<br \/>\nLa boquilla est\u00e1 hecha de acero AISI316 para m\u00e1xima resistencia a la corrosi\u00f3n, mientras que otros componentes utilizan AISI304 para mayor resistencia estructural y acabado brillante. El tanque de acero inoxidable y las mangueras de grado farmac\u00e9utico aseguran compatibilidad con distintos productos alimentarios, preservando la integridad del l\u00edquido durante el proceso.<br \/>\nUna tapa de plexigl\u00e1s sella el tanque, permitiendo supervisar el llenado en tiempo real para mayor control y comodidad.<\/p>\n<p style=\"font-weight: 400;\">La embotelladora est\u00e1 disponible en dos modelos:<\/p>\n<h2><strong>ULTRAGRAVITY <\/strong>electric<\/h2>\n<ul>\n<li>Sistema de flotador el\u00e9ctrico para un control preciso del nivel del l\u00edquido.<\/li>\n<li>Requiere una bomba externa para alimentar la m\u00e1quina.<\/li>\n<li>Ideal cuando el l\u00edquido no puede descender por gravedad desde un tanque elevado.<\/li>\n<\/ul>\n<h2><strong>ULTRAGRAVITY <b>mec\u00e1nica<\/b><\/strong><\/h2>\n<ul>\n<li>Sistema de flotador mec\u00e1nico, simple y confiable.<\/li>\n<li>Funciona conectada a un tanque ubicado a mayor altura, utilizando la gravedad para alimentar el sistema.<\/li>\n<li>Perfecta para instalaciones con dep\u00f3sitos elevados y soluciones de llenado sin consumo el\u00e9ctrico.<\/li>\n<\/ul>\n","protected":false},"excerpt":{"rendered":"<p>ULTRAGRAVITY es una embotelladora dise\u00f1ada para ofrecer un llenado preciso y confiable, siendo la mejor opci\u00f3n para procesos higi\u00e9nicos y eficientes.<\/p>\n","protected":false},"featured_media":13647,"template":"","meta":{"_acf_changed":false,"site-sidebar-layout":"default","site-content-layout":"","ast-site-content-layout":"default","site-content-style":"default","site-sidebar-style":"default","ast-global-header-display":"","ast-banner-title-visibility":"","ast-main-header-display":"","ast-hfb-above-header-display":"","ast-hfb-below-header-display":"","ast-hfb-mobile-header-display":"","site-post-title":"","ast-breadcrumbs-content":"","ast-featured-img":"","footer-sml-layout":"","ast-disable-related-posts":"","theme-transparent-header-meta":"default","adv-header-id-meta":"","stick-header-meta":"","header-above-stick-meta":"","header-main-stick-meta":"","header-below-stick-meta":"","astra-migrate-meta-layouts":"set","ast-page-background-enabled":"default","ast-page-background-meta":{"desktop":{"background-color":"var(--ast-global-color-5)","background-image":"","background-repeat":"repeat","background-position":"center center","background-size":"auto","background-attachment":"scroll","background-type":"","background-media":"","overlay-type":"","overlay-color":"","overlay-opacity":"","overlay-gradient":""},"tablet":{"background-color":"","background-image":"","background-repeat":"repeat","background-position":"center center","background-size":"auto","background-attachment":"scroll","background-type":"","background-media":"","overlay-type":"","overlay-color":"","overlay-opacity":"","overlay-gradient":""},"mobile":{"background-color":"","background-image":"","background-repeat":"repeat","background-position":"center center","background-size":"auto","background-attachment":"scroll","background-type":"","background-media":"","overlay-type":"","overlay-color":"","overlay-opacity":"","overlay-gradient":""}},"ast-content-background-meta":{"desktop":{"background-color":"var(--ast-global-color-4)","background-image":"","background-repeat":"repeat","background-position":"center center","background-size":"auto","background-attachment":"scroll","background-type":"","background-media":"","overlay-type":"","overlay-color":"","overlay-opacity":"","overlay-gradient":""},"tablet":{"background-color":"var(--ast-global-color-4)","background-image":"","background-repeat":"repeat","background-position":"center center","background-size":"auto","background-attachment":"scroll","background-type":"","background-media":"","overlay-type":"","overlay-color":"","overlay-opacity":"","overlay-gradient":""},"mobile":{"background-color":"var(--ast-global-color-4)","background-image":"","background-repeat":"repeat","background-position":"center center","background-size":"auto","background-attachment":"scroll","background-type":"","background-media":"","overlay-type":"","overlay-color":"","overlay-opacity":"","overlay-gradient":""}}},"product_brand":[],"product_cat":[485],"product_tag":[],"class_list":{"0":"post-13645","1":"product","2":"type-product","3":"status-publish","4":"has-post-thumbnail","6":"product_cat-maquinas-embotelladoras","7":"desktop-align-center","8":"tablet-align-left","9":"mobile-align-left","11":"first","12":"instock","13":"shipping-taxable","14":"product-type-simple"},"acf":[],"_links":{"self":[{"href":"https:\/\/il-tec.com\/es\/wp-json\/wp\/v2\/product\/13645","targetHints":{"allow":["GET"]}}],"collection":[{"href":"https:\/\/il-tec.com\/es\/wp-json\/wp\/v2\/product"}],"about":[{"href":"https:\/\/il-tec.com\/es\/wp-json\/wp\/v2\/types\/product"}],"wp:featuredmedia":[{"embeddable":true,"href":"https:\/\/il-tec.com\/es\/wp-json\/wp\/v2\/media\/13647"}],"wp:attachment":[{"href":"https:\/\/il-tec.com\/es\/wp-json\/wp\/v2\/media?parent=13645"}],"wp:term":[{"taxonomy":"product_brand","embeddable":true,"href":"https:\/\/il-tec.com\/es\/wp-json\/wp\/v2\/product_brand?post=13645"},{"taxonomy":"product_cat","embeddable":true,"href":"https:\/\/il-tec.com\/es\/wp-json\/wp\/v2\/product_cat?post=13645"},{"taxonomy":"product_tag","embeddable":true,"href":"https:\/\/il-tec.com\/es\/wp-json\/wp\/v2\/product_tag?post=13645"}],"curies":[{"name":"wp","href":"https:\/\/api.w.org\/{rel}","templated":true}]}}