{"id":13623,"date":"2025-06-10T09:00:23","date_gmt":"2025-06-10T09:00:23","guid":{"rendered":"https:\/\/il-tec.com\/?post_type=product&#038;p=13623"},"modified":"2026-03-07T14:23:38","modified_gmt":"2026-03-07T14:23:38","slug":"ultrabeer","status":"publish","type":"product","link":"https:\/\/il-tec.com\/es\/maquinas-embotelladoras\/ultrabeer\/","title":{"rendered":"UltraBeer"},"content":{"rendered":"<p><b>UltraBeer \u201ctodo en uno\u201d<\/b><\/p>\n<p><strong>La embotelladora de cerveza ULTRABEER<\/strong> est\u00e1 fabricada completamente en acero inoxidable y equipada con una boquilla de llenado de alta eficiencia y precisi\u00f3n.<\/p>\n<p>Al colocar la botella debajo de la boquilla, el l\u00edquido es aspirado mediante vac\u00edo directamente desde el tanque de fermentaci\u00f3n, sin contacto con bombas ni componentes mec\u00e1nicos.<\/p>\n<p><strong>ULTRABEER<\/strong> incluye una jeringa profesional auto-recargable para el llenado y un dep\u00f3sito de vidrio dedicado a la soluci\u00f3n de priming, lo que permite una dosificaci\u00f3n pr\u00e1ctica y confiable.<\/p>\n<p>Adem\u00e1s de embotelladora, <strong>ULTRABEER all in one tambi\u00e9n funciona como tapadora de botellas<\/strong>, incorporando un m\u00f3dulo para colocar la tapa de forma r\u00e1pida y sencilla. Un sistema de palancas garantiza un cierre perfecto con el m\u00ednimo esfuerzo.<\/p>\n","protected":false},"excerpt":{"rendered":"<p><strong>La embotelladora de cerveza ULTRABEER<\/strong> est\u00e1 fabricada completamente en acero inoxidable y equipada con una boquilla de llenado de alta eficiencia y precisi\u00f3n<\/p>\n","protected":false},"featured_media":13628,"template":"","meta":{"_acf_changed":false,"site-sidebar-layout":"default","site-content-layout":"","ast-site-content-layout":"default","site-content-style":"default","site-sidebar-style":"default","ast-global-header-display":"","ast-banner-title-visibility":"","ast-main-header-display":"","ast-hfb-above-header-display":"","ast-hfb-below-header-display":"","ast-hfb-mobile-header-display":"","site-post-title":"","ast-breadcrumbs-content":"","ast-featured-img":"","footer-sml-layout":"","ast-disable-related-posts":"","theme-transparent-header-meta":"default","adv-header-id-meta":"","stick-header-meta":"","header-above-stick-meta":"","header-main-stick-meta":"","header-below-stick-meta":"","astra-migrate-meta-layouts":"set","ast-page-background-enabled":"default","ast-page-background-meta":{"desktop":{"background-color":"var(--ast-global-color-5)","background-image":"","background-repeat":"repeat","background-position":"center center","background-size":"auto","background-attachment":"scroll","background-type":"","background-media":"","overlay-type":"","overlay-color":"","overlay-opacity":"","overlay-gradient":""},"tablet":{"background-color":"","background-image":"","background-repeat":"repeat","background-position":"center center","background-size":"auto","background-attachment":"scroll","background-type":"","background-media":"","overlay-type":"","overlay-color":"","overlay-opacity":"","overlay-gradient":""},"mobile":{"background-color":"","background-image":"","background-repeat":"repeat","background-position":"center center","background-size":"auto","background-attachment":"scroll","background-type":"","background-media":"","overlay-type":"","overlay-color":"","overlay-opacity":"","overlay-gradient":""}},"ast-content-background-meta":{"desktop":{"background-color":"var(--ast-global-color-4)","background-image":"","background-repeat":"repeat","background-position":"center center","background-size":"auto","background-attachment":"scroll","background-type":"","background-media":"","overlay-type":"","overlay-color":"","overlay-opacity":"","overlay-gradient":""},"tablet":{"background-color":"var(--ast-global-color-4)","background-image":"","background-repeat":"repeat","background-position":"center center","background-size":"auto","background-attachment":"scroll","background-type":"","background-media":"","overlay-type":"","overlay-color":"","overlay-opacity":"","overlay-gradient":""},"mobile":{"background-color":"var(--ast-global-color-4)","background-image":"","background-repeat":"repeat","background-position":"center center","background-size":"auto","background-attachment":"scroll","background-type":"","background-media":"","overlay-type":"","overlay-color":"","overlay-opacity":"","overlay-gradient":""}}},"product_brand":[],"product_cat":[485],"product_tag":[],"class_list":{"0":"post-13623","1":"product","2":"type-product","3":"status-publish","4":"has-post-thumbnail","6":"product_cat-maquinas-embotelladoras","7":"desktop-align-center","8":"tablet-align-left","9":"mobile-align-left","11":"first","12":"instock","13":"shipping-taxable","14":"product-type-simple"},"acf":[],"_links":{"self":[{"href":"https:\/\/il-tec.com\/es\/wp-json\/wp\/v2\/product\/13623","targetHints":{"allow":["GET"]}}],"collection":[{"href":"https:\/\/il-tec.com\/es\/wp-json\/wp\/v2\/product"}],"about":[{"href":"https:\/\/il-tec.com\/es\/wp-json\/wp\/v2\/types\/product"}],"wp:featuredmedia":[{"embeddable":true,"href":"https:\/\/il-tec.com\/es\/wp-json\/wp\/v2\/media\/13628"}],"wp:attachment":[{"href":"https:\/\/il-tec.com\/es\/wp-json\/wp\/v2\/media?parent=13623"}],"wp:term":[{"taxonomy":"product_brand","embeddable":true,"href":"https:\/\/il-tec.com\/es\/wp-json\/wp\/v2\/product_brand?post=13623"},{"taxonomy":"product_cat","embeddable":true,"href":"https:\/\/il-tec.com\/es\/wp-json\/wp\/v2\/product_cat?post=13623"},{"taxonomy":"product_tag","embeddable":true,"href":"https:\/\/il-tec.com\/es\/wp-json\/wp\/v2\/product_tag?post=13623"}],"curies":[{"name":"wp","href":"https:\/\/api.w.org\/{rel}","templated":true}]}}