{"id":13588,"date":"2025-05-30T15:13:17","date_gmt":"2025-05-30T15:13:17","guid":{"rendered":"https:\/\/il-tec.com\/sin%20categor\u00eda\/ultrafiller\/"},"modified":"2026-03-09T14:51:54","modified_gmt":"2026-03-09T14:51:54","slug":"ultrafiller","status":"publish","type":"product","link":"https:\/\/il-tec.com\/es\/maquinas-embotelladoras\/ultrafiller\/","title":{"rendered":"Ultrafiller 1 Pro"},"content":{"rendered":"<p><strong>La embotelladora Ultrafiller<\/strong> est\u00e1 fabricada completamente en acero inoxidable, equipada con un dep\u00f3sito de PYREX y boquillas de llenado de acero inoxidable de alta eficiencia y precisi\u00f3n.<\/p>\n<p>Ultrafiller <strong>es una m\u00e1quina profesional para el embotellado de vino<\/strong>, perfecta tambi\u00e9n para<strong> l\u00edquidos como aceite, licores y perfumes.<\/strong><\/p>\n<p>Al colocar la botella debajo de <strong>la llenadora ULTRAFILLER 1<\/strong>, el l\u00edquido es aspirado por el vac\u00edo generado en su interior, sin contacto con bombas ni componentes mec\u00e1nicos.<\/p>\n<p>La boquilla puede retirarse para facilitar el proceso de llenado.<\/p>\n","protected":false},"excerpt":{"rendered":"<p>Ultrafiller <strong>es una m\u00e1quina profesional para el embotellado de vino<\/strong>, perfecta tambi\u00e9n para<strong> l\u00edquidos como aceite, licores y perfumes.<\/strong><\/p>\n","protected":false},"featured_media":13590,"template":"","meta":{"_acf_changed":false,"site-sidebar-layout":"default","site-content-layout":"","ast-site-content-layout":"default","site-content-style":"default","site-sidebar-style":"default","ast-global-header-display":"","ast-banner-title-visibility":"","ast-main-header-display":"","ast-hfb-above-header-display":"","ast-hfb-below-header-display":"","ast-hfb-mobile-header-display":"","site-post-title":"","ast-breadcrumbs-content":"","ast-featured-img":"","footer-sml-layout":"","ast-disable-related-posts":"","theme-transparent-header-meta":"default","adv-header-id-meta":"","stick-header-meta":"","header-above-stick-meta":"","header-main-stick-meta":"","header-below-stick-meta":"","astra-migrate-meta-layouts":"set","ast-page-background-enabled":"default","ast-page-background-meta":{"desktop":{"background-color":"var(--ast-global-color-5)","background-image":"","background-repeat":"repeat","background-position":"center center","background-size":"auto","background-attachment":"scroll","background-type":"","background-media":"","overlay-type":"","overlay-color":"","overlay-opacity":"","overlay-gradient":""},"tablet":{"background-color":"","background-image":"","background-repeat":"repeat","background-position":"center center","background-size":"auto","background-attachment":"scroll","background-type":"","background-media":"","overlay-type":"","overlay-color":"","overlay-opacity":"","overlay-gradient":""},"mobile":{"background-color":"","background-image":"","background-repeat":"repeat","background-position":"center center","background-size":"auto","background-attachment":"scroll","background-type":"","background-media":"","overlay-type":"","overlay-color":"","overlay-opacity":"","overlay-gradient":""}},"ast-content-background-meta":{"desktop":{"background-color":"var(--ast-global-color-4)","background-image":"","background-repeat":"repeat","background-position":"center center","background-size":"auto","background-attachment":"scroll","background-type":"","background-media":"","overlay-type":"","overlay-color":"","overlay-opacity":"","overlay-gradient":""},"tablet":{"background-color":"var(--ast-global-color-4)","background-image":"","background-repeat":"repeat","background-position":"center center","background-size":"auto","background-attachment":"scroll","background-type":"","background-media":"","overlay-type":"","overlay-color":"","overlay-opacity":"","overlay-gradient":""},"mobile":{"background-color":"var(--ast-global-color-4)","background-image":"","background-repeat":"repeat","background-position":"center center","background-size":"auto","background-attachment":"scroll","background-type":"","background-media":"","overlay-type":"","overlay-color":"","overlay-opacity":"","overlay-gradient":""}}},"product_brand":[],"product_cat":[485],"product_tag":[],"class_list":{"0":"post-13588","1":"product","2":"type-product","3":"status-publish","4":"has-post-thumbnail","6":"product_cat-maquinas-embotelladoras","7":"desktop-align-center","8":"tablet-align-left","9":"mobile-align-left","11":"first","12":"instock","13":"shipping-taxable","14":"product-type-simple"},"acf":[],"_links":{"self":[{"href":"https:\/\/il-tec.com\/es\/wp-json\/wp\/v2\/product\/13588","targetHints":{"allow":["GET"]}}],"collection":[{"href":"https:\/\/il-tec.com\/es\/wp-json\/wp\/v2\/product"}],"about":[{"href":"https:\/\/il-tec.com\/es\/wp-json\/wp\/v2\/types\/product"}],"wp:featuredmedia":[{"embeddable":true,"href":"https:\/\/il-tec.com\/es\/wp-json\/wp\/v2\/media\/13590"}],"wp:attachment":[{"href":"https:\/\/il-tec.com\/es\/wp-json\/wp\/v2\/media?parent=13588"}],"wp:term":[{"taxonomy":"product_brand","embeddable":true,"href":"https:\/\/il-tec.com\/es\/wp-json\/wp\/v2\/product_brand?post=13588"},{"taxonomy":"product_cat","embeddable":true,"href":"https:\/\/il-tec.com\/es\/wp-json\/wp\/v2\/product_cat?post=13588"},{"taxonomy":"product_tag","embeddable":true,"href":"https:\/\/il-tec.com\/es\/wp-json\/wp\/v2\/product_tag?post=13588"}],"curies":[{"name":"wp","href":"https:\/\/api.w.org\/{rel}","templated":true}]}}