{"id":13576,"date":"2025-05-29T08:29:44","date_gmt":"2025-05-29T08:29:44","guid":{"rendered":"https:\/\/il-tec.com\/?post_type=product&#038;p=13576"},"modified":"2026-03-07T13:24:48","modified_gmt":"2026-03-07T13:24:48","slug":"ultrafiller-1-lite","status":"publish","type":"product","link":"https:\/\/il-tec.com\/es\/maquinas-embotelladoras\/ultrafiller-1-lite\/","title":{"rendered":"Ultrafiller 1 Lite"},"content":{"rendered":"<p><strong>Ultrafiller 1 lite<\/strong> es la nueva versi\u00f3n monotubo y compacta de la embotelladora Ultrafiller 1. El cuerpo de la m\u00e1quina est\u00e1 fabricado en pl\u00e1stico resistente, la boquilla de llenado es de acero inoxidable y el dep\u00f3sito es de pl\u00e1stico de grado alimenticio.<\/p>\n<p><strong>Ultrafiller 1 lite<\/strong> es una m\u00e1quina embotelladora de vino ideal tambi\u00e9n para otros l\u00edquidos como aceite, licores y perfumes.<\/p>\n<p>Al colocar la botella debajo de la <strong>llenadora Ultrafiller 1 lite<\/strong>, el l\u00edquido es aspirado mediante el vac\u00edo generado en su interior, sin contacto con bombas ni componentes mec\u00e1nicos.<\/p>\n<p>Tambi\u00e9n est\u00e1 disponible en la versi\u00f3n \u201cboquilla removible\u201d, que permite retirarla f\u00e1cilmente para un llenado m\u00e1s pr\u00e1ctico y eficiente.<\/p>\n","protected":false},"excerpt":{"rendered":"<p><strong>Ultrafiller 1 lite<\/strong> es una m\u00e1quina embotelladora de vino ideal tambi\u00e9n para otros l\u00edquidos como aceite, licores y perfumes.<\/p>\n","protected":false},"featured_media":13584,"template":"","meta":{"_acf_changed":false,"site-sidebar-layout":"default","site-content-layout":"","ast-site-content-layout":"default","site-content-style":"default","site-sidebar-style":"default","ast-global-header-display":"","ast-banner-title-visibility":"","ast-main-header-display":"","ast-hfb-above-header-display":"","ast-hfb-below-header-display":"","ast-hfb-mobile-header-display":"","site-post-title":"","ast-breadcrumbs-content":"","ast-featured-img":"","footer-sml-layout":"","ast-disable-related-posts":"","theme-transparent-header-meta":"default","adv-header-id-meta":"","stick-header-meta":"","header-above-stick-meta":"","header-main-stick-meta":"","header-below-stick-meta":"","astra-migrate-meta-layouts":"set","ast-page-background-enabled":"default","ast-page-background-meta":{"desktop":{"background-color":"var(--ast-global-color-5)","background-image":"","background-repeat":"repeat","background-position":"center center","background-size":"auto","background-attachment":"scroll","background-type":"","background-media":"","overlay-type":"","overlay-color":"","overlay-opacity":"","overlay-gradient":""},"tablet":{"background-color":"","background-image":"","background-repeat":"repeat","background-position":"center center","background-size":"auto","background-attachment":"scroll","background-type":"","background-media":"","overlay-type":"","overlay-color":"","overlay-opacity":"","overlay-gradient":""},"mobile":{"background-color":"","background-image":"","background-repeat":"repeat","background-position":"center center","background-size":"auto","background-attachment":"scroll","background-type":"","background-media":"","overlay-type":"","overlay-color":"","overlay-opacity":"","overlay-gradient":""}},"ast-content-background-meta":{"desktop":{"background-color":"var(--ast-global-color-4)","background-image":"","background-repeat":"repeat","background-position":"center center","background-size":"auto","background-attachment":"scroll","background-type":"","background-media":"","overlay-type":"","overlay-color":"","overlay-opacity":"","overlay-gradient":""},"tablet":{"background-color":"var(--ast-global-color-4)","background-image":"","background-repeat":"repeat","background-position":"center center","background-size":"auto","background-attachment":"scroll","background-type":"","background-media":"","overlay-type":"","overlay-color":"","overlay-opacity":"","overlay-gradient":""},"mobile":{"background-color":"var(--ast-global-color-4)","background-image":"","background-repeat":"repeat","background-position":"center center","background-size":"auto","background-attachment":"scroll","background-type":"","background-media":"","overlay-type":"","overlay-color":"","overlay-opacity":"","overlay-gradient":""}}},"product_brand":[],"product_cat":[485],"product_tag":[],"class_list":{"0":"post-13576","1":"product","2":"type-product","3":"status-publish","4":"has-post-thumbnail","6":"product_cat-maquinas-embotelladoras","7":"desktop-align-center","8":"tablet-align-left","9":"mobile-align-left","11":"first","12":"instock","13":"shipping-taxable","14":"product-type-simple"},"acf":[],"_links":{"self":[{"href":"https:\/\/il-tec.com\/es\/wp-json\/wp\/v2\/product\/13576","targetHints":{"allow":["GET"]}}],"collection":[{"href":"https:\/\/il-tec.com\/es\/wp-json\/wp\/v2\/product"}],"about":[{"href":"https:\/\/il-tec.com\/es\/wp-json\/wp\/v2\/types\/product"}],"wp:featuredmedia":[{"embeddable":true,"href":"https:\/\/il-tec.com\/es\/wp-json\/wp\/v2\/media\/13584"}],"wp:attachment":[{"href":"https:\/\/il-tec.com\/es\/wp-json\/wp\/v2\/media?parent=13576"}],"wp:term":[{"taxonomy":"product_brand","embeddable":true,"href":"https:\/\/il-tec.com\/es\/wp-json\/wp\/v2\/product_brand?post=13576"},{"taxonomy":"product_cat","embeddable":true,"href":"https:\/\/il-tec.com\/es\/wp-json\/wp\/v2\/product_cat?post=13576"},{"taxonomy":"product_tag","embeddable":true,"href":"https:\/\/il-tec.com\/es\/wp-json\/wp\/v2\/product_tag?post=13576"}],"curies":[{"name":"wp","href":"https:\/\/api.w.org\/{rel}","templated":true}]}}