{"id":13917,"date":"2025-08-06T16:15:39","date_gmt":"2025-08-06T16:15:39","guid":{"rendered":"https:\/\/il-tec.com\/privacy\/"},"modified":"2026-02-26T14:26:05","modified_gmt":"2026-02-26T14:26:05","slug":"privacy","status":"publish","type":"page","link":"https:\/\/il-tec.com\/es\/privacy\/","title":{"rendered":"Privacy Policy"},"content":{"rendered":"\t\t<div data-elementor-type=\"wp-page\" data-elementor-id=\"13917\" class=\"elementor elementor-13917 elementor-12655\" data-elementor-post-type=\"page\">\n\t\t\t\t<div data-dce-background-overlay-color=\"#13379E\" class=\"elementor-element elementor-element-776b392c e-flex e-con-boxed e-con e-parent\" data-id=\"776b392c\" data-element_type=\"container\" data-e-type=\"container\" data-settings=\"{&quot;background_background&quot;:&quot;video&quot;,&quot;shape_divider_bottom&quot;:&quot;opacity-tilt&quot;,&quot;background_play_on_mobile&quot;:&quot;yes&quot;,&quot;background_video_start&quot;:0}\">\n\t\t\t\t\t<div class=\"e-con-inner\">\n\t\t\t\t<div class=\"elementor-shape elementor-shape-bottom\" aria-hidden=\"true\" data-negative=\"false\">\n\t\t\t<svg xmlns=\"http:\/\/www.w3.org\/2000\/svg\" viewBox=\"0 0 2600 131.1\" preserveAspectRatio=\"none\">\n\t<path class=\"elementor-shape-fill\" d=\"M0 0L2600 0 2600 69.1 0 0z\"\/>\n\t<path class=\"elementor-shape-fill\" style=\"opacity:0.5\" d=\"M0 0L2600 0 2600 69.1 0 69.1z\"\/>\n\t<path class=\"elementor-shape-fill\" style=\"opacity:0.25\" d=\"M2600 0L0 0 0 130.1 2600 69.1z\"\/>\n<\/svg>\t\t<\/div>\n\t\t\t\t<div data-dce-text-color=\"#C71928\" class=\"elementor-element elementor-element-44c42f4 elementor-widget elementor-widget-woocommerce-breadcrumb\" data-id=\"44c42f4\" data-element_type=\"widget\" data-e-type=\"widget\" data-widget_type=\"woocommerce-breadcrumb.default\">\n\t\t\t\t\t<nav class=\"woocommerce-breadcrumb\" aria-label=\"Breadcrumb\">Inicio<\/nav>\t\t\t\t<\/div>\n\t\t\t\t\t<\/div>\n\t\t\t\t<\/div>\n\t\t<div data-dce-background-color=\"#000000\" class=\"elementor-element elementor-element-50139496 e-flex e-con-boxed e-con e-parent\" data-id=\"50139496\" data-element_type=\"container\" data-e-type=\"container\" data-settings=\"{&quot;background_background&quot;:&quot;classic&quot;}\">\n\t\t\t\t\t<div class=\"e-con-inner\">\n\t\t\t\t<div class=\"elementor-element elementor-element-2d4fa705 elementor-widget elementor-widget-heading\" data-id=\"2d4fa705\" data-element_type=\"widget\" data-e-type=\"widget\" data-widget_type=\"heading.default\">\n\t\t\t\t\t<h1 class=\"elementor-heading-title elementor-size-default\">PriVACY POLICY<\/h1>\t\t\t\t<\/div>\n\t\t\t\t<div class=\"elementor-element elementor-element-43084952 elementor-widget elementor-widget-text-editor\" data-id=\"43084952\" data-element_type=\"widget\" data-e-type=\"widget\" data-widget_type=\"text-editor.default\">\n\t\t\t\t\t\t\t\t\t<p><b>Informaci\u00f3n sobre el Tratamiento de Datos Personales<\/b><\/p>\n<p>Estimado usuario, de conformidad con el art\u00edculo 13 del Reglamento (UE) 2016\/679 relativo a la protecci\u00f3n de las personas f\u00edsicas en lo que respecta al tratamiento de datos personales y a la libre circulaci\u00f3n de estos datos, la empresa Uflex S.r.l., en su calidad de responsable del tratamiento de los datos resultantes de la interacci\u00f3n con los servicios web accesibles electr\u00f3nicamente desde las direcciones https:\/\/ultraflexgroup.it\/ y https:\/\/industriadileivi.it\/, desea informarle sobre el tratamiento de sus datos personales y le invita a autorizar el tratamiento de los mismos para las finalidades descritas, otorgando su consentimiento voluntario y libre para el tratamiento de los mismos. Esta informaci\u00f3n se aplica \u00fanicamente al sitio web del responsable del tratamiento y no a otros sitios web a los que el usuario pueda acceder a trav\u00e9s de enlaces.<\/p>\n<p><b>1 \u2013 Responsable del Tratamiento<\/b><\/p>\n<p>I.L. Industria di Leivi s.r.l. (Representante Legal Sra. Marcella Gai)<\/p>\n<p>V\u00cdA GAZZO, 1<\/p>\n<p>16040 LEIVI (GE) \u2013 ITALIA<\/p>\n<p>TEL. +39 (0)185 35291<\/p>\n<p>Correo electr\u00f3nico: il@ultraflexgroup.it Correo electr\u00f3nico certificado dileivi@pec.it<\/p>\n<p><b>2 \u2013 M\u00e9todos de Tratamiento<\/b><\/p>\n<p>Sus datos ser\u00e1n tratados en la sede del Responsable del Tratamiento, de forma oral o escrita, mediante herramientas electr\u00f3nicas o en papel, en la forma y medida necesarias para alcanzar las finalidades establecidas, de conformidad con los principios establecidos en el art\u00edculo 5, apartado 1, del Reglamento (UE) 2016\/679, a saber:<\/p>\n<ul>\n<li>Licitud, lealtad y transparencia<br>Limitaci\u00f3n de la finalidad<\/li>\n<li>Minimizaci\u00f3n de los datos recopilados<br>Exactitud de los datos<\/li>\n<li>Limitaci\u00f3n de la conservaci\u00f3n<br>Integridad y confidencialidad<\/li>\n<li>Responsabilidad del Responsable del Tratamiento.<\/li>\n<\/ul>\n<p>El tratamiento realizado se refiere a los siguientes datos y finalidades:<\/p>\n<p>Datos de navegaci\u00f3n. Los sistemas inform\u00e1ticos y los procedimientos de software utilizados para el funcionamiento de este sitio web adquieren, durante su funcionamiento normal, algunos datos personales cuya transmisi\u00f3n est\u00e1 impl\u00edcita en el uso de los protocolos de comunicaci\u00f3n de Internet.<br>Esta informaci\u00f3n no se recopila para asociarla a interesados identificados, pero por su propia naturaleza podr\u00eda, mediante el tratamiento y la asociaci\u00f3n con datos en poder de terceros, permitir la identificaci\u00f3n de los usuarios.<br>Esta categor\u00eda de datos incluye las direcciones IP o los nombres de dominio de los ordenadores utilizados por los usuarios que se conectan al sitio, las direcciones URI (Identificador Uniforme de Recursos) de los recursos solicitados, la hora de la solicitud, el m\u00e9todo utilizado para enviar la solicitud al servidor, el tama\u00f1o del archivo obtenido en respuesta, el c\u00f3digo num\u00e9rico que indica el estado de la respuesta del servidor (correcta, error, etc.) y otros par\u00e1metros relacionados con el sistema operativo y el entorno inform\u00e1tico del usuario.<br>Estos datos se utilizan \u00fanicamente para obtener informaci\u00f3n estad\u00edstica an\u00f3nima sobre el uso del sitio, registrar el acceso al mismo y supervisar su correcto funcionamiento. Los datos podr\u00edan utilizarse para determinar la responsabilidad en caso de posibles delitos inform\u00e1ticos contra el sitio web. Salvo esta eventualidad, los datos de contacto web no se conservan actualmente durante m\u00e1s de siete d\u00edas.<\/p>\n<p>Los datos personales proporcionados voluntariamente por el usuario (p. ej., nombre, apellidos, correo electr\u00f3nico) se utilizan para atender una solicitud espec\u00edfica del usuario a trav\u00e9s de los servicios del sitio web. Proporcionar estos datos es opcional y voluntario, pero necesario para responder a la solicitud y para que el usuario reciba el servicio. El usuario puede proporcionar sus datos personales en los formularios de solicitud para solicitar el bolet\u00edn informativo, materiales informativos u otras comunicaciones comerciales. La falta de estos datos, o el suministro incompleto de los mismos, podr\u00eda imposibilitar la atenci\u00f3n de la solicitud.<\/p>\n<p>Los datos personales se tratan durante el tiempo estrictamente necesario para alcanzar los fines para los que fueron recopilados o, en cualquier caso, mientras se obtenga el consentimiento. El tratamiento ser\u00e1 realizado exclusivamente por empleados asignados y autorizados en el \u00e1mbito de sus respectivas funciones y de acuerdo con las instrucciones recibidas del Responsable del Tratamiento, siempre y exclusivamente para los fines establecidos anteriormente, con el fin de garantizar la seguridad, la confidencialidad y la protecci\u00f3n de sus derechos. Estos datos no se transferir\u00e1n a pa\u00edses no pertenecientes a la UE ni a organizaciones internacionales, ni se subcontratar\u00e1n a terceros. Los datos podr\u00e1n ser comunicados, dentro del \u00e1mbito de competencia de estos en el desempe\u00f1o de tareas por cuenta del Responsable del Tratamiento, a encargados del tratamiento externos, tanto p\u00fablicos como privados, personas f\u00edsicas o jur\u00eddicas.<\/p>\n<p>El tratamiento de datos no implica la toma de decisiones automatizada, incluida la elaboraci\u00f3n de perfiles.<\/p>\n<p>Los datos personales se tratan para la redacci\u00f3n y celebraci\u00f3n de contratos de compraventa, as\u00ed como para su ejecuci\u00f3n, incluyendo la realizaci\u00f3n de actividades t\u00e9cnico-operativas y administrativo-contables relacionadas con la actividad empresarial, en cumplimiento del contrato y de las obligaciones legales en materia fiscal. El suministro de datos es obligatorio para la ejecuci\u00f3n del contrato y de las obligaciones legales; de lo contrario, ser\u00e1 imposible prestar el servicio y cumplir correctamente con la normativa fiscal y administrativa aplicable.<br>El tratamiento ser\u00e1 realizado exclusivamente por empleados asignados y autorizados en el \u00e1mbito de sus respectivas funciones y de acuerdo con las instrucciones recibidas del Responsable del Tratamiento, siempre y \u00fanicamente para los fines descritos anteriormente, con el fin de garantizar la seguridad de los datos, la confidencialidad y la protecci\u00f3n de sus derechos.<\/p>\n<p>Los datos deber\u00e1n o podr\u00e1n ser comunicados, en el marco de su competencia espec\u00edfica en el desempe\u00f1o de tareas en nombre del Responsable del Tratamiento, a entidades p\u00fablicas y privadas externas al Responsable del Tratamiento, incluyendo proveedores, colaboradores, abogados, contables, asesores laborales, consultores en general, entidades de cr\u00e9dito, organismos p\u00fablicos y oficinas competentes, que est\u00e9n legitimadas para solicitarlos. Los datos tambi\u00e9n podr\u00e1n transferirse a pa\u00edses no pertenecientes a la UE o a organizaciones internacionales en caso de decisiones de adecuaci\u00f3n de la Comisi\u00f3n o, en cualquier caso, \u00fanicamente para los fines mencionados.<\/p>\n<p>Los datos se conservar\u00e1n durante toda la duraci\u00f3n de las relaciones establecidas y, en cualquier caso, durante un periodo no superior al necesario para alcanzar las finalidades mencionadas para las que se tratan. Los datos contables\/administrativos necesarios para fines fiscales (registros contables) se conservan, por ley (C\u00f3digo Civil), durante al menos 10 a\u00f1os a partir de la fecha de la \u00faltima entrada o hasta que concluyan las liquidaciones fiscales realizadas por las autoridades competentes en relaci\u00f3n con el per\u00edodo fiscal correspondiente al objeto de auditor\u00eda (art\u00edculo 22, apartado 2, del Decreto Presidencial n.\u00ba 600\/1973).<\/p>\n<p>El tratamiento de sus datos no implica la toma de decisiones automatizada, incluida la elaboraci\u00f3n de perfiles.<\/p>\n<p><strong style=\"font-style: inherit;\">3 \u2013 Derechos del interesado<\/strong><\/p>\n<p>El Reglamento le otorga, como interesado, el ejercicio de derechos espec\u00edficos, enumerados en los art\u00edculos 15 a 22. Por lo tanto, puede solicitar al responsable del tratamiento:<\/p>\n<p>acceso a los datos personales (art. 15): obtener confirmaci\u00f3n de si se est\u00e1n tratando o no datos personales que le conciernen y poder acceder a ellos;<\/p>\n<ul>\n<li><span style=\"font-size: 16px;\">Rectificaci\u00f3n de datos (Art\u00edculo 16): derecho a obtener la rectificaci\u00f3n de datos inexactos y a que se completen los datos incompletos;<br><\/span><\/li>\n<li><span style=\"font-size: 16px;\">Supresi\u00f3n de datos \u2013 \u00abderecho al olvido\u00bb (Art\u00edculo 17);<br><\/span><\/li>\n<li><span style=\"font-size: 16px;\">Limitaci\u00f3n del tratamiento (Art\u00edculo 18);<br><\/span><\/li>\n<li><span style=\"font-size: 16px;\">Portabilidad de datos (Art\u00edculo 20): derecho a recibir los datos facilitados al responsable del tratamiento y a transmitirlos a otro responsable del tratamiento sin impedimentos;<br><\/span><\/li>\n<li><span style=\"font-size: 16px;\">Oposici\u00f3n al tratamiento (Art\u00edculo 21);<br><\/span><\/li>\n<li><span style=\"font-size: 16px;\">No ser objeto de una decisi\u00f3n basada \u00fanicamente en el tratamiento automatizado que produzca efectos jur\u00eddicos en \u00e9l o le afecte significativamente (Art\u00edculo 22).<\/span><\/li>\n<\/ul>\n<p>Adem\u00e1s, tiene derecho a:<\/p>\n<p>presentar una reclamaci\u00f3n ante la Autoridad Italiana de Protecci\u00f3n de Datos;<br>retirar su consentimiento en cualquier momento, sin que ello afecte a la licitud del tratamiento realizado hasta ese momento (art\u00edculo 7, apartado 3). El derecho de revocaci\u00f3n no se aplica a los casos en que el tratamiento sea necesario para cumplir con una obligaci\u00f3n legal a la que est\u00e9 sujeto el responsable del tratamiento.<br>Puede ejercer los derechos mencionados en cualquier momento y de forma gratuita contactando con el responsable del tratamiento, I.L. Industria di Leivi s.r.l. (Representante legal: Sra. Marcella Gai)<\/p>\n<p>en las siguientes direcciones de correo electr\u00f3nico: il@ultraflexgroup.it o dileivi@pec.it<\/p>\n<p>En caso de una violaci\u00f3n de datos personales que pueda suponer un alto riesgo para sus derechos y libertades, se le notificar\u00e1 sin demora indebida, de conformidad con el art\u00edculo 34 del Reglamento.<\/p>\t\t\t\t\t\t\t\t<\/div>\n\t\t\t\t\t<\/div>\n\t\t\t\t<\/div>\n\t\t<div data-dce-background-color=\"#C71928\" class=\"elementor-element elementor-element-cedf9df e-flex e-con-boxed e-con e-parent\" data-id=\"cedf9df\" data-element_type=\"container\" data-e-type=\"container\" data-settings=\"{&quot;background_background&quot;:&quot;gradient&quot;}\">\n\t\t\t\t\t<div class=\"e-con-inner\">\n\t\t<div class=\"elementor-element elementor-element-887fab3 e-flex e-con-boxed e-con e-child\" data-id=\"887fab3\" data-element_type=\"container\" data-e-type=\"container\">\n\t\t\t\t\t<div class=\"e-con-inner\">\n\t\t<div class=\"elementor-element elementor-element-3df4c02 e-con-full e-flex e-con e-child\" data-id=\"3df4c02\" data-element_type=\"container\" data-e-type=\"container\">\n\t\t\t\t<div data-dce-title-color=\"#FBFBFB\" class=\"elementor-element elementor-element-5d5b095 animated-slow elementor-invisible elementor-widget elementor-widget-heading\" data-id=\"5d5b095\" data-element_type=\"widget\" data-e-type=\"widget\" data-settings=\"{&quot;_animation&quot;:&quot;slideInUp&quot;}\" data-widget_type=\"heading.default\">\n\t\t\t\t\t<h2 class=\"elementor-heading-title elementor-size-default\">Seguir a iltec<\/h2>\t\t\t\t<\/div>\n\t\t\t\t<div class=\"elementor-element elementor-element-4f531ea elementor-widget elementor-widget-text-editor\" data-id=\"4f531ea\" data-element_type=\"widget\" data-e-type=\"widget\" data-widget_type=\"text-editor.default\">\n\t\t\t\t\t\t\t\t\t<p>Para mantenerse actualizado sobre nuestras novedades<\/p>\t\t\t\t\t\t\t\t<\/div>\n\t\t\t\t<div class=\"elementor-element elementor-element-aa81cf5 elementor-shape-circle elementor-grid-0 e-grid-align-center elementor-widget elementor-widget-social-icons\" data-id=\"aa81cf5\" data-element_type=\"widget\" data-e-type=\"widget\" data-widget_type=\"social-icons.default\">\n\t\t\t\t\t\t\t<div class=\"elementor-social-icons-wrapper elementor-grid\" role=\"list\">\n\t\t\t\t\t\t\t<span class=\"elementor-grid-item\" role=\"listitem\">\n\t\t\t\t\t<a class=\"elementor-icon elementor-social-icon elementor-social-icon-instagram elementor-animation-pulse elementor-repeater-item-e6ae485\" href=\"https:\/\/www.instagram.com\/iltec_bottling_technology\/\" target=\"_blank\" rel=\"noopener\">\n\t\t\t\t\t\t<span class=\"elementor-screen-only\">Instagram<\/span>\n\t\t\t\t\t\t<svg aria-hidden=\"true\" class=\"e-font-icon-svg e-fab-instagram\" viewBox=\"0 0 448 512\" xmlns=\"http:\/\/www.w3.org\/2000\/svg\"><path d=\"M224.1 141c-63.6 0-114.9 51.3-114.9 114.9s51.3 114.9 114.9 114.9S339 319.5 339 255.9 287.7 141 224.1 141zm0 189.6c-41.1 0-74.7-33.5-74.7-74.7s33.5-74.7 74.7-74.7 74.7 33.5 74.7 74.7-33.6 74.7-74.7 74.7zm146.4-194.3c0 14.9-12 26.8-26.8 26.8-14.9 0-26.8-12-26.8-26.8s12-26.8 26.8-26.8 26.8 12 26.8 26.8zm76.1 27.2c-1.7-35.9-9.9-67.7-36.2-93.9-26.2-26.2-58-34.4-93.9-36.2-37-2.1-147.9-2.1-184.9 0-35.8 1.7-67.6 9.9-93.9 36.1s-34.4 58-36.2 93.9c-2.1 37-2.1 147.9 0 184.9 1.7 35.9 9.9 67.7 36.2 93.9s58 34.4 93.9 36.2c37 2.1 147.9 2.1 184.9 0 35.9-1.7 67.7-9.9 93.9-36.2 26.2-26.2 34.4-58 36.2-93.9 2.1-37 2.1-147.8 0-184.8zM398.8 388c-7.8 19.6-22.9 34.7-42.6 42.6-29.5 11.7-99.5 9-132.1 9s-102.7 2.6-132.1-9c-19.6-7.8-34.7-22.9-42.6-42.6-11.7-29.5-9-99.5-9-132.1s-2.6-102.7 9-132.1c7.8-19.6 22.9-34.7 42.6-42.6 29.5-11.7 99.5-9 132.1-9s102.7-2.6 132.1 9c19.6 7.8 34.7 22.9 42.6 42.6 11.7 29.5 9 99.5 9 132.1s2.7 102.7-9 132.1z\"><\/path><\/svg>\t\t\t\t\t<\/a>\n\t\t\t\t<\/span>\n\t\t\t\t\t\t\t<span class=\"elementor-grid-item\" role=\"listitem\">\n\t\t\t\t\t<a class=\"elementor-icon elementor-social-icon elementor-social-icon-youtube elementor-animation-pulse elementor-repeater-item-168e052\" href=\"https:\/\/www.youtube.com\/channel\/UCXcMhTKfqvg-fNRwiyuYk2Q\" target=\"_blank\" rel=\"noopener\">\n\t\t\t\t\t\t<span class=\"elementor-screen-only\">Youtube<\/span>\n\t\t\t\t\t\t<svg aria-hidden=\"true\" class=\"e-font-icon-svg e-fab-youtube\" viewBox=\"0 0 576 512\" xmlns=\"http:\/\/www.w3.org\/2000\/svg\"><path d=\"M549.655 124.083c-6.281-23.65-24.787-42.276-48.284-48.597C458.781 64 288 64 288 64S117.22 64 74.629 75.486c-23.497 6.322-42.003 24.947-48.284 48.597-11.412 42.867-11.412 132.305-11.412 132.305s0 89.438 11.412 132.305c6.281 23.65 24.787 41.5 48.284 47.821C117.22 448 288 448 288 448s170.78 0 213.371-11.486c23.497-6.321 42.003-24.171 48.284-47.821 11.412-42.867 11.412-132.305 11.412-132.305s0-89.438-11.412-132.305zm-317.51 213.508V175.185l142.739 81.205-142.739 81.201z\"><\/path><\/svg>\t\t\t\t\t<\/a>\n\t\t\t\t<\/span>\n\t\t\t\t\t\t\t<span class=\"elementor-grid-item\" role=\"listitem\">\n\t\t\t\t\t<a class=\"elementor-icon elementor-social-icon elementor-social-icon-facebook elementor-animation-pulse elementor-repeater-item-17b287a\" href=\"https:\/\/www.facebook.com\/ILTEC.bottling.technology\" target=\"_blank\" rel=\"noopener\">\n\t\t\t\t\t\t<span class=\"elementor-screen-only\">Facebook<\/span>\n\t\t\t\t\t\t<svg aria-hidden=\"true\" class=\"e-font-icon-svg e-fab-facebook\" viewBox=\"0 0 512 512\" xmlns=\"http:\/\/www.w3.org\/2000\/svg\"><path d=\"M504 256C504 119 393 8 256 8S8 119 8 256c0 123.78 90.69 226.38 209.25 245V327.69h-63V256h63v-54.64c0-62.15 37-96.48 93.67-96.48 27.14 0 55.52 4.84 55.52 4.84v61h-31.28c-30.8 0-40.41 19.12-40.41 38.73V256h68.78l-11 71.69h-57.78V501C413.31 482.38 504 379.78 504 256z\"><\/path><\/svg>\t\t\t\t\t<\/a>\n\t\t\t\t<\/span>\n\t\t\t\t\t<\/div>\n\t\t\t\t\t\t<\/div>\n\t\t\t\t<\/div>\n\t\t\t\t\t<\/div>\n\t\t\t\t<\/div>\n\t\t\t\t\t<\/div>\n\t\t\t\t<\/div>\n\t\t\t\t<\/div>\n\t\t","protected":false},"excerpt":{"rendered":"<p>PriVACY POLICY Informaci\u00f3n sobre el Tratamiento de Datos Personales Estimado usuario, de conformidad con el art\u00edculo 13 del Reglamento (UE) [&hellip;]<\/p>\n","protected":false},"author":1,"featured_media":0,"parent":0,"menu_order":0,"comment_status":"closed","ping_status":"closed","template":"elementor_header_footer","meta":{"_acf_changed":false,"site-sidebar-layout":"no-sidebar","site-content-layout":"","ast-site-content-layout":"full-width-container","site-content-style":"default","site-sidebar-style":"default","ast-global-header-display":"","ast-banner-title-visibility":"","ast-main-header-display":"","ast-hfb-above-header-display":"","ast-hfb-below-header-display":"","ast-hfb-mobile-header-display":"","site-post-title":"disabled","ast-breadcrumbs-content":"","ast-featured-img":"disabled","footer-sml-layout":"","ast-disable-related-posts":"","theme-transparent-header-meta":"default","adv-header-id-meta":"","stick-header-meta":"","header-above-stick-meta":"","header-main-stick-meta":"","header-below-stick-meta":"","astra-migrate-meta-layouts":"set","ast-page-background-enabled":"default","ast-page-background-meta":{"desktop":{"background-color":"var(--ast-global-color-5)","background-image":"","background-repeat":"repeat","background-position":"center center","background-size":"auto","background-attachment":"scroll","background-type":"","background-media":"","overlay-type":"","overlay-color":"","overlay-opacity":"","overlay-gradient":""},"tablet":{"background-color":"","background-image":"","background-repeat":"repeat","background-position":"center center","background-size":"auto","background-attachment":"scroll","background-type":"","background-media":"","overlay-type":"","overlay-color":"","overlay-opacity":"","overlay-gradient":""},"mobile":{"background-color":"","background-image":"","background-repeat":"repeat","background-position":"center center","background-size":"auto","background-attachment":"scroll","background-type":"","background-media":"","overlay-type":"","overlay-color":"","overlay-opacity":"","overlay-gradient":""}},"ast-content-background-meta":{"desktop":{"background-color":"var(--ast-global-color-4)","background-image":"","background-repeat":"repeat","background-position":"center center","background-size":"auto","background-attachment":"scroll","background-type":"","background-media":"","overlay-type":"","overlay-color":"","overlay-opacity":"","overlay-gradient":""},"tablet":{"background-color":"var(--ast-global-color-4)","background-image":"","background-repeat":"repeat","background-position":"center center","background-size":"auto","background-attachment":"scroll","background-type":"","background-media":"","overlay-type":"","overlay-color":"","overlay-opacity":"","overlay-gradient":""},"mobile":{"background-color":"var(--ast-global-color-4)","background-image":"","background-repeat":"repeat","background-position":"center center","background-size":"auto","background-attachment":"scroll","background-type":"","background-media":"","overlay-type":"","overlay-color":"","overlay-opacity":"","overlay-gradient":""}},"footnotes":""},"class_list":["post-13917","page","type-page","status-publish","hentry"],"acf":[],"_links":{"self":[{"href":"https:\/\/il-tec.com\/es\/wp-json\/wp\/v2\/pages\/13917","targetHints":{"allow":["GET"]}}],"collection":[{"href":"https:\/\/il-tec.com\/es\/wp-json\/wp\/v2\/pages"}],"about":[{"href":"https:\/\/il-tec.com\/es\/wp-json\/wp\/v2\/types\/page"}],"author":[{"embeddable":true,"href":"https:\/\/il-tec.com\/es\/wp-json\/wp\/v2\/users\/1"}],"replies":[{"embeddable":true,"href":"https:\/\/il-tec.com\/es\/wp-json\/wp\/v2\/comments?post=13917"}],"version-history":[{"count":29,"href":"https:\/\/il-tec.com\/es\/wp-json\/wp\/v2\/pages\/13917\/revisions"}],"predecessor-version":[{"id":13949,"href":"https:\/\/il-tec.com\/es\/wp-json\/wp\/v2\/pages\/13917\/revisions\/13949"}],"wp:attachment":[{"href":"https:\/\/il-tec.com\/es\/wp-json\/wp\/v2\/media?parent=13917"}],"curies":[{"name":"wp","href":"https:\/\/api.w.org\/{rel}","templated":true}]}}